{"id":9656,"date":"2017-05-24T00:00:19","date_gmt":"2017-05-24T04:00:19","guid":{"rendered":"http:\/\/irpp.org\/en-fr\/"},"modified":"2019-09-24T15:05:53","modified_gmt":"2019-09-24T19:05:53","slug":"trade","status":"publish","type":"page","link":"https:\/\/irpp.org\/fr\/recherche\/trade\/","title":{"rendered":"Redesigning Canadian Trade Policies for New Global Realities"},"content":{"rendered":"<p><strong>Sous la direction de Stephen Tapp, Ari Van Assche et Robert Wolfe<\/strong><br \/>\nTrente \u00e9minents experts \u2013 universitaires, chercheurs du gouvernement et autres sp\u00e9cialistes \u2013 d\u2019ici et d\u2019ailleurs analysent l\u2019incidence de l\u2019\u00e9volution des \u00e9changes commerciaux, des technologies, et du pouvoir \u00e9conomique et g\u00e9opolitique sur les politiques canadiennes.\u00a0L\u2019ouvrage est disponible dans le <a href=\"https:\/\/store.irpp.org\/products\/redesigning-canadian-trade-policies-for-new-global-realities\">magasin de l\u2019IRPP<\/a>. Plusieurs chapitres sont accessibles en ligne.<\/p>","protected":false},"excerpt":{"rendered":"<p>Sous la direction de Stephen Tapp, Ari Van Assche et Robert Wolfe Trente \u00e9minents experts \u2013 universitaires, chercheurs du gouvernement et autres sp\u00e9cialistes \u2013 d\u2019ici et d\u2019ailleurs analysent l\u2019incidence de l\u2019\u00e9volution des \u00e9changes commerciaux, des technologies, et du pouvoir \u00e9conomique et g\u00e9opolitique sur les politiques canadiennes.\u00a0L\u2019ouvrage est disponible dans le magasin de l\u2019IRPP. Plusieurs chapitres [&hellip;]<\/p>\n","protected":false},"author":1,"featured_media":12007,"parent":9148,"menu_order":0,"comment_status":"open","ping_status":"closed","template":"page-art-of-state-volumes.php","meta":{"content-type":"","footnotes":""},"categories":[91,90],"tags":[],"class_list":["post-9656","page","type-page","status-publish","has-post-thumbnail","hentry","category-featured-research-study-fr","category-home-main-feature-fr"],"acf":[],"yoast_head":"<!-- This site is optimized with the Yoast SEO plugin v15.7 - https:\/\/yoast.com\/wordpress\/plugins\/seo\/ -->\n<meta name=\"description\" content=\"Les experts analysent l\u2019incidence de l\u2019\u00e9volution des \u00e9changes commerciaux, des technologies, et du pouvoir \u00e9conomique sur les politiques canadiennes.\" \/>\n<meta name=\"robots\" content=\"index, follow, max-snippet:-1, max-image-preview:large, max-video-preview:-1\" \/>\n<link rel=\"canonical\" href=\"https:\/\/irpp.org\/fr\/recherche\/trade\/\" \/>\n<meta property=\"og:locale\" content=\"fr_FR\" \/>\n<meta property=\"og:type\" content=\"article\" \/>\n<meta property=\"og:title\" content=\"Redesigning Canadian Trade Policies for New Global Realities\" \/>\n<meta property=\"og:description\" content=\"Les experts analysent l\u2019incidence de l\u2019\u00e9volution des \u00e9changes commerciaux, des technologies, et du pouvoir \u00e9conomique sur les politiques canadiennes.\" \/>\n<meta property=\"og:url\" content=\"https:\/\/irpp.org\/fr\/recherche\/trade\/\" \/>\n<meta property=\"og:site_name\" content=\"IRPP\" \/>\n<meta property=\"article:publisher\" content=\"https:\/\/www.facebook.com\/IRPP.org\" \/>\n<meta property=\"article:modified_time\" content=\"2019-09-24T19:05:53+00:00\" \/>\n<meta name=\"twitter:card\" content=\"summary_large_image\" \/>\n<meta name=\"twitter:title\" content=\"Redesigning Canadian Trade Policies for New Global Realities\" \/>\n<meta name=\"twitter:description\" content=\"Les experts analysent l\u2019incidence de l\u2019\u00e9volution des \u00e9changes commerciaux, des technologies, et du pouvoir \u00e9conomique sur les politiques canadiennes.\" \/>\n<meta name=\"twitter:image\" content=\"https:\/\/irpp.org\/wp-content\/uploads\/2018\/06\/AOTS-Trade-Twitter.jpg\" \/>\n<meta name=\"twitter:site\" content=\"@irpp\" \/>\n<script type=\"application\/ld+json\" class=\"yoast-schema-graph\">{\"@context\":\"https:\/\/schema.org\",\"@graph\":[{\"@type\":\"WebSite\",\"@id\":\"https:\/\/irpp.org\/#website\",\"url\":\"https:\/\/irpp.org\/\",\"name\":\"IRPP\",\"description\":\"Institute for Research on Public Policy\",\"potentialAction\":[{\"@type\":\"SearchAction\",\"target\":\"https:\/\/irpp.org\/?s={search_term_string}\",\"query-input\":\"required name=search_term_string\"}],\"inLanguage\":\"fr-FR\"},{\"@type\":\"ImageObject\",\"@id\":\"https:\/\/irpp.org\/fr\/recherche\/trade\/#primaryimage\",\"inLanguage\":\"fr-FR\",\"url\":\"https:\/\/irpp.org\/wp-content\/uploads\/2018\/05\/Canada\\u2019s-prosperity-hinges-on-inclusive-trade.png\",\"width\":2000,\"height\":700},{\"@type\":\"WebPage\",\"@id\":\"https:\/\/irpp.org\/fr\/recherche\/trade\/#webpage\",\"url\":\"https:\/\/irpp.org\/fr\/recherche\/trade\/\",\"name\":\"Redesigning Canadian Trade Policies for New Global Realities\",\"isPartOf\":{\"@id\":\"https:\/\/irpp.org\/#website\"},\"primaryImageOfPage\":{\"@id\":\"https:\/\/irpp.org\/fr\/recherche\/trade\/#primaryimage\"},\"datePublished\":\"2017-05-24T04:00:19+00:00\",\"dateModified\":\"2019-09-24T19:05:53+00:00\",\"description\":\"Les experts analysent l\\u2019incidence de l\\u2019\\u00e9volution des \\u00e9changes commerciaux, des technologies, et du pouvoir \\u00e9conomique sur les politiques canadiennes.\",\"inLanguage\":\"fr-FR\",\"potentialAction\":[{\"@type\":\"ReadAction\",\"target\":[\"https:\/\/irpp.org\/fr\/recherche\/trade\/\"]}]}]}<\/script>\n<!-- \/ Yoast SEO plugin. -->","distributor_meta":false,"distributor_terms":false,"distributor_media":false,"distributor_original_site_name":"IRPP","distributor_original_site_url":"https:\/\/irpp.org\/fr\/","push-errors":false,"_links":{"self":[{"href":"https:\/\/irpp.org\/fr\/wp-json\/wp\/v2\/pages\/9656","targetHints":{"allow":["GET"]}}],"collection":[{"href":"https:\/\/irpp.org\/fr\/wp-json\/wp\/v2\/pages"}],"about":[{"href":"https:\/\/irpp.org\/fr\/wp-json\/wp\/v2\/types\/page"}],"author":[{"embeddable":true,"href":"https:\/\/irpp.org\/fr\/wp-json\/wp\/v2\/users\/1"}],"replies":[{"embeddable":true,"href":"https:\/\/irpp.org\/fr\/wp-json\/wp\/v2\/comments?post=9656"}],"version-history":[{"count":0,"href":"https:\/\/irpp.org\/fr\/wp-json\/wp\/v2\/pages\/9656\/revisions"}],"up":[{"embeddable":true,"href":"https:\/\/irpp.org\/fr\/wp-json\/wp\/v2\/pages\/9148"}],"wp:featuredmedia":[{"embeddable":true,"href":"https:\/\/irpp.org\/fr\/wp-json\/wp\/v2\/media\/12007"}],"wp:attachment":[{"href":"https:\/\/irpp.org\/fr\/wp-json\/wp\/v2\/media?parent=9656"}],"wp:term":[{"taxonomy":"category","embeddable":true,"href":"https:\/\/irpp.org\/fr\/wp-json\/wp\/v2\/categories?post=9656"},{"taxonomy":"post_tag","embeddable":true,"href":"https:\/\/irpp.org\/fr\/wp-json\/wp\/v2\/tags?post=9656"}],"curies":[{"name":"wp","href":"https:\/\/api.w.org\/{rel}","templated":true}]}}