{"id":9650,"date":"2016-05-26T11:01:47","date_gmt":"2016-05-26T15:01:47","guid":{"rendered":"http:\/\/irpp.org\/evolution-de-la-communaute-federale-canadienne\/"},"modified":"2021-11-24T14:09:54","modified_gmt":"2021-11-24T19:09:54","slug":"evolution-de-la-communaute-federale-canadienne","status":"publish","type":"page","link":"https:\/\/irpp.org\/fr\/recherche\/evolution-de-la-communaute-federale-canadienne\/","title":{"rendered":"\u00c9volution de la communaut\u00e9 f\u00e9d\u00e9rale canadienne"},"content":{"rendered":"<p>Ce programme de recherche \u00e9tait consacr\u00e9 \u00e0 l\u2019\u00e9volution de la f\u00e9d\u00e9ration canadienne en tant que syst\u00e8me politique, mais aussi en tant que communaut\u00e9 soucieuse de s\u2019adapter aux diff\u00e9rentes formes de la diversit\u00e9. Il s\u2019int\u00e9ressait aux relations intergouvernementales et aux institutions f\u00e9d\u00e9rales, aux innovations en mati\u00e8re de gouvernance autochtone et au r\u00f4le jou\u00e9 par nos identit\u00e9s et valeurs communes dans l\u2019\u00e9laboration des politiques publiques et la coh\u00e9sion du pays.<\/p>\n<p>Le programme \u00e9tait centr\u00e9 sur les th\u00e8mes suivants :<\/p>\n<ul>\n<li>Institutions, processus et accords intergouvernementaux<\/li>\n<li>Financement de la f\u00e9d\u00e9ration<\/li>\n<li>Innovation et \u00e9mulation interprovinciales en mati\u00e8re de politiques publiques<\/li>\n<li>Progr\u00e8s de la gouvernance autochtone et des liens entre peuples autochtones et gouvernements non autochtones<\/li>\n<li>\u00c9volution de la gouvernance dans le Nord canadien<\/li>\n<li>Les villes au sein du cadre f\u00e9d\u00e9ral<\/li>\n<li>La place du Qu\u00e9bec au sein du Canada<\/li>\n<li>Institutions et repr\u00e9sentation f\u00e9d\u00e9rales<\/li>\n<li>Valeurs et identit\u00e9s<\/li>\n<\/ul>\n<p><strong>Recherches ant\u00e9rieurs<\/strong><\/p>\n<ul>\n<li>R\u00e9gime d\u2019assurance-m\u00e9dicaments universel et f\u00e9d\u00e9ralisme<\/li>\n<li>R\u00f4le des provinces dans la politique commerciale internationale<\/li>\n<li>Prestations provinciales de cong\u00e9 parental dans le contexte du f\u00e9d\u00e9ralisme canadien<\/li>\n<li>\u00c9laboration tripartite de politiques relatives aux villes canadiennes<\/li>\n<li>\u00c9laboration intergouvernementale de politiques et financement des gouvernements autochtones<\/li>\n<li>Autod\u00e9termination autochtone dans le nord du Canada et en Norv\u00e8ge<\/li>\n<li>Renouvellement du S\u00e9nat canadien<\/li>\n<\/ul>\n<p><strong>Ce programme fait maintenant parti du <a href=\"https:\/\/centre.irpp.org\/fr\/\">Centre d&rsquo;excellence sur la f\u00e9d\u00e9ration canadienne<\/a>.<\/strong><\/p>","protected":false},"excerpt":{"rendered":"<p>Ce programme de recherche \u00e9tait consacr\u00e9 \u00e0 l\u2019\u00e9volution de la f\u00e9d\u00e9ration canadienne en tant que syst\u00e8me politique, mais aussi en tant que communaut\u00e9 soucieuse de s\u2019adapter aux diff\u00e9rentes formes de la diversit\u00e9. Il s\u2019int\u00e9ressait aux relations intergouvernementales et aux institutions f\u00e9d\u00e9rales, aux innovations en mati\u00e8re de gouvernance autochtone et au r\u00f4le jou\u00e9 par nos identit\u00e9s [&hellip;]<\/p>\n","protected":false},"author":1,"featured_media":11863,"parent":9148,"menu_order":1,"comment_status":"closed","ping_status":"closed","template":"page-research-program.php","meta":{"content-type":"","footnotes":""},"categories":[98],"tags":[],"class_list":["post-9650","page","type-page","status-publish","has-post-thumbnail","hentry","category-research-programs-fr"],"acf":[],"yoast_head":"<!-- This site is optimized with the Yoast SEO plugin v15.7 - https:\/\/yoast.com\/wordpress\/plugins\/seo\/ -->\n<meta name=\"description\" content=\"Ce programme est consacr\u00e9 \u00e0 l\u2019\u00e9volution de la f\u00e9d\u00e9ration, mais aussi en tant que communaut\u00e9 soucieuse de s\u2019adapter aux diff\u00e9rentes formes de la diversit\u00e9.\" \/>\n<meta name=\"robots\" content=\"index, follow, max-snippet:-1, max-image-preview:large, max-video-preview:-1\" \/>\n<link rel=\"canonical\" href=\"https:\/\/irpp.org\/fr\/recherche\/evolution-de-la-communaute-federale-canadienne\/\" \/>\n<meta property=\"og:locale\" content=\"fr_FR\" \/>\n<meta property=\"og:type\" content=\"article\" \/>\n<meta property=\"og:title\" content=\"\u00c9volution de la communaut\u00e9 f\u00e9d\u00e9rale canadienne\" \/>\n<meta property=\"og:description\" content=\"Ce programme est consacr\u00e9 \u00e0 l\u2019\u00e9volution de la f\u00e9d\u00e9ration, mais aussi en tant que communaut\u00e9 soucieuse de s\u2019adapter aux diff\u00e9rentes formes de la diversit\u00e9.\" \/>\n<meta property=\"og:url\" content=\"https:\/\/irpp.org\/fr\/recherche\/evolution-de-la-communaute-federale-canadienne\/\" \/>\n<meta property=\"og:site_name\" content=\"IRPP\" \/>\n<meta property=\"article:publisher\" content=\"https:\/\/www.facebook.com\/IRPP.org\" \/>\n<meta property=\"article:modified_time\" content=\"2021-11-24T19:09:54+00:00\" \/>\n<meta property=\"og:image\" content=\"https:\/\/irpp.org\/wp-content\/uploads\/2018\/05\/crowd-of-canadians.jpg\" \/>\n\t<meta property=\"og:image:width\" content=\"2000\" \/>\n\t<meta property=\"og:image:height\" content=\"700\" \/>\n<meta name=\"twitter:card\" content=\"summary_large_image\" \/>\n<meta name=\"twitter:site\" content=\"@irpp\" \/>\n<meta name=\"twitter:label1\" content=\"Dur\u00e9e de lecture est.\">\n\t<meta name=\"twitter:data1\" content=\"1 minute\">\n<script type=\"application\/ld+json\" class=\"yoast-schema-graph\">{\"@context\":\"https:\/\/schema.org\",\"@graph\":[{\"@type\":\"WebSite\",\"@id\":\"https:\/\/irpp.org\/#website\",\"url\":\"https:\/\/irpp.org\/\",\"name\":\"IRPP\",\"description\":\"Institute for Research on Public Policy\",\"potentialAction\":[{\"@type\":\"SearchAction\",\"target\":\"https:\/\/irpp.org\/?s={search_term_string}\",\"query-input\":\"required name=search_term_string\"}],\"inLanguage\":\"fr-FR\"},{\"@type\":\"ImageObject\",\"@id\":\"https:\/\/irpp.org\/fr\/recherche\/evolution-de-la-communaute-federale-canadienne\/#primaryimage\",\"inLanguage\":\"fr-FR\",\"url\":\"https:\/\/irpp.org\/wp-content\/uploads\/2018\/05\/crowd-of-canadians.jpg\",\"width\":2000,\"height\":700},{\"@type\":\"WebPage\",\"@id\":\"https:\/\/irpp.org\/fr\/recherche\/evolution-de-la-communaute-federale-canadienne\/#webpage\",\"url\":\"https:\/\/irpp.org\/fr\/recherche\/evolution-de-la-communaute-federale-canadienne\/\",\"name\":\"\\u00c9volution de la communaut\\u00e9 f\\u00e9d\\u00e9rale canadienne\",\"isPartOf\":{\"@id\":\"https:\/\/irpp.org\/#website\"},\"primaryImageOfPage\":{\"@id\":\"https:\/\/irpp.org\/fr\/recherche\/evolution-de-la-communaute-federale-canadienne\/#primaryimage\"},\"datePublished\":\"2016-05-26T15:01:47+00:00\",\"dateModified\":\"2021-11-24T19:09:54+00:00\",\"description\":\"Ce programme est consacr\\u00e9 \\u00e0 l\\u2019\\u00e9volution de la f\\u00e9d\\u00e9ration, mais aussi en tant que communaut\\u00e9 soucieuse de s\\u2019adapter aux diff\\u00e9rentes formes de la diversit\\u00e9.\",\"inLanguage\":\"fr-FR\",\"potentialAction\":[{\"@type\":\"ReadAction\",\"target\":[\"https:\/\/irpp.org\/fr\/recherche\/evolution-de-la-communaute-federale-canadienne\/\"]}]}]}<\/script>\n<!-- \/ Yoast SEO plugin. -->","distributor_meta":false,"distributor_terms":false,"distributor_media":false,"distributor_original_site_name":"IRPP","distributor_original_site_url":"https:\/\/irpp.org\/fr\/","push-errors":false,"_links":{"self":[{"href":"https:\/\/irpp.org\/fr\/wp-json\/wp\/v2\/pages\/9650","targetHints":{"allow":["GET"]}}],"collection":[{"href":"https:\/\/irpp.org\/fr\/wp-json\/wp\/v2\/pages"}],"about":[{"href":"https:\/\/irpp.org\/fr\/wp-json\/wp\/v2\/types\/page"}],"author":[{"embeddable":true,"href":"https:\/\/irpp.org\/fr\/wp-json\/wp\/v2\/users\/1"}],"replies":[{"embeddable":true,"href":"https:\/\/irpp.org\/fr\/wp-json\/wp\/v2\/comments?post=9650"}],"version-history":[{"count":0,"href":"https:\/\/irpp.org\/fr\/wp-json\/wp\/v2\/pages\/9650\/revisions"}],"up":[{"embeddable":true,"href":"https:\/\/irpp.org\/fr\/wp-json\/wp\/v2\/pages\/9148"}],"wp:featuredmedia":[{"embeddable":true,"href":"https:\/\/irpp.org\/fr\/wp-json\/wp\/v2\/media\/11863"}],"wp:attachment":[{"href":"https:\/\/irpp.org\/fr\/wp-json\/wp\/v2\/media?parent=9650"}],"wp:term":[{"taxonomy":"category","embeddable":true,"href":"https:\/\/irpp.org\/fr\/wp-json\/wp\/v2\/categories?post=9650"},{"taxonomy":"post_tag","embeddable":true,"href":"https:\/\/irpp.org\/fr\/wp-json\/wp\/v2\/tags?post=9650"}],"curies":[{"name":"wp","href":"https:\/\/api.w.org\/{rel}","templated":true}]}}