{"id":9648,"date":"2016-05-19T10:00:53","date_gmt":"2016-05-19T14:00:53","guid":{"rendered":"http:\/\/irpp.org\/en-fr\/"},"modified":"2019-10-28T16:58:12","modified_gmt":"2019-10-28T20:58:12","slug":"income-inequality-the-canadian-story","status":"publish","type":"page","link":"https:\/\/irpp.org\/fr\/recherche\/income-inequality-the-canadian-story\/","title":{"rendered":"Income Inequality: The Canadian Story"},"content":{"rendered":"<p><strong>Sous la direction de David A. Green, W. Craig Riddell et France St-Hilaire<br \/>\n<\/strong>En collaboration avec le R\u00e9seau canadien de chercheurs dans le domaine du march\u00e9 du travail et des comp\u00e9tences (RCCMTC), l\u2019Institut de recherche en politiques publiques a r\u00e9uni d\u2019\u00e9minents sp\u00e9cialistes de partout au pays afin de recueillir de nouvelles donn\u00e9es sur les causes et effets des in\u00e9galit\u00e9s croissantes de revenu et le r\u00f4le des politiques publiques. Leurs recherches et analyses ont \u00e9t\u00e9 publi\u00e9es dans ce cinqui\u00e8me volume de la collection <a href=\"https:\/\/irpp.org\/fr\/recherche\/lart-de-letat\/\">L\u2019art de l\u2019\u00c9tat<\/a> de l\u2019IRPP. L\u2019ouvrage est disponible dans le <a href=\"https:\/\/store.irpp.org\/products\/income-inequality-the-canadian-story\">magasin de l\u2019IRPP<\/a>.\u00a0Plusieurs chapitres sont accessibles en ligne.<\/p>","protected":false},"excerpt":{"rendered":"<p>Sous la direction de David A. Green, W. Craig Riddell et France St-Hilaire En collaboration avec le R\u00e9seau canadien de chercheurs dans le domaine du march\u00e9 du travail et des comp\u00e9tences (RCCMTC), l\u2019Institut de recherche en politiques publiques a r\u00e9uni d\u2019\u00e9minents sp\u00e9cialistes de partout au pays afin de recueillir de nouvelles donn\u00e9es sur les causes [&hellip;]<\/p>\n","protected":false},"author":1,"featured_media":7315,"parent":9148,"menu_order":0,"comment_status":"closed","ping_status":"open","template":"page-art-of-state-volumes.php","meta":{"content-type":"","footnotes":""},"categories":[],"tags":[],"class_list":["post-9648","page","type-page","status-publish","has-post-thumbnail","hentry"],"acf":[],"yoast_head":"<!-- This site is optimized with the Yoast SEO plugin v15.7 - https:\/\/yoast.com\/wordpress\/plugins\/seo\/ -->\n<meta name=\"description\" content=\"Based on extensive research on inequality trends and outcomes in Canada over the past three decades, a new book sets out an ambitious policy agenda to deal with the problem.\" \/>\n<meta name=\"robots\" content=\"index, follow, max-snippet:-1, max-image-preview:large, max-video-preview:-1\" \/>\n<link rel=\"canonical\" href=\"https:\/\/irpp.org\/fr\/recherche\/income-inequality-the-canadian-story\/\" \/>\n<meta property=\"og:locale\" content=\"fr_FR\" \/>\n<meta property=\"og:type\" content=\"article\" \/>\n<meta property=\"og:title\" content=\"Income Inequality: The Canadian Story\" \/>\n<meta property=\"og:description\" content=\"Based on extensive research on inequality trends and outcomes in Canada over the past three decades, a new book sets out an ambitious policy agenda to deal with the problem.\" \/>\n<meta property=\"og:url\" content=\"https:\/\/irpp.org\/fr\/recherche\/income-inequality-the-canadian-story\/\" \/>\n<meta property=\"og:site_name\" content=\"IRPP\" \/>\n<meta property=\"article:publisher\" content=\"https:\/\/www.facebook.com\/IRPP.org\" \/>\n<meta property=\"article:modified_time\" content=\"2019-10-28T20:58:12+00:00\" \/>\n<meta name=\"twitter:card\" content=\"summary_large_image\" \/>\n<meta name=\"twitter:title\" content=\"Income Inequality: The Canadian Story\" \/>\n<meta name=\"twitter:description\" content=\"Based on extensive research on inequality trends and outcomes in Canada over the past three decades, a new book sets out an ambitious policy agenda to deal with the problem.\" \/>\n<meta name=\"twitter:image\" content=\"https:\/\/irpp.org\/wp-content\/uploads\/2018\/06\/AOTS-Inequality-Twitter.jpg\" \/>\n<meta name=\"twitter:site\" content=\"@irpp\" \/>\n<meta name=\"twitter:label1\" content=\"Dur\u00e9e de lecture est.\">\n\t<meta name=\"twitter:data1\" content=\"1 minute\">\n<script type=\"application\/ld+json\" class=\"yoast-schema-graph\">{\"@context\":\"https:\/\/schema.org\",\"@graph\":[{\"@type\":\"WebSite\",\"@id\":\"https:\/\/irpp.org\/#website\",\"url\":\"https:\/\/irpp.org\/\",\"name\":\"IRPP\",\"description\":\"Institute for Research on Public Policy\",\"potentialAction\":[{\"@type\":\"SearchAction\",\"target\":\"https:\/\/irpp.org\/?s={search_term_string}\",\"query-input\":\"required name=search_term_string\"}],\"inLanguage\":\"fr-FR\"},{\"@type\":\"ImageObject\",\"@id\":\"https:\/\/irpp.org\/fr\/recherche\/income-inequality-the-canadian-story\/#primaryimage\",\"inLanguage\":\"fr-FR\",\"url\":\"https:\/\/irpp.org\/wp-content\/uploads\/2016\/05\/AOTS5.png\",\"width\":2136,\"height\":3205},{\"@type\":\"WebPage\",\"@id\":\"https:\/\/irpp.org\/fr\/recherche\/income-inequality-the-canadian-story\/#webpage\",\"url\":\"https:\/\/irpp.org\/fr\/recherche\/income-inequality-the-canadian-story\/\",\"name\":\"Income Inequality: The Canadian Story\",\"isPartOf\":{\"@id\":\"https:\/\/irpp.org\/#website\"},\"primaryImageOfPage\":{\"@id\":\"https:\/\/irpp.org\/fr\/recherche\/income-inequality-the-canadian-story\/#primaryimage\"},\"datePublished\":\"2016-05-19T14:00:53+00:00\",\"dateModified\":\"2019-10-28T20:58:12+00:00\",\"description\":\"Based on extensive research on inequality trends and outcomes in Canada over the past three decades, a new book sets out an ambitious policy agenda to deal with the problem.\",\"inLanguage\":\"fr-FR\",\"potentialAction\":[{\"@type\":\"ReadAction\",\"target\":[\"https:\/\/irpp.org\/fr\/recherche\/income-inequality-the-canadian-story\/\"]}]}]}<\/script>\n<!-- \/ Yoast SEO plugin. -->","distributor_meta":false,"distributor_terms":false,"distributor_media":false,"distributor_original_site_name":"IRPP","distributor_original_site_url":"https:\/\/irpp.org\/fr\/","push-errors":false,"_links":{"self":[{"href":"https:\/\/irpp.org\/fr\/wp-json\/wp\/v2\/pages\/9648","targetHints":{"allow":["GET"]}}],"collection":[{"href":"https:\/\/irpp.org\/fr\/wp-json\/wp\/v2\/pages"}],"about":[{"href":"https:\/\/irpp.org\/fr\/wp-json\/wp\/v2\/types\/page"}],"author":[{"embeddable":true,"href":"https:\/\/irpp.org\/fr\/wp-json\/wp\/v2\/users\/1"}],"replies":[{"embeddable":true,"href":"https:\/\/irpp.org\/fr\/wp-json\/wp\/v2\/comments?post=9648"}],"version-history":[{"count":0,"href":"https:\/\/irpp.org\/fr\/wp-json\/wp\/v2\/pages\/9648\/revisions"}],"up":[{"embeddable":true,"href":"https:\/\/irpp.org\/fr\/wp-json\/wp\/v2\/pages\/9148"}],"wp:featuredmedia":[{"embeddable":true,"href":"https:\/\/irpp.org\/fr\/wp-json\/wp\/v2\/media\/7315"}],"wp:attachment":[{"href":"https:\/\/irpp.org\/fr\/wp-json\/wp\/v2\/media?parent=9648"}],"wp:term":[{"taxonomy":"category","embeddable":true,"href":"https:\/\/irpp.org\/fr\/wp-json\/wp\/v2\/categories?post=9648"},{"taxonomy":"post_tag","embeddable":true,"href":"https:\/\/irpp.org\/fr\/wp-json\/wp\/v2\/tags?post=9648"}],"curies":[{"name":"wp","href":"https:\/\/api.w.org\/{rel}","templated":true}]}}