{"id":9642,"date":"2015-06-10T16:37:48","date_gmt":"2015-06-10T20:37:48","guid":{"rendered":"http:\/\/irpp.org\/en-fr\/"},"modified":"2018-06-14T11:49:33","modified_gmt":"2018-06-14T15:49:33","slug":"governance-in-a-world-without-frontiers","status":"publish","type":"page","link":"https:\/\/irpp.org\/fr\/recherche\/governance-in-a-world-without-frontiers\/","title":{"rendered":"Governance in a World Without Frontiers"},"content":{"rendered":"<p><strong>Sous la direction de Thomas J. Courchene et\u00a0Donald J. Savoie<\/strong><br \/>\nDans cet ouvrage, des auteurs renomm\u00e9s traitent des d\u00e9fis de gouvernance dans notre monde sans fronti\u00e8res, notamment du nouvel ordre \u00e9conomique, de la citoyennet\u00e9, de la nature du pouvoir et de la d\u00e9mocratie, des communaut\u00e9s sous-nationales, des r\u00e9gimes internationaux et de la gestion d&rsquo;entreprise. Leurs points de vue avaient \u00e9t\u00e9 soumis \u00e0 l&rsquo;\u00e9valuation de sp\u00e9cialistes reconnus. L&rsquo;introduction peut \u00eatre t\u00e9l\u00e9charg\u00e9e en ligne.\u00a0L&rsquo;ouvrage est disponible au <a href=\"https:\/\/store.irpp.org\/products\/governance-in-a-world-without-frontiers\">magasin de l&rsquo;IRPP<\/a>.<\/p>","protected":false},"excerpt":{"rendered":"<p>Sous la direction de Thomas J. Courchene et\u00a0Donald J. Savoie Dans cet ouvrage, des auteurs renomm\u00e9s traitent des d\u00e9fis de gouvernance dans notre monde sans fronti\u00e8res, notamment du nouvel ordre \u00e9conomique, de la citoyennet\u00e9, de la nature du pouvoir et de la d\u00e9mocratie, des communaut\u00e9s sous-nationales, des r\u00e9gimes internationaux et de la gestion d&rsquo;entreprise. Leurs [&hellip;]<\/p>\n","protected":false},"author":1,"featured_media":0,"parent":9148,"menu_order":0,"comment_status":"closed","ping_status":"open","template":"page-art-of-state-volumes.php","meta":{"content-type":"","footnotes":""},"categories":[],"tags":[],"class_list":["post-9642","page","type-page","status-publish","hentry"],"acf":[],"yoast_head":"<!-- This site is optimized with the Yoast SEO plugin v15.7 - https:\/\/yoast.com\/wordpress\/plugins\/seo\/ -->\n<meta name=\"robots\" content=\"index, follow, max-snippet:-1, max-image-preview:large, max-video-preview:-1\" \/>\n<link rel=\"canonical\" href=\"https:\/\/irpp.org\/fr\/recherche\/governance-in-a-world-without-frontiers\/\" \/>\n<meta property=\"og:locale\" content=\"fr_FR\" \/>\n<meta property=\"og:type\" content=\"article\" \/>\n<meta property=\"og:title\" content=\"Governance in a World Without Frontiers - IRPP\" \/>\n<meta property=\"og:description\" content=\"Sous la direction de Thomas J. Courchene et\u00a0Donald J. Savoie Dans cet ouvrage, des auteurs renomm\u00e9s traitent des d\u00e9fis de gouvernance dans notre monde sans fronti\u00e8res, notamment du nouvel ordre \u00e9conomique, de la citoyennet\u00e9, de la nature du pouvoir et de la d\u00e9mocratie, des communaut\u00e9s sous-nationales, des r\u00e9gimes internationaux et de la gestion d&rsquo;entreprise. Leurs [&hellip;]\" \/>\n<meta property=\"og:url\" content=\"https:\/\/irpp.org\/fr\/recherche\/governance-in-a-world-without-frontiers\/\" \/>\n<meta property=\"og:site_name\" content=\"IRPP\" \/>\n<meta property=\"article:publisher\" content=\"https:\/\/www.facebook.com\/IRPP.org\" \/>\n<meta property=\"article:modified_time\" content=\"2018-06-14T15:49:33+00:00\" \/>\n<meta name=\"twitter:card\" content=\"summary_large_image\" \/>\n<meta name=\"twitter:site\" content=\"@irpp\" \/>\n<script type=\"application\/ld+json\" class=\"yoast-schema-graph\">{\"@context\":\"https:\/\/schema.org\",\"@graph\":[{\"@type\":\"WebSite\",\"@id\":\"https:\/\/irpp.org\/#website\",\"url\":\"https:\/\/irpp.org\/\",\"name\":\"IRPP\",\"description\":\"Institute for Research on Public Policy\",\"potentialAction\":[{\"@type\":\"SearchAction\",\"target\":\"https:\/\/irpp.org\/?s={search_term_string}\",\"query-input\":\"required name=search_term_string\"}],\"inLanguage\":\"fr-FR\"},{\"@type\":\"WebPage\",\"@id\":\"https:\/\/irpp.org\/fr\/recherche\/governance-in-a-world-without-frontiers\/#webpage\",\"url\":\"https:\/\/irpp.org\/fr\/recherche\/governance-in-a-world-without-frontiers\/\",\"name\":\"Governance in a World Without Frontiers - IRPP\",\"isPartOf\":{\"@id\":\"https:\/\/irpp.org\/#website\"},\"datePublished\":\"2015-06-10T20:37:48+00:00\",\"dateModified\":\"2018-06-14T15:49:33+00:00\",\"inLanguage\":\"fr-FR\",\"potentialAction\":[{\"@type\":\"ReadAction\",\"target\":[\"https:\/\/irpp.org\/fr\/recherche\/governance-in-a-world-without-frontiers\/\"]}]}]}<\/script>\n<!-- \/ Yoast SEO plugin. -->","distributor_meta":false,"distributor_terms":false,"distributor_media":false,"distributor_original_site_name":"IRPP","distributor_original_site_url":"https:\/\/irpp.org\/fr\/","push-errors":false,"_links":{"self":[{"href":"https:\/\/irpp.org\/fr\/wp-json\/wp\/v2\/pages\/9642","targetHints":{"allow":["GET"]}}],"collection":[{"href":"https:\/\/irpp.org\/fr\/wp-json\/wp\/v2\/pages"}],"about":[{"href":"https:\/\/irpp.org\/fr\/wp-json\/wp\/v2\/types\/page"}],"author":[{"embeddable":true,"href":"https:\/\/irpp.org\/fr\/wp-json\/wp\/v2\/users\/1"}],"replies":[{"embeddable":true,"href":"https:\/\/irpp.org\/fr\/wp-json\/wp\/v2\/comments?post=9642"}],"version-history":[{"count":0,"href":"https:\/\/irpp.org\/fr\/wp-json\/wp\/v2\/pages\/9642\/revisions"}],"up":[{"embeddable":true,"href":"https:\/\/irpp.org\/fr\/wp-json\/wp\/v2\/pages\/9148"}],"wp:attachment":[{"href":"https:\/\/irpp.org\/fr\/wp-json\/wp\/v2\/media?parent=9642"}],"wp:term":[{"taxonomy":"category","embeddable":true,"href":"https:\/\/irpp.org\/fr\/wp-json\/wp\/v2\/categories?post=9642"},{"taxonomy":"post_tag","embeddable":true,"href":"https:\/\/irpp.org\/fr\/wp-json\/wp\/v2\/tags?post=9642"}],"curies":[{"name":"wp","href":"https:\/\/api.w.org\/{rel}","templated":true}]}}