{"id":9641,"date":"2015-06-10T15:30:17","date_gmt":"2015-06-10T19:30:17","guid":{"rendered":"http:\/\/irpp.org\/en-fr\/"},"modified":"2018-06-14T10:39:03","modified_gmt":"2018-06-14T14:39:03","slug":"thinking-north-america","status":"publish","type":"page","link":"https:\/\/irpp.org\/fr\/recherche\/thinking-north-america\/","title":{"rendered":"Thinking North America"},"content":{"rendered":"<p><strong>Sous la direction de Thomas J. Courchene, Donald J. Savoie et\u00a0Daniel Schwanen<\/strong><br \/>\nCet ouvrage examine les multiples aspects des d\u00e9fis et des opportunit\u00e9s que repr\u00e9sente l&rsquo;int\u00e9gration nord-am\u00e9ricaine. Plusieurs chapitres sont accessibles en ligne.\u00a0L&rsquo;ouvrage est disponible au <a href=\"https:\/\/store.irpp.org\/products\/governance-in-a-world-without-frontiers\">magasin de l&rsquo;IRPP<\/a>.<\/p>","protected":false},"excerpt":{"rendered":"<p>Sous la direction de Thomas J. Courchene, Donald J. Savoie et\u00a0Daniel Schwanen Cet ouvrage examine les multiples aspects des d\u00e9fis et des opportunit\u00e9s que repr\u00e9sente l&rsquo;int\u00e9gration nord-am\u00e9ricaine. Plusieurs chapitres sont accessibles en ligne.\u00a0L&rsquo;ouvrage est disponible au magasin de l&rsquo;IRPP.<\/p>\n","protected":false},"author":1,"featured_media":5386,"parent":9148,"menu_order":0,"comment_status":"closed","ping_status":"open","template":"page-art-of-state-volumes.php","meta":{"content-type":"","footnotes":""},"categories":[],"tags":[],"class_list":["post-9641","page","type-page","status-publish","has-post-thumbnail","hentry"],"acf":[],"yoast_head":"<!-- This site is optimized with the Yoast SEO plugin v15.7 - https:\/\/yoast.com\/wordpress\/plugins\/seo\/ -->\n<meta name=\"robots\" content=\"index, follow, max-snippet:-1, max-image-preview:large, max-video-preview:-1\" \/>\n<link rel=\"canonical\" href=\"https:\/\/irpp.org\/fr\/recherche\/thinking-north-america\/\" \/>\n<meta property=\"og:locale\" content=\"fr_FR\" \/>\n<meta property=\"og:type\" content=\"article\" \/>\n<meta property=\"og:title\" content=\"Thinking North America - IRPP\" \/>\n<meta property=\"og:description\" content=\"Sous la direction de Thomas J. Courchene, Donald J. Savoie et\u00a0Daniel Schwanen Cet ouvrage examine les multiples aspects des d\u00e9fis et des opportunit\u00e9s que repr\u00e9sente l&rsquo;int\u00e9gration nord-am\u00e9ricaine. Plusieurs chapitres sont accessibles en ligne.\u00a0L&rsquo;ouvrage est disponible au magasin de l&rsquo;IRPP.\" \/>\n<meta property=\"og:url\" content=\"https:\/\/irpp.org\/fr\/recherche\/thinking-north-america\/\" \/>\n<meta property=\"og:site_name\" content=\"IRPP\" \/>\n<meta property=\"article:publisher\" content=\"https:\/\/www.facebook.com\/IRPP.org\" \/>\n<meta property=\"article:modified_time\" content=\"2018-06-14T14:39:03+00:00\" \/>\n<meta property=\"og:image\" content=\"https:\/\/irpp.org\/wp-content\/uploads\/2015\/06\/aots2.png\" \/>\n\t<meta property=\"og:image:width\" content=\"370\" \/>\n\t<meta property=\"og:image:height\" content=\"555\" \/>\n<meta name=\"twitter:card\" content=\"summary_large_image\" \/>\n<meta name=\"twitter:site\" content=\"@irpp\" \/>\n<script type=\"application\/ld+json\" class=\"yoast-schema-graph\">{\"@context\":\"https:\/\/schema.org\",\"@graph\":[{\"@type\":\"WebSite\",\"@id\":\"https:\/\/irpp.org\/#website\",\"url\":\"https:\/\/irpp.org\/\",\"name\":\"IRPP\",\"description\":\"Institute for Research on Public Policy\",\"potentialAction\":[{\"@type\":\"SearchAction\",\"target\":\"https:\/\/irpp.org\/?s={search_term_string}\",\"query-input\":\"required name=search_term_string\"}],\"inLanguage\":\"fr-FR\"},{\"@type\":\"ImageObject\",\"@id\":\"https:\/\/irpp.org\/fr\/recherche\/thinking-north-america\/#primaryimage\",\"inLanguage\":\"fr-FR\",\"url\":\"https:\/\/irpp.org\/wp-content\/uploads\/2015\/06\/aots2.png\",\"width\":370,\"height\":555},{\"@type\":\"WebPage\",\"@id\":\"https:\/\/irpp.org\/fr\/recherche\/thinking-north-america\/#webpage\",\"url\":\"https:\/\/irpp.org\/fr\/recherche\/thinking-north-america\/\",\"name\":\"Thinking North America - IRPP\",\"isPartOf\":{\"@id\":\"https:\/\/irpp.org\/#website\"},\"primaryImageOfPage\":{\"@id\":\"https:\/\/irpp.org\/fr\/recherche\/thinking-north-america\/#primaryimage\"},\"datePublished\":\"2015-06-10T19:30:17+00:00\",\"dateModified\":\"2018-06-14T14:39:03+00:00\",\"inLanguage\":\"fr-FR\",\"potentialAction\":[{\"@type\":\"ReadAction\",\"target\":[\"https:\/\/irpp.org\/fr\/recherche\/thinking-north-america\/\"]}]}]}<\/script>\n<!-- \/ Yoast SEO plugin. -->","distributor_meta":false,"distributor_terms":false,"distributor_media":false,"distributor_original_site_name":"IRPP","distributor_original_site_url":"https:\/\/irpp.org\/fr\/","push-errors":false,"_links":{"self":[{"href":"https:\/\/irpp.org\/fr\/wp-json\/wp\/v2\/pages\/9641","targetHints":{"allow":["GET"]}}],"collection":[{"href":"https:\/\/irpp.org\/fr\/wp-json\/wp\/v2\/pages"}],"about":[{"href":"https:\/\/irpp.org\/fr\/wp-json\/wp\/v2\/types\/page"}],"author":[{"embeddable":true,"href":"https:\/\/irpp.org\/fr\/wp-json\/wp\/v2\/users\/1"}],"replies":[{"embeddable":true,"href":"https:\/\/irpp.org\/fr\/wp-json\/wp\/v2\/comments?post=9641"}],"version-history":[{"count":0,"href":"https:\/\/irpp.org\/fr\/wp-json\/wp\/v2\/pages\/9641\/revisions"}],"up":[{"embeddable":true,"href":"https:\/\/irpp.org\/fr\/wp-json\/wp\/v2\/pages\/9148"}],"wp:featuredmedia":[{"embeddable":true,"href":"https:\/\/irpp.org\/fr\/wp-json\/wp\/v2\/media\/5386"}],"wp:attachment":[{"href":"https:\/\/irpp.org\/fr\/wp-json\/wp\/v2\/media?parent=9641"}],"wp:term":[{"taxonomy":"category","embeddable":true,"href":"https:\/\/irpp.org\/fr\/wp-json\/wp\/v2\/categories?post=9641"},{"taxonomy":"post_tag","embeddable":true,"href":"https:\/\/irpp.org\/fr\/wp-json\/wp\/v2\/tags?post=9641"}],"curies":[{"name":"wp","href":"https:\/\/api.w.org\/{rel}","templated":true}]}}