{"id":9639,"date":"2015-06-10T12:12:06","date_gmt":"2015-06-10T16:12:06","guid":{"rendered":"http:\/\/irpp.org\/en-fr\/"},"modified":"2018-06-14T10:31:26","modified_gmt":"2018-06-14T14:31:26","slug":"northern-exposure-peoples-powers-and-prospects-in-canadas-north","status":"publish","type":"page","link":"https:\/\/irpp.org\/fr\/recherche\/northern-exposure-peoples-powers-and-prospects-in-canadas-north\/","title":{"rendered":"Northern Exposure: Peoples, Powers and Prospects in Canada&rsquo;s North"},"content":{"rendered":"<p><strong>Sous la direction de Frances Abele, Thomas J. Courchene, F. Leslie Seidle and France St-Hilaire<\/strong><br \/>\nCet ouvrage examine les \u00e9l\u00e9ments devant faire partie d&rsquo;une strat\u00e9gie int\u00e9gr\u00e9e du Nord, notamment la souverainet\u00e9 dans l&rsquo;Arctique, les changements climatiques, la politique scientifique, la gouvernance publique et autochtone, le d\u00e9veloppement \u00e9conomique, le capital humain et l&rsquo;\u00e9ducation, tout en mettant l&rsquo;accent sur les points de vue et les perspectives des habitants de la r\u00e9gion. Plusieurs chapitres sont accessibles en ligne. L&rsquo;ouvrage est disponible dans le <a href=\"https:\/\/store.irpp.org\/products\/northern-exposure\">magasin de l&rsquo;IRPP<\/a>.<\/p>","protected":false},"excerpt":{"rendered":"<p>Sous la direction de Frances Abele, Thomas J. Courchene, F. Leslie Seidle and France St-Hilaire Cet ouvrage examine les \u00e9l\u00e9ments devant faire partie d&rsquo;une strat\u00e9gie int\u00e9gr\u00e9e du Nord, notamment la souverainet\u00e9 dans l&rsquo;Arctique, les changements climatiques, la politique scientifique, la gouvernance publique et autochtone, le d\u00e9veloppement \u00e9conomique, le capital humain et l&rsquo;\u00e9ducation, tout en mettant [&hellip;]<\/p>\n","protected":false},"author":1,"featured_media":5368,"parent":9148,"menu_order":0,"comment_status":"closed","ping_status":"open","template":"page-art-of-state-volumes.php","meta":{"content-type":"","footnotes":""},"categories":[],"tags":[],"class_list":["post-9639","page","type-page","status-publish","has-post-thumbnail","hentry"],"acf":[],"yoast_head":"<!-- This site is optimized with the Yoast SEO plugin v15.7 - https:\/\/yoast.com\/wordpress\/plugins\/seo\/ -->\n<meta name=\"robots\" content=\"index, follow, max-snippet:-1, max-image-preview:large, max-video-preview:-1\" \/>\n<link rel=\"canonical\" href=\"https:\/\/irpp.org\/fr\/recherche\/northern-exposure-peoples-powers-and-prospects-in-canadas-north\/\" \/>\n<meta property=\"og:locale\" content=\"fr_FR\" \/>\n<meta property=\"og:type\" content=\"article\" \/>\n<meta property=\"og:title\" content=\"Northern Exposure: Peoples, Powers and Prospects in Canada&#039;s North - IRPP\" \/>\n<meta property=\"og:description\" content=\"Sous la direction de Frances Abele, Thomas J. Courchene, F. Leslie Seidle and France St-Hilaire Cet ouvrage examine les \u00e9l\u00e9ments devant faire partie d&rsquo;une strat\u00e9gie int\u00e9gr\u00e9e du Nord, notamment la souverainet\u00e9 dans l&rsquo;Arctique, les changements climatiques, la politique scientifique, la gouvernance publique et autochtone, le d\u00e9veloppement \u00e9conomique, le capital humain et l&rsquo;\u00e9ducation, tout en mettant [&hellip;]\" \/>\n<meta property=\"og:url\" content=\"https:\/\/irpp.org\/fr\/recherche\/northern-exposure-peoples-powers-and-prospects-in-canadas-north\/\" \/>\n<meta property=\"og:site_name\" content=\"IRPP\" \/>\n<meta property=\"article:publisher\" content=\"https:\/\/www.facebook.com\/IRPP.org\" \/>\n<meta property=\"article:modified_time\" content=\"2018-06-14T14:31:26+00:00\" \/>\n<meta property=\"og:image\" content=\"https:\/\/irpp.org\/wp-content\/uploads\/2015\/06\/aots4.png\" \/>\n\t<meta property=\"og:image:width\" content=\"370\" \/>\n\t<meta property=\"og:image:height\" content=\"555\" \/>\n<meta name=\"twitter:card\" content=\"summary_large_image\" \/>\n<meta name=\"twitter:site\" content=\"@irpp\" \/>\n<script type=\"application\/ld+json\" class=\"yoast-schema-graph\">{\"@context\":\"https:\/\/schema.org\",\"@graph\":[{\"@type\":\"WebSite\",\"@id\":\"https:\/\/irpp.org\/#website\",\"url\":\"https:\/\/irpp.org\/\",\"name\":\"IRPP\",\"description\":\"Institute for Research on Public Policy\",\"potentialAction\":[{\"@type\":\"SearchAction\",\"target\":\"https:\/\/irpp.org\/?s={search_term_string}\",\"query-input\":\"required name=search_term_string\"}],\"inLanguage\":\"fr-FR\"},{\"@type\":\"ImageObject\",\"@id\":\"https:\/\/irpp.org\/fr\/recherche\/northern-exposure-peoples-powers-and-prospects-in-canadas-north\/#primaryimage\",\"inLanguage\":\"fr-FR\",\"url\":\"https:\/\/irpp.org\/wp-content\/uploads\/2015\/06\/aots4.png\",\"width\":370,\"height\":555},{\"@type\":\"WebPage\",\"@id\":\"https:\/\/irpp.org\/fr\/recherche\/northern-exposure-peoples-powers-and-prospects-in-canadas-north\/#webpage\",\"url\":\"https:\/\/irpp.org\/fr\/recherche\/northern-exposure-peoples-powers-and-prospects-in-canadas-north\/\",\"name\":\"Northern Exposure: Peoples, Powers and Prospects in Canada's North - IRPP\",\"isPartOf\":{\"@id\":\"https:\/\/irpp.org\/#website\"},\"primaryImageOfPage\":{\"@id\":\"https:\/\/irpp.org\/fr\/recherche\/northern-exposure-peoples-powers-and-prospects-in-canadas-north\/#primaryimage\"},\"datePublished\":\"2015-06-10T16:12:06+00:00\",\"dateModified\":\"2018-06-14T14:31:26+00:00\",\"inLanguage\":\"fr-FR\",\"potentialAction\":[{\"@type\":\"ReadAction\",\"target\":[\"https:\/\/irpp.org\/fr\/recherche\/northern-exposure-peoples-powers-and-prospects-in-canadas-north\/\"]}]}]}<\/script>\n<!-- \/ Yoast SEO plugin. -->","distributor_meta":false,"distributor_terms":false,"distributor_media":false,"distributor_original_site_name":"IRPP","distributor_original_site_url":"https:\/\/irpp.org\/fr\/","push-errors":false,"_links":{"self":[{"href":"https:\/\/irpp.org\/fr\/wp-json\/wp\/v2\/pages\/9639","targetHints":{"allow":["GET"]}}],"collection":[{"href":"https:\/\/irpp.org\/fr\/wp-json\/wp\/v2\/pages"}],"about":[{"href":"https:\/\/irpp.org\/fr\/wp-json\/wp\/v2\/types\/page"}],"author":[{"embeddable":true,"href":"https:\/\/irpp.org\/fr\/wp-json\/wp\/v2\/users\/1"}],"replies":[{"embeddable":true,"href":"https:\/\/irpp.org\/fr\/wp-json\/wp\/v2\/comments?post=9639"}],"version-history":[{"count":0,"href":"https:\/\/irpp.org\/fr\/wp-json\/wp\/v2\/pages\/9639\/revisions"}],"up":[{"embeddable":true,"href":"https:\/\/irpp.org\/fr\/wp-json\/wp\/v2\/pages\/9148"}],"wp:featuredmedia":[{"embeddable":true,"href":"https:\/\/irpp.org\/fr\/wp-json\/wp\/v2\/media\/5368"}],"wp:attachment":[{"href":"https:\/\/irpp.org\/fr\/wp-json\/wp\/v2\/media?parent=9639"}],"wp:term":[{"taxonomy":"category","embeddable":true,"href":"https:\/\/irpp.org\/fr\/wp-json\/wp\/v2\/categories?post=9639"},{"taxonomy":"post_tag","embeddable":true,"href":"https:\/\/irpp.org\/fr\/wp-json\/wp\/v2\/tags?post=9639"}],"curies":[{"name":"wp","href":"https:\/\/api.w.org\/{rel}","templated":true}]}}