{"id":9636,"date":"2015-05-20T23:05:03","date_gmt":"2015-05-21T03:05:03","guid":{"rendered":"http:\/\/irpp.org\/collaborateurs\/"},"modified":"2015-05-20T23:05:03","modified_gmt":"2015-05-21T03:05:03","slug":"collaborateurs","status":"publish","type":"page","link":"https:\/\/irpp.org\/fr\/collaborateurs\/","title":{"rendered":"Collaborateurs"},"content":{"rendered":"<table cellpadding=\"10\">\n<tbody>\n<tr>\n<td style=\"vertical-align: top;\" colspan=\"6\">\n<h3>Directeurs<\/h3>\n<\/td>\n<\/tr>\n<tr>\n<td style=\"text-align: center; vertical-align: top;\"><img decoding=\"async\" class=\"alignnone wp-image-5419 size-full\" src=\"https:\/\/irpp.org\/wp-content\/uploads\/2015\/05\/david-green.jpg\" alt=\"david green\" width=\"96\" height=\"96\" srcset=\"https:\/\/irpp.org\/wp-content\/uploads\/2015\/05\/david-green.jpg 96w, https:\/\/irpp.org\/wp-content\/uploads\/2015\/05\/david-green-32x32.jpg 32w, https:\/\/irpp.org\/wp-content\/uploads\/2015\/05\/david-green-64x64.jpg 64w\" sizes=\"(max-width: 96px) 100vw, 96px\" \/><\/td>\n<td style=\"text-align: center; vertical-align: top;\"><img decoding=\"async\" class=\"alignnone wp-image-5420 size-full\" src=\"https:\/\/irpp.org\/wp-content\/uploads\/2015\/05\/craig-riddell.jpg\" alt=\"craig riddell\" width=\"96\" height=\"96\" srcset=\"https:\/\/irpp.org\/wp-content\/uploads\/2015\/05\/craig-riddell.jpg 96w, https:\/\/irpp.org\/wp-content\/uploads\/2015\/05\/craig-riddell-32x32.jpg 32w, https:\/\/irpp.org\/wp-content\/uploads\/2015\/05\/craig-riddell-64x64.jpg 64w\" sizes=\"(max-width: 96px) 100vw, 96px\" \/><\/td>\n<td style=\"text-align: center; vertical-align: top;\">\u00a0<img decoding=\"async\" class=\"alignnone wp-image-5421 size-full\" src=\"https:\/\/irpp.org\/wp-content\/uploads\/2015\/05\/france-sthilaire.jpg\" alt=\"france sthilaire\" width=\"96\" height=\"96\" srcset=\"https:\/\/irpp.org\/wp-content\/uploads\/2015\/05\/france-sthilaire.jpg 96w, https:\/\/irpp.org\/wp-content\/uploads\/2015\/05\/france-sthilaire-32x32.jpg 32w, https:\/\/irpp.org\/wp-content\/uploads\/2015\/05\/france-sthilaire-64x64.jpg 64w\" sizes=\"(max-width: 96px) 100vw, 96px\" \/><\/td>\n<td style=\"text-align: center; vertical-align: top;\"><\/td>\n<\/tr>\n<tr>\n<td style=\"text-align: center; vertical-align: top;\">David A. Green<br \/>\nUniversit\u00e9 de la Colombie-Britannique<\/td>\n<td style=\"text-align: center;\">\u00a0\u00a0W. Craig Riddell<br \/>\nUniversit\u00e9 de la Colombie-Britannique<\/td>\n<td style=\"text-align: center;\">\u00a0\u00a0France St-Hilaire<br \/>\nInstitut de recherche en politiques publiques<\/td>\n<td style=\"text-align: center; vertical-align: top;\"><\/td>\n<td style=\"text-align: center; vertical-align: top;\"><\/td>\n<td style=\"text-align: center; vertical-align: top;\"><\/td>\n<\/tr>\n<tr>\n<td style=\"vertical-align: top;\" colspan=\"6\">\n<h3><span style=\"line-height: 1.5;\">Auteurs<\/span><\/h3>\n<\/td>\n<\/tr>\n<tr>\n<td style=\"width: 16%; text-align: center; vertical-align: top;\"><img loading=\"lazy\" decoding=\"async\" class=\"alignnone wp-image-5422 size-full\" src=\"https:\/\/irpp.org\/wp-content\/uploads\/2015\/05\/keith-banting.jpg\" alt=\"keith banting\" width=\"96\" height=\"96\" srcset=\"https:\/\/irpp.org\/wp-content\/uploads\/2015\/05\/keith-banting.jpg 96w, https:\/\/irpp.org\/wp-content\/uploads\/2015\/05\/keith-banting-32x32.jpg 32w, https:\/\/irpp.org\/wp-content\/uploads\/2015\/05\/keith-banting-64x64.jpg 64w\" sizes=\"(max-width: 96px) 100vw, 96px\" \/><\/td>\n<td style=\"width: 16%; text-align: center; vertical-align: top;\"><img loading=\"lazy\" decoding=\"async\" class=\"alignnone wp-image-5423 size-full\" src=\"https:\/\/irpp.org\/wp-content\/uploads\/2015\/05\/charles-beach.jpg\" alt=\"charles beach\" width=\"96\" height=\"96\" srcset=\"https:\/\/irpp.org\/wp-content\/uploads\/2015\/05\/charles-beach.jpg 96w, https:\/\/irpp.org\/wp-content\/uploads\/2015\/05\/charles-beach-32x32.jpg 32w, https:\/\/irpp.org\/wp-content\/uploads\/2015\/05\/charles-beach-64x64.jpg 64w\" sizes=\"(max-width: 96px) 100vw, 96px\" \/><\/td>\n<td style=\"width: 16%; text-align: center; vertical-align: top;\"><img loading=\"lazy\" decoding=\"async\" class=\"alignnone wp-image-5424 size-full\" src=\"https:\/\/irpp.org\/wp-content\/uploads\/2015\/05\/tony-fang.jpg\" alt=\"tony fang\" width=\"96\" height=\"96\" srcset=\"https:\/\/irpp.org\/wp-content\/uploads\/2015\/05\/tony-fang.jpg 96w, https:\/\/irpp.org\/wp-content\/uploads\/2015\/05\/tony-fang-32x32.jpg 32w, https:\/\/irpp.org\/wp-content\/uploads\/2015\/05\/tony-fang-64x64.jpg 64w\" sizes=\"(max-width: 96px) 100vw, 96px\" \/><\/td>\n<td style=\"width: 16%; text-align: center; vertical-align: top;\"><img loading=\"lazy\" decoding=\"async\" class=\"alignnone wp-image-5425 size-full\" src=\"https:\/\/irpp.org\/wp-content\/uploads\/2015\/05\/kelly-foley.jpg\" alt=\"kelly foley\" width=\"96\" height=\"96\" srcset=\"https:\/\/irpp.org\/wp-content\/uploads\/2015\/05\/kelly-foley.jpg 96w, https:\/\/irpp.org\/wp-content\/uploads\/2015\/05\/kelly-foley-32x32.jpg 32w, https:\/\/irpp.org\/wp-content\/uploads\/2015\/05\/kelly-foley-64x64.jpg 64w\" sizes=\"(max-width: 96px) 100vw, 96px\" \/><\/td>\n<td style=\"width: 16%; text-align: center; vertical-align: top;\"><img loading=\"lazy\" decoding=\"async\" class=\"alignnone wp-image-5426 size-full\" src=\"https:\/\/irpp.org\/wp-content\/uploads\/2015\/05\/nicole-fortin.jpg\" alt=\"nicole fortin\" width=\"96\" height=\"96\" srcset=\"https:\/\/irpp.org\/wp-content\/uploads\/2015\/05\/nicole-fortin.jpg 96w, https:\/\/irpp.org\/wp-content\/uploads\/2015\/05\/nicole-fortin-32x32.jpg 32w, https:\/\/irpp.org\/wp-content\/uploads\/2015\/05\/nicole-fortin-64x64.jpg 64w\" sizes=\"(max-width: 96px) 100vw, 96px\" \/><\/td>\n<td style=\"width: 16%; text-align: center; vertical-align: top;\"><img decoding=\"async\" class=\"alignnone wp-image-5419 size-full\" src=\"https:\/\/irpp.org\/wp-content\/uploads\/2015\/05\/david-green.jpg\" alt=\"david green\" width=\"96\" height=\"96\" srcset=\"https:\/\/irpp.org\/wp-content\/uploads\/2015\/05\/david-green.jpg 96w, https:\/\/irpp.org\/wp-content\/uploads\/2015\/05\/david-green-32x32.jpg 32w, https:\/\/irpp.org\/wp-content\/uploads\/2015\/05\/david-green-64x64.jpg 64w\" sizes=\"(max-width: 96px) 100vw, 96px\" \/><\/td>\n<\/tr>\n<tr>\n<td style=\"width: 16%; text-align: center; vertical-align: top;\">Keith Banting<br \/>\nUniversit\u00e9 Queen&rsquo;s<\/td>\n<td style=\"width: 16%; text-align: center; vertical-align: top;\">Charles Beach<br \/>\nUniversit\u00e9 Queen&rsquo;s<\/td>\n<td style=\"width: 16%; text-align: center; vertical-align: top;\">Tony Fang<br \/>\nUniversit\u00e9 Monash, Melbourne<\/td>\n<td style=\"width: 16%; text-align: center; vertical-align: top;\">Kelly Foley<br \/>\nUniversit\u00e9 de la Saskatchewan<\/td>\n<td style=\"width: 16%; text-align: center; vertical-align: top;\">Nicole Fortin<br \/>\nUniversit\u00e9 de la Colombie-Britannique<\/td>\n<td style=\"width: 16%; text-align: center; vertical-align: top;\">David A. Green<br \/>\nUniversit\u00e9 de la Colombie-Britannique<\/td>\n<\/tr>\n<tr>\n<td style=\"width: 16%; text-align: center; vertical-align: top;\"><img loading=\"lazy\" decoding=\"async\" class=\"alignnone wp-image-5427 size-full\" src=\"https:\/\/irpp.org\/wp-content\/uploads\/2015\/05\/morley-gunderson.jpg\" alt=\"morley gunderson\" width=\"96\" height=\"96\" srcset=\"https:\/\/irpp.org\/wp-content\/uploads\/2015\/05\/morley-gunderson.jpg 96w, https:\/\/irpp.org\/wp-content\/uploads\/2015\/05\/morley-gunderson-32x32.jpg 32w, https:\/\/irpp.org\/wp-content\/uploads\/2015\/05\/morley-gunderson-64x64.jpg 64w\" sizes=\"(max-width: 96px) 100vw, 96px\" \/><\/td>\n<td style=\"width: 16%; text-align: center; vertical-align: top;\"><img loading=\"lazy\" decoding=\"async\" class=\"alignnone wp-image-5442 size-full\" src=\"https:\/\/irpp.org\/wp-content\/uploads\/2015\/05\/placeholder.jpg\" alt=\"placeholder\" width=\"96\" height=\"96\" srcset=\"https:\/\/irpp.org\/wp-content\/uploads\/2015\/05\/placeholder.jpg 96w, https:\/\/irpp.org\/wp-content\/uploads\/2015\/05\/placeholder-32x32.jpg 32w, https:\/\/irpp.org\/wp-content\/uploads\/2015\/05\/placeholder-64x64.jpg 64w\" sizes=\"(max-width: 96px) 100vw, 96px\" \/><\/td>\n<td style=\"width: 16%; text-align: center; vertical-align: top;\"><img loading=\"lazy\" decoding=\"async\" class=\"alignnone wp-image-5428 size-full\" src=\"https:\/\/irpp.org\/wp-content\/uploads\/2015\/05\/feng-hou.jpg\" alt=\"feng hou\" width=\"96\" height=\"96\" srcset=\"https:\/\/irpp.org\/wp-content\/uploads\/2015\/05\/feng-hou.jpg 96w, https:\/\/irpp.org\/wp-content\/uploads\/2015\/05\/feng-hou-32x32.jpg 32w, https:\/\/irpp.org\/wp-content\/uploads\/2015\/05\/feng-hou-64x64.jpg 64w\" sizes=\"(max-width: 96px) 100vw, 96px\" \/><\/td>\n<td style=\"width: 16%; text-align: center; vertical-align: top;\"><img loading=\"lazy\" decoding=\"async\" class=\"alignnone wp-image-5442 size-full\" src=\"https:\/\/irpp.org\/wp-content\/uploads\/2015\/05\/placeholder.jpg\" alt=\"placeholder\" width=\"96\" height=\"96\" srcset=\"https:\/\/irpp.org\/wp-content\/uploads\/2015\/05\/placeholder.jpg 96w, https:\/\/irpp.org\/wp-content\/uploads\/2015\/05\/placeholder-32x32.jpg 32w, https:\/\/irpp.org\/wp-content\/uploads\/2015\/05\/placeholder-64x64.jpg 64w\" sizes=\"(max-width: 96px) 100vw, 96px\" \/><\/td>\n<td style=\"width: 16%; text-align: center; vertical-align: top;\"><img loading=\"lazy\" decoding=\"async\" class=\"alignnone wp-image-5429 size-full\" src=\"https:\/\/irpp.org\/wp-content\/uploads\/2015\/05\/thomas-lemieux.jpg\" alt=\"thomas lemieux\" width=\"96\" height=\"96\" srcset=\"https:\/\/irpp.org\/wp-content\/uploads\/2015\/05\/thomas-lemieux.jpg 96w, https:\/\/irpp.org\/wp-content\/uploads\/2015\/05\/thomas-lemieux-32x32.jpg 32w, https:\/\/irpp.org\/wp-content\/uploads\/2015\/05\/thomas-lemieux-64x64.jpg 64w\" sizes=\"(max-width: 96px) 100vw, 96px\" \/><\/td>\n<td style=\"width: 16%; text-align: center; vertical-align: top;\"><img loading=\"lazy\" decoding=\"async\" class=\"alignnone wp-image-5430 size-full\" src=\"https:\/\/irpp.org\/wp-content\/uploads\/2015\/05\/joseph-marchand.jpg\" alt=\"joseph marchand\" width=\"96\" height=\"96\" srcset=\"https:\/\/irpp.org\/wp-content\/uploads\/2015\/05\/joseph-marchand.jpg 96w, https:\/\/irpp.org\/wp-content\/uploads\/2015\/05\/joseph-marchand-32x32.jpg 32w, https:\/\/irpp.org\/wp-content\/uploads\/2015\/05\/joseph-marchand-64x64.jpg 64w\" sizes=\"(max-width: 96px) 100vw, 96px\" \/><\/td>\n<\/tr>\n<tr>\n<td style=\"width: 16%; text-align: center; vertical-align: top;\">Morley Gunderson<br \/>\nUniversit\u00e9 de Toronto<\/td>\n<td style=\"width: 16%; text-align: center; vertical-align: top;\">Andrew Heisz<br \/>\nStatistique Canada<\/td>\n<td style=\"width: 16%; text-align: center; vertical-align: top;\">Feng Hou<br \/>\nStatistique Canada<\/td>\n<td style=\"width: 16%; text-align: center; vertical-align: top;\">Scott Legree<br \/>\nUniversit\u00e9 de Waterloo<\/td>\n<td style=\"width: 16%; text-align: center; vertical-align: top;\">Thomas Lemieux<br \/>\nUniversit\u00e9 de la Colombie-Britannique<\/td>\n<td style=\"width: 16%; text-align: center; vertical-align: top;\">Joseph Marchand<br \/>\nUniversit\u00e9 de l&rsquo;Alberta<\/td>\n<\/tr>\n<tr>\n<td style=\"width: 16%; text-align: center; vertical-align: top;\"><img loading=\"lazy\" decoding=\"async\" class=\"alignnone wp-image-5431 size-full\" src=\"https:\/\/irpp.org\/wp-content\/uploads\/2015\/05\/kevin-milligan.jpg\" alt=\"kevin milligan\" width=\"96\" height=\"96\" srcset=\"https:\/\/irpp.org\/wp-content\/uploads\/2015\/05\/kevin-milligan.jpg 96w, https:\/\/irpp.org\/wp-content\/uploads\/2015\/05\/kevin-milligan-32x32.jpg 32w, https:\/\/irpp.org\/wp-content\/uploads\/2015\/05\/kevin-milligan-64x64.jpg 64w\" sizes=\"(max-width: 96px) 100vw, 96px\" \/><\/td>\n<td style=\"width: 16%; text-align: center; vertical-align: top;\"><img loading=\"lazy\" decoding=\"async\" class=\"alignnone wp-image-5432 size-full\" src=\"https:\/\/irpp.org\/wp-content\/uploads\/2015\/05\/john-myles.jpg\" alt=\"john myles\" width=\"96\" height=\"96\" srcset=\"https:\/\/irpp.org\/wp-content\/uploads\/2015\/05\/john-myles.jpg 96w, https:\/\/irpp.org\/wp-content\/uploads\/2015\/05\/john-myles-32x32.jpg 32w, https:\/\/irpp.org\/wp-content\/uploads\/2015\/05\/john-myles-64x64.jpg 64w\" sizes=\"(max-width: 96px) 100vw, 96px\" \/><\/td>\n<td style=\"width: 16%; text-align: center; vertical-align: top;\"><img loading=\"lazy\" decoding=\"async\" class=\"alignnone wp-image-5442 size-full\" src=\"https:\/\/irpp.org\/wp-content\/uploads\/2015\/05\/placeholder.jpg\" alt=\"placeholder\" width=\"96\" height=\"96\" srcset=\"https:\/\/irpp.org\/wp-content\/uploads\/2015\/05\/placeholder.jpg 96w, https:\/\/irpp.org\/wp-content\/uploads\/2015\/05\/placeholder-32x32.jpg 32w, https:\/\/irpp.org\/wp-content\/uploads\/2015\/05\/placeholder-64x64.jpg 64w\" sizes=\"(max-width: 96px) 100vw, 96px\" \/><\/td>\n<td style=\"width: 16%; text-align: center; vertical-align: top;\"><img loading=\"lazy\" decoding=\"async\" class=\"alignnone wp-image-5433 size-full\" src=\"https:\/\/irpp.org\/wp-content\/uploads\/2015\/05\/sam-norris.jpg\" alt=\"sam norris\" width=\"96\" height=\"96\" srcset=\"https:\/\/irpp.org\/wp-content\/uploads\/2015\/05\/sam-norris.jpg 96w, https:\/\/irpp.org\/wp-content\/uploads\/2015\/05\/sam-norris-32x32.jpg 32w, https:\/\/irpp.org\/wp-content\/uploads\/2015\/05\/sam-norris-64x64.jpg 64w\" sizes=\"(max-width: 96px) 100vw, 96px\" \/><\/td>\n<td style=\"width: 16%; text-align: center; vertical-align: top;\"><img loading=\"lazy\" decoding=\"async\" class=\"alignnone wp-image-5434 size-full\" src=\"https:\/\/irpp.org\/wp-content\/uploads\/2015\/05\/lars-osberg.jpg\" alt=\"lars osberg\" width=\"96\" height=\"96\" srcset=\"https:\/\/irpp.org\/wp-content\/uploads\/2015\/05\/lars-osberg.jpg 96w, https:\/\/irpp.org\/wp-content\/uploads\/2015\/05\/lars-osberg-32x32.jpg 32w, https:\/\/irpp.org\/wp-content\/uploads\/2015\/05\/lars-osberg-64x64.jpg 64w\" sizes=\"(max-width: 96px) 100vw, 96px\" \/><\/td>\n<td style=\"width: 16%; text-align: center; vertical-align: top;\"><img loading=\"lazy\" decoding=\"async\" class=\"alignnone wp-image-5435 size-full\" src=\"https:\/\/irpp.org\/wp-content\/uploads\/2015\/05\/krishna-pendakur.jpg\" alt=\"krishna pendakur\" width=\"96\" height=\"96\" srcset=\"https:\/\/irpp.org\/wp-content\/uploads\/2015\/05\/krishna-pendakur.jpg 96w, https:\/\/irpp.org\/wp-content\/uploads\/2015\/05\/krishna-pendakur-32x32.jpg 32w, https:\/\/irpp.org\/wp-content\/uploads\/2015\/05\/krishna-pendakur-64x64.jpg 64w\" sizes=\"(max-width: 96px) 100vw, 96px\" \/><\/td>\n<\/tr>\n<tr>\n<td style=\"width: 16%; text-align: center; vertical-align: top;\">Kevin Milligan<br \/>\nUniversit\u00e9 de la Colombie-Britannique<\/td>\n<td style=\"width: 16%; text-align: center; vertical-align: top;\">John Myles<br \/>\nUniversit\u00e9 de Toronto<\/td>\n<td style=\"width: 16%; text-align: center; vertical-align: top;\">Brian Murphy<br \/>\nStatistique Canada<\/td>\n<td style=\"width: 16%; text-align: center; vertical-align: top;\">Sam Norris<br \/>\nUniversit\u00e9 Northwestern<\/td>\n<td style=\"width: 16%; text-align: center; vertical-align: top;\">Lars Osberg<br \/>\nUniversit\u00e9 Dalhousie<\/td>\n<td style=\"width: 16%; text-align: center; vertical-align: top;\">Krishna Pendakur<br \/>\nUniversit\u00e9 Simon Fraser<\/td>\n<\/tr>\n<tr>\n<td style=\"width: 16%; text-align: center; vertical-align: top;\"><img loading=\"lazy\" decoding=\"async\" class=\"alignnone wp-image-5436 size-full\" src=\"https:\/\/irpp.org\/wp-content\/uploads\/2015\/05\/garnette-picot.jpg\" alt=\"garnette picot\" width=\"96\" height=\"96\" srcset=\"https:\/\/irpp.org\/wp-content\/uploads\/2015\/05\/garnette-picot.jpg 96w, https:\/\/irpp.org\/wp-content\/uploads\/2015\/05\/garnette-picot-32x32.jpg 32w, https:\/\/irpp.org\/wp-content\/uploads\/2015\/05\/garnette-picot-64x64.jpg 64w\" sizes=\"(max-width: 96px) 100vw, 96px\" \/><\/td>\n<td style=\"width: 16%; text-align: center; vertical-align: top;\"><img decoding=\"async\" class=\"alignnone wp-image-5420 size-full\" src=\"https:\/\/irpp.org\/wp-content\/uploads\/2015\/05\/craig-riddell.jpg\" alt=\"craig riddell\" width=\"96\" height=\"96\" srcset=\"https:\/\/irpp.org\/wp-content\/uploads\/2015\/05\/craig-riddell.jpg 96w, https:\/\/irpp.org\/wp-content\/uploads\/2015\/05\/craig-riddell-32x32.jpg 32w, https:\/\/irpp.org\/wp-content\/uploads\/2015\/05\/craig-riddell-64x64.jpg 64w\" sizes=\"(max-width: 96px) 100vw, 96px\" \/><\/td>\n<td style=\"width: 16%; text-align: center; vertical-align: top;\"><img loading=\"lazy\" decoding=\"async\" class=\"alignnone wp-image-5437 size-full\" src=\"https:\/\/irpp.org\/wp-content\/uploads\/2015\/05\/benjamin-sand.jpg\" alt=\"benjamin sand\" width=\"96\" height=\"96\" srcset=\"https:\/\/irpp.org\/wp-content\/uploads\/2015\/05\/benjamin-sand.jpg 96w, https:\/\/irpp.org\/wp-content\/uploads\/2015\/05\/benjamin-sand-32x32.jpg 32w, https:\/\/irpp.org\/wp-content\/uploads\/2015\/05\/benjamin-sand-64x64.jpg 64w\" sizes=\"(max-width: 96px) 100vw, 96px\" \/><\/td>\n<td style=\"width: 16%; text-align: center; vertical-align: top;\"><img loading=\"lazy\" decoding=\"async\" class=\"alignnone wp-image-5438 size-full\" src=\"https:\/\/irpp.org\/wp-content\/uploads\/2015\/05\/tammy-schirle.jpg\" alt=\"tammy schirle\" width=\"96\" height=\"96\" srcset=\"https:\/\/irpp.org\/wp-content\/uploads\/2015\/05\/tammy-schirle.jpg 96w, https:\/\/irpp.org\/wp-content\/uploads\/2015\/05\/tammy-schirle-32x32.jpg 32w, https:\/\/irpp.org\/wp-content\/uploads\/2015\/05\/tammy-schirle-64x64.jpg 64w\" sizes=\"(max-width: 96px) 100vw, 96px\" \/><\/td>\n<td style=\"width: 16%; text-align: center; vertical-align: top;\"><img loading=\"lazy\" decoding=\"async\" class=\"alignnone wp-image-5439 size-full\" src=\"https:\/\/irpp.org\/wp-content\/uploads\/2015\/05\/mikal-skuterud.jpg\" alt=\"mikal skuterud\" width=\"96\" height=\"96\" srcset=\"https:\/\/irpp.org\/wp-content\/uploads\/2015\/05\/mikal-skuterud.jpg 96w, https:\/\/irpp.org\/wp-content\/uploads\/2015\/05\/mikal-skuterud-32x32.jpg 32w, https:\/\/irpp.org\/wp-content\/uploads\/2015\/05\/mikal-skuterud-64x64.jpg 64w\" sizes=\"(max-width: 96px) 100vw, 96px\" \/><\/td>\n<td style=\"width: 16%; text-align: center; vertical-align: top;\"><img loading=\"lazy\" decoding=\"async\" class=\"alignnone wp-image-5440 size-full\" src=\"https:\/\/irpp.org\/wp-content\/uploads\/2015\/05\/michael-smart.jpg\" alt=\"michael smart\" width=\"96\" height=\"96\" srcset=\"https:\/\/irpp.org\/wp-content\/uploads\/2015\/05\/michael-smart.jpg 96w, https:\/\/irpp.org\/wp-content\/uploads\/2015\/05\/michael-smart-32x32.jpg 32w, https:\/\/irpp.org\/wp-content\/uploads\/2015\/05\/michael-smart-64x64.jpg 64w\" sizes=\"(max-width: 96px) 100vw, 96px\" \/><\/td>\n<\/tr>\n<tr>\n<td style=\"width: 16%; text-align: center; vertical-align: top;\">Garnett Picot<br \/>\nUniversit\u00e9 Queen&rsquo;s<\/td>\n<td style=\"width: 16%; text-align: center; vertical-align: top;\">W. Craig Riddell<br \/>\nUniversit\u00e9 de la Colombie-Britannique<\/td>\n<td style=\"width: 16%; text-align: center; vertical-align: top;\">Benjamin Sand<br \/>\nUniversit\u00e9 York<\/td>\n<td style=\"width: 16%; text-align: center; vertical-align: top;\">Tammy Schirle<br \/>\nUniversit\u00e9 Wilfrid- Laurier<\/td>\n<td style=\"width: 16%; text-align: center; vertical-align: top;\">Mikal Skuterud<br \/>\nUniversit\u00e9 de Waterloo<\/td>\n<td style=\"width: 16%; text-align: center; vertical-align: top;\">Michael Smart<br \/>\nUniversit\u00e9 de Toronto<\/td>\n<\/tr>\n<tr>\n<td style=\"width: 16%; text-align: center; vertical-align: top;\"><img loading=\"lazy\" decoding=\"async\" class=\"alignnone wp-image-5442 size-full\" src=\"https:\/\/irpp.org\/wp-content\/uploads\/2015\/05\/placeholder.jpg\" alt=\"placeholder\" width=\"96\" height=\"96\" srcset=\"https:\/\/irpp.org\/wp-content\/uploads\/2015\/05\/placeholder.jpg 96w, https:\/\/irpp.org\/wp-content\/uploads\/2015\/05\/placeholder-32x32.jpg 32w, https:\/\/irpp.org\/wp-content\/uploads\/2015\/05\/placeholder-64x64.jpg 64w\" sizes=\"(max-width: 96px) 100vw, 96px\" \/><\/td>\n<td style=\"width: 16%; text-align: center; vertical-align: top;\"><img loading=\"lazy\" decoding=\"async\" class=\"alignnone wp-image-5441 size-full\" src=\"https:\/\/irpp.org\/wp-content\/uploads\/2015\/05\/chris-worswick.jpg\" alt=\"chris worswick\" width=\"96\" height=\"96\" srcset=\"https:\/\/irpp.org\/wp-content\/uploads\/2015\/05\/chris-worswick.jpg 96w, https:\/\/irpp.org\/wp-content\/uploads\/2015\/05\/chris-worswick-32x32.jpg 32w, https:\/\/irpp.org\/wp-content\/uploads\/2015\/05\/chris-worswick-64x64.jpg 64w\" sizes=\"(max-width: 96px) 100vw, 96px\" \/><\/td>\n<td style=\"width: 16%; text-align: center; vertical-align: top;\"><\/td>\n<td style=\"width: 16%; text-align: center; vertical-align: top;\"><\/td>\n<td style=\"width: 16%; text-align: center; vertical-align: top;\"><\/td>\n<td style=\"width: 16%; text-align: center; vertical-align: top;\"><\/td>\n<\/tr>\n<tr>\n<td style=\"width: 16%; text-align: center; vertical-align: top;\">Casey Warman<br \/>\nUniversit\u00e9 Dalhousie<\/td>\n<td style=\"width: 16%; text-align: center; vertical-align: top;\">Christopher Worswick<br \/>\nUniversit\u00e9 Carleton<\/td>\n<td style=\"width: 16%; text-align: center; vertical-align: top;\"><\/td>\n<td style=\"width: 16%; text-align: center; vertical-align: top;\"><\/td>\n<td style=\"width: 16%; text-align: center; vertical-align: top;\"><\/td>\n<td style=\"width: 16%; text-align: center; vertical-align: top;\"><\/td>\n<\/tr>\n<\/tbody>\n<\/table>\n<p>&nbsp;<\/p>","protected":false},"excerpt":{"rendered":"<p>Directeurs \u00a0 David A. Green Universit\u00e9 de la Colombie-Britannique \u00a0\u00a0W. Craig Riddell Universit\u00e9 de la Colombie-Britannique \u00a0\u00a0France St-Hilaire Institut de recherche en politiques publiques Auteurs Keith Banting Universit\u00e9 Queen&rsquo;s Charles Beach Universit\u00e9 Queen&rsquo;s Tony Fang Universit\u00e9 Monash, Melbourne Kelly Foley Universit\u00e9 de la Saskatchewan Nicole Fortin Universit\u00e9 de la Colombie-Britannique David A. Green Universit\u00e9 de [&hellip;]<\/p>\n","protected":false},"author":1,"featured_media":0,"parent":0,"menu_order":0,"comment_status":"closed","ping_status":"open","template":"","meta":{"content-type":"","footnotes":""},"categories":[],"tags":[],"class_list":["post-9636","page","type-page","status-publish","hentry"],"acf":[],"yoast_head":"<!-- This site is optimized with the Yoast SEO plugin v15.7 - https:\/\/yoast.com\/wordpress\/plugins\/seo\/ -->\n<meta name=\"robots\" content=\"index, follow, max-snippet:-1, max-image-preview:large, max-video-preview:-1\" \/>\n<link rel=\"canonical\" href=\"https:\/\/irpp.org\/fr\/collaborateurs\/\" \/>\n<meta property=\"og:locale\" content=\"fr_FR\" \/>\n<meta property=\"og:type\" content=\"article\" \/>\n<meta property=\"og:title\" content=\"Collaborateurs - IRPP\" \/>\n<meta property=\"og:description\" content=\"Directeurs \u00a0 David A. Green Universit\u00e9 de la Colombie-Britannique \u00a0\u00a0W. Craig Riddell Universit\u00e9 de la Colombie-Britannique \u00a0\u00a0France St-Hilaire Institut de recherche en politiques publiques Auteurs Keith Banting Universit\u00e9 Queen&rsquo;s Charles Beach Universit\u00e9 Queen&rsquo;s Tony Fang Universit\u00e9 Monash, Melbourne Kelly Foley Universit\u00e9 de la Saskatchewan Nicole Fortin Universit\u00e9 de la Colombie-Britannique David A. Green Universit\u00e9 de [&hellip;]\" \/>\n<meta property=\"og:url\" content=\"https:\/\/irpp.org\/fr\/collaborateurs\/\" \/>\n<meta property=\"og:site_name\" content=\"IRPP\" \/>\n<meta property=\"article:publisher\" content=\"https:\/\/www.facebook.com\/IRPP.org\" \/>\n<meta property=\"og:image\" content=\"https:\/\/irpp.org\/wp-content\/uploads\/2015\/05\/david-green.jpg\" \/>\n<meta name=\"twitter:card\" content=\"summary_large_image\" \/>\n<meta name=\"twitter:site\" content=\"@irpp\" \/>\n<meta name=\"twitter:label1\" content=\"Dur\u00e9e de lecture est.\">\n\t<meta name=\"twitter:data1\" content=\"1 minute\">\n<script type=\"application\/ld+json\" class=\"yoast-schema-graph\">{\"@context\":\"https:\/\/schema.org\",\"@graph\":[{\"@type\":\"WebSite\",\"@id\":\"https:\/\/irpp.org\/#website\",\"url\":\"https:\/\/irpp.org\/\",\"name\":\"IRPP\",\"description\":\"Institute for Research on Public Policy\",\"potentialAction\":[{\"@type\":\"SearchAction\",\"target\":\"https:\/\/irpp.org\/?s={search_term_string}\",\"query-input\":\"required name=search_term_string\"}],\"inLanguage\":\"fr-FR\"},{\"@type\":\"ImageObject\",\"@id\":\"https:\/\/irpp.org\/fr\/collaborateurs\/#primaryimage\",\"inLanguage\":\"fr-FR\",\"url\":\"https:\/\/irpp.org\/wp-content\/uploads\/2015\/05\/david-green.jpg\",\"width\":96,\"height\":96},{\"@type\":\"WebPage\",\"@id\":\"https:\/\/irpp.org\/fr\/collaborateurs\/#webpage\",\"url\":\"https:\/\/irpp.org\/fr\/collaborateurs\/\",\"name\":\"Collaborateurs - IRPP\",\"isPartOf\":{\"@id\":\"https:\/\/irpp.org\/#website\"},\"primaryImageOfPage\":{\"@id\":\"https:\/\/irpp.org\/fr\/collaborateurs\/#primaryimage\"},\"datePublished\":\"2015-05-21T03:05:03+00:00\",\"dateModified\":\"2015-05-21T03:05:03+00:00\",\"inLanguage\":\"fr-FR\",\"potentialAction\":[{\"@type\":\"ReadAction\",\"target\":[\"https:\/\/irpp.org\/fr\/collaborateurs\/\"]}]}]}<\/script>\n<!-- \/ Yoast SEO plugin. -->","distributor_meta":false,"distributor_terms":false,"distributor_media":false,"distributor_original_site_name":"IRPP","distributor_original_site_url":"https:\/\/irpp.org\/fr\/","push-errors":false,"_links":{"self":[{"href":"https:\/\/irpp.org\/fr\/wp-json\/wp\/v2\/pages\/9636","targetHints":{"allow":["GET"]}}],"collection":[{"href":"https:\/\/irpp.org\/fr\/wp-json\/wp\/v2\/pages"}],"about":[{"href":"https:\/\/irpp.org\/fr\/wp-json\/wp\/v2\/types\/page"}],"author":[{"embeddable":true,"href":"https:\/\/irpp.org\/fr\/wp-json\/wp\/v2\/users\/1"}],"replies":[{"embeddable":true,"href":"https:\/\/irpp.org\/fr\/wp-json\/wp\/v2\/comments?post=9636"}],"version-history":[{"count":0,"href":"https:\/\/irpp.org\/fr\/wp-json\/wp\/v2\/pages\/9636\/revisions"}],"wp:attachment":[{"href":"https:\/\/irpp.org\/fr\/wp-json\/wp\/v2\/media?parent=9636"}],"wp:term":[{"taxonomy":"category","embeddable":true,"href":"https:\/\/irpp.org\/fr\/wp-json\/wp\/v2\/categories?post=9636"},{"taxonomy":"post_tag","embeddable":true,"href":"https:\/\/irpp.org\/fr\/wp-json\/wp\/v2\/tags?post=9636"}],"curies":[{"name":"wp","href":"https:\/\/api.w.org\/{rel}","templated":true}]}}