{"id":9633,"date":"2015-03-31T12:40:36","date_gmt":"2015-03-31T16:40:36","guid":{"rendered":"http:\/\/irpp.org\/competences-et-marche-du-travail\/"},"modified":"2020-06-18T14:05:07","modified_gmt":"2020-06-18T18:05:07","slug":"competences-et-marche-du-travail","status":"publish","type":"page","link":"https:\/\/irpp.org\/fr\/recherche\/competences-et-marche-du-travail\/","title":{"rendered":"Comp\u00e9tences et march\u00e9 du travail"},"content":{"rendered":"<p>Ce programme de recherche vise \u00e0 produire une analyse int\u00e9gr\u00e9e et \u00e0 long terme des d\u00e9fis politiques auxquels doit r\u00e9pondre le march\u00e9 du travail canadien dans la prochaine d\u00e9cennie face au vieillissement d\u00e9mographique, aux changements technologiques et aux besoins en main-d&rsquo;\u0153uvre qualifi\u00e9e.<\/p>\n<p>Le programme est actuellement centr\u00e9 sur les th\u00e8mes suivants :<\/p>\n<ul>\n<li>\u00c9valuer les changements actuels et \u00e9mergents touchant l&rsquo;offre et la demande de comp\u00e9tences ainsi que la nature du travail<\/li>\n<li>Adapter la politique de d\u00e9veloppement des comp\u00e9tences au nouveau march\u00e9 du travail<\/li>\n<li>Restructurer les programmes canadiens de soutien du revenu et de l&#8217;emploi selon l&rsquo;\u00e9volution des besoins des travailleurs, des ch\u00f4meurs et des entreprises<\/li>\n<\/ul>\n<p>\u00c9tudes en cours :<\/p>\n<ul>\n<li>Am\u00e9liorer les comp\u00e9tences et la productivit\u00e9 en misant sur la formation parrain\u00e9e par l&#8217;employeur<\/li>\n<li>R\u00e9examiner les mesures d&rsquo;aide \u00e0 l&#8217;emploi pour les personnes ayant des incapacit\u00e9s<\/li>\n<li>\u00c9laborer une nouvelle vision de l&rsquo;assurance-emploi<\/li>\n<\/ul>","protected":false},"excerpt":{"rendered":"<p>Ce programme de recherche vise \u00e0 produire une analyse int\u00e9gr\u00e9e et \u00e0 long terme des d\u00e9fis politiques auxquels doit r\u00e9pondre le march\u00e9 du travail canadien dans la prochaine d\u00e9cennie face au vieillissement d\u00e9mographique, aux changements technologiques et aux besoins en main-d&rsquo;\u0153uvre qualifi\u00e9e. Le programme est actuellement centr\u00e9 sur les th\u00e8mes suivants : \u00c9valuer les changements [&hellip;]<\/p>\n","protected":false},"author":1,"featured_media":11855,"parent":9148,"menu_order":0,"comment_status":"open","ping_status":"open","template":"page-research-program.php","meta":{"content-type":"","footnotes":""},"categories":[98],"tags":[],"class_list":["post-9633","page","type-page","status-publish","has-post-thumbnail","hentry","category-research-programs-fr"],"acf":[],"yoast_head":"<!-- This site is optimized with the Yoast SEO plugin v15.7 - https:\/\/yoast.com\/wordpress\/plugins\/seo\/ -->\n<meta name=\"description\" content=\"Ce programme vise \u00e0 produire une analyse int\u00e9gr\u00e9e des d\u00e9fis politiques auxquels doit r\u00e9pondre le march\u00e9 du travail canadien dans la prochaine d\u00e9cennie.\" \/>\n<meta name=\"robots\" content=\"index, follow, max-snippet:-1, max-image-preview:large, max-video-preview:-1\" \/>\n<link rel=\"canonical\" href=\"https:\/\/irpp.org\/fr\/recherche\/competences-et-marche-du-travail\/\" \/>\n<meta property=\"og:locale\" content=\"fr_FR\" \/>\n<meta property=\"og:type\" content=\"article\" \/>\n<meta property=\"og:title\" content=\"Comp\u00e9tences et march\u00e9 du travail\" \/>\n<meta property=\"og:description\" content=\"Ce programme vise \u00e0 produire une analyse int\u00e9gr\u00e9e des d\u00e9fis politiques auxquels doit r\u00e9pondre le march\u00e9 du travail canadien dans la prochaine d\u00e9cennie.\" \/>\n<meta property=\"og:url\" content=\"https:\/\/irpp.org\/fr\/recherche\/competences-et-marche-du-travail\/\" \/>\n<meta property=\"og:site_name\" content=\"IRPP\" \/>\n<meta property=\"article:publisher\" content=\"https:\/\/www.facebook.com\/IRPP.org\" \/>\n<meta property=\"article:modified_time\" content=\"2020-06-18T18:05:07+00:00\" \/>\n<meta property=\"og:image\" content=\"https:\/\/irpp.org\/wp-content\/uploads\/2018\/05\/labour-market.jpg\" \/>\n\t<meta property=\"og:image:width\" content=\"2000\" \/>\n\t<meta property=\"og:image:height\" content=\"700\" \/>\n<meta name=\"twitter:card\" content=\"summary_large_image\" \/>\n<meta name=\"twitter:site\" content=\"@irpp\" \/>\n<meta name=\"twitter:label1\" content=\"Dur\u00e9e de lecture est.\">\n\t<meta name=\"twitter:data1\" content=\"1 minute\">\n<script type=\"application\/ld+json\" class=\"yoast-schema-graph\">{\"@context\":\"https:\/\/schema.org\",\"@graph\":[{\"@type\":\"WebSite\",\"@id\":\"https:\/\/irpp.org\/#website\",\"url\":\"https:\/\/irpp.org\/\",\"name\":\"IRPP\",\"description\":\"Institute for Research on Public Policy\",\"potentialAction\":[{\"@type\":\"SearchAction\",\"target\":\"https:\/\/irpp.org\/?s={search_term_string}\",\"query-input\":\"required name=search_term_string\"}],\"inLanguage\":\"fr-FR\"},{\"@type\":\"ImageObject\",\"@id\":\"https:\/\/irpp.org\/fr\/recherche\/competences-et-marche-du-travail\/#primaryimage\",\"inLanguage\":\"fr-FR\",\"url\":\"https:\/\/irpp.org\/wp-content\/uploads\/2018\/05\/labour-market.jpg\",\"width\":2000,\"height\":700},{\"@type\":\"WebPage\",\"@id\":\"https:\/\/irpp.org\/fr\/recherche\/competences-et-marche-du-travail\/#webpage\",\"url\":\"https:\/\/irpp.org\/fr\/recherche\/competences-et-marche-du-travail\/\",\"name\":\"Comp\\u00e9tences et march\\u00e9 du travail\",\"isPartOf\":{\"@id\":\"https:\/\/irpp.org\/#website\"},\"primaryImageOfPage\":{\"@id\":\"https:\/\/irpp.org\/fr\/recherche\/competences-et-marche-du-travail\/#primaryimage\"},\"datePublished\":\"2015-03-31T16:40:36+00:00\",\"dateModified\":\"2020-06-18T18:05:07+00:00\",\"description\":\"Ce programme vise \\u00e0 produire une analyse int\\u00e9gr\\u00e9e des d\\u00e9fis politiques auxquels doit r\\u00e9pondre le march\\u00e9 du travail canadien dans la prochaine d\\u00e9cennie.\",\"inLanguage\":\"fr-FR\",\"potentialAction\":[{\"@type\":\"ReadAction\",\"target\":[\"https:\/\/irpp.org\/fr\/recherche\/competences-et-marche-du-travail\/\"]}]}]}<\/script>\n<!-- \/ Yoast SEO plugin. -->","distributor_meta":false,"distributor_terms":false,"distributor_media":false,"distributor_original_site_name":"IRPP","distributor_original_site_url":"https:\/\/irpp.org\/fr\/","push-errors":false,"_links":{"self":[{"href":"https:\/\/irpp.org\/fr\/wp-json\/wp\/v2\/pages\/9633","targetHints":{"allow":["GET"]}}],"collection":[{"href":"https:\/\/irpp.org\/fr\/wp-json\/wp\/v2\/pages"}],"about":[{"href":"https:\/\/irpp.org\/fr\/wp-json\/wp\/v2\/types\/page"}],"author":[{"embeddable":true,"href":"https:\/\/irpp.org\/fr\/wp-json\/wp\/v2\/users\/1"}],"replies":[{"embeddable":true,"href":"https:\/\/irpp.org\/fr\/wp-json\/wp\/v2\/comments?post=9633"}],"version-history":[{"count":0,"href":"https:\/\/irpp.org\/fr\/wp-json\/wp\/v2\/pages\/9633\/revisions"}],"up":[{"embeddable":true,"href":"https:\/\/irpp.org\/fr\/wp-json\/wp\/v2\/pages\/9148"}],"wp:featuredmedia":[{"embeddable":true,"href":"https:\/\/irpp.org\/fr\/wp-json\/wp\/v2\/media\/11855"}],"wp:attachment":[{"href":"https:\/\/irpp.org\/fr\/wp-json\/wp\/v2\/media?parent=9633"}],"wp:term":[{"taxonomy":"category","embeddable":true,"href":"https:\/\/irpp.org\/fr\/wp-json\/wp\/v2\/categories?post=9633"},{"taxonomy":"post_tag","embeddable":true,"href":"https:\/\/irpp.org\/fr\/wp-json\/wp\/v2\/tags?post=9633"}],"curies":[{"name":"wp","href":"https:\/\/api.w.org\/{rel}","templated":true}]}}