{"id":9631,"date":"2015-03-17T12:06:56","date_gmt":"2015-03-17T16:06:56","guid":{"rendered":"http:\/\/irpp.org\/linegalite-des-revenus\/"},"modified":"2023-03-27T14:54:06","modified_gmt":"2023-03-27T18:54:06","slug":"inegalite-des-revenus","status":"publish","type":"page","link":"https:\/\/irpp.org\/fr\/recherche\/inegalite-des-revenus\/","title":{"rendered":"L\u2019in\u00e9galit\u00e9 des revenus"},"content":{"rendered":"<p>L\u2019in\u00e9galit\u00e9 croissante des revenus est au coeur du d\u00e9bat public canadien depuis plusieurs ann\u00e9es, mais il reste beaucoup \u00e0 apprendre sur les forces \u00e9conomiques qui dictent la r\u00e9partition des gains et des salaires, tout autant que leur \u00e9volution future.<\/p>\n<p>De concert avec le <a href=\"https:\/\/www.clsrn.econ.ubc.ca\/\">R\u00e9seau canadien de chercheurs dans le domaine du march\u00e9 du travail et des comp\u00e9tences<\/a>, l\u2019Institut de recherche en politiques publiques a r\u00e9uni certains des meilleurs experts du pays pour d\u00e9terminer les causes et les effets du ph\u00e9nom\u00e8ne et examiner le r\u00f4le des politiques publiques. Leurs travaux dressent un tableau global des tendances des derni\u00e8res d\u00e9cennies en mati\u00e8re d\u2019in\u00e9galit\u00e9, pour ce qui est notamment de la dynamique des gains et revenus au sein des classes moyenne et sup\u00e9rieure, de la polarisation des salaires et des emplois entre provinces, et de la pauvret\u00e9 chronique chez les groupes vuln\u00e9rables. En vue d\u2019offrir de nouvelles orientations, ils analysent aussi l\u2019\u00e9volution du r\u00f4le de l\u2019\u00e9ducation et de la syndicalisation, de m\u00eame que l\u2019interaction complexe des politiques et programmes de redistribution.<\/p>\n<p>Ces travaux ont \u00e9t\u00e9 publi\u00e9s dans l\u2019ouvrage collectif <a href=\"https:\/\/irpp.org\/fr\/recherche\/income-inequality-the-canadian-story\/\"><em>Income Inequality: The Canadian Story<\/em><\/a>, le cinqui\u00e8me volume de la collection <a href=\"https:\/\/irpp.org\/fr\/recherche\/lart-de-letat\/\">L\u2019art de l\u2019\u00c9tat<\/a> de l\u2019IRPP, sous la direction de <a href=\"https:\/\/irpp.org\/fr\/people\/research-fellows\/david-green\/\">David A. Green<\/a>, <a href=\"https:\/\/irpp.org\/fr\/people\/research-fellows\/craig-riddell\/\">W. Craig Riddell<\/a> et <a href=\"https:\/\/irpp.org\/fr\/people\/our-staff\/france-st-hilaire\/\">France St-Hilaire<\/a>. Il a obtenu le prix comm\u00e9moratif Doug Purvis en 2017, qui distingue chaque ann\u00e9e un ouvrage particuli\u00e8rement remarquable sur la politique \u00e9conomique du Canada.<\/p>\n<p>Ce livre, dont tous les chapitres sont accessibles en ligne, peut \u00eatre command\u00e9 au <a href=\"https:\/\/store.irpp.org\/products\/income-inequality-the-canadian-story\">magasin en ligne de l\u2019IRPP<\/a>.<\/p>\n<p>&nbsp;<\/p>","protected":false},"excerpt":{"rendered":"<p>L\u2019in\u00e9galit\u00e9 croissante des revenus est au coeur du d\u00e9bat public canadien depuis plusieurs ann\u00e9es, mais il reste beaucoup \u00e0 apprendre sur les forces \u00e9conomiques qui dictent la r\u00e9partition des gains et des salaires, tout autant que leur \u00e9volution future. De concert avec le R\u00e9seau canadien de chercheurs dans le domaine du march\u00e9 du travail et [&hellip;]<\/p>\n","protected":false},"author":1,"featured_media":11213,"parent":9148,"menu_order":6,"comment_status":"open","ping_status":"open","template":"page-research-program.php","meta":{"content-type":"","footnotes":""},"categories":[98],"tags":[],"class_list":["post-9631","page","type-page","status-publish","has-post-thumbnail","hentry","category-research-programs-fr"],"acf":[],"yoast_head":"<!-- This site is optimized with the Yoast SEO plugin v15.7 - https:\/\/yoast.com\/wordpress\/plugins\/seo\/ -->\n<meta name=\"description\" content=\"L\u2019in\u00e9galit\u00e9 croissante des revenus est au coeur du d\u00e9bat public canadien depuis plusieurs ann\u00e9es, mais il reste beaucoup \u00e0 apprendre.\" \/>\n<meta name=\"robots\" content=\"index, follow, max-snippet:-1, max-image-preview:large, max-video-preview:-1\" \/>\n<link rel=\"canonical\" href=\"https:\/\/irpp.org\/fr\/recherche\/inegalite-des-revenus\/\" \/>\n<meta property=\"og:locale\" content=\"fr_FR\" \/>\n<meta property=\"og:type\" content=\"article\" \/>\n<meta property=\"og:title\" content=\"L\u2019in\u00e9galit\u00e9 des revenus\" \/>\n<meta property=\"og:description\" content=\"L\u2019in\u00e9galit\u00e9 croissante des revenus est au coeur du d\u00e9bat public canadien depuis plusieurs ann\u00e9es, mais il reste beaucoup \u00e0 apprendre.\" \/>\n<meta property=\"og:url\" content=\"https:\/\/irpp.org\/fr\/recherche\/inegalite-des-revenus\/\" \/>\n<meta property=\"og:site_name\" content=\"IRPP\" \/>\n<meta property=\"article:publisher\" content=\"https:\/\/www.facebook.com\/IRPP.org\" \/>\n<meta property=\"article:modified_time\" content=\"2023-03-27T18:54:06+00:00\" \/>\n<meta property=\"og:image\" content=\"https:\/\/irpp.org\/wp-content\/uploads\/2016\/02\/Income-inequality-in-canada.jpg\" \/>\n\t<meta property=\"og:image:width\" content=\"2000\" \/>\n\t<meta property=\"og:image:height\" content=\"700\" \/>\n<meta name=\"twitter:card\" content=\"summary_large_image\" \/>\n<meta name=\"twitter:site\" content=\"@irpp\" \/>\n<meta name=\"twitter:label1\" content=\"Dur\u00e9e de lecture est.\">\n\t<meta name=\"twitter:data1\" content=\"1 minute\">\n<script type=\"application\/ld+json\" class=\"yoast-schema-graph\">{\"@context\":\"https:\/\/schema.org\",\"@graph\":[{\"@type\":\"WebSite\",\"@id\":\"https:\/\/irpp.org\/#website\",\"url\":\"https:\/\/irpp.org\/\",\"name\":\"IRPP\",\"description\":\"Institute for Research on Public Policy\",\"potentialAction\":[{\"@type\":\"SearchAction\",\"target\":\"https:\/\/irpp.org\/?s={search_term_string}\",\"query-input\":\"required name=search_term_string\"}],\"inLanguage\":\"fr-FR\"},{\"@type\":\"ImageObject\",\"@id\":\"https:\/\/irpp.org\/fr\/recherche\/inegalite-des-revenus\/#primaryimage\",\"inLanguage\":\"fr-FR\",\"url\":\"https:\/\/irpp.org\/wp-content\/uploads\/2016\/02\/Income-inequality-in-canada.jpg\",\"width\":2000,\"height\":700},{\"@type\":\"WebPage\",\"@id\":\"https:\/\/irpp.org\/fr\/recherche\/inegalite-des-revenus\/#webpage\",\"url\":\"https:\/\/irpp.org\/fr\/recherche\/inegalite-des-revenus\/\",\"name\":\"L\\u2019in\\u00e9galit\\u00e9 des revenus\",\"isPartOf\":{\"@id\":\"https:\/\/irpp.org\/#website\"},\"primaryImageOfPage\":{\"@id\":\"https:\/\/irpp.org\/fr\/recherche\/inegalite-des-revenus\/#primaryimage\"},\"datePublished\":\"2015-03-17T16:06:56+00:00\",\"dateModified\":\"2023-03-27T18:54:06+00:00\",\"description\":\"L\\u2019in\\u00e9galit\\u00e9 croissante des revenus est au coeur du d\\u00e9bat public canadien depuis plusieurs ann\\u00e9es, mais il reste beaucoup \\u00e0 apprendre.\",\"inLanguage\":\"fr-FR\",\"potentialAction\":[{\"@type\":\"ReadAction\",\"target\":[\"https:\/\/irpp.org\/fr\/recherche\/inegalite-des-revenus\/\"]}]}]}<\/script>\n<!-- \/ Yoast SEO plugin. -->","distributor_meta":false,"distributor_terms":false,"distributor_media":false,"distributor_original_site_name":"IRPP","distributor_original_site_url":"https:\/\/irpp.org\/fr\/","push-errors":false,"_links":{"self":[{"href":"https:\/\/irpp.org\/fr\/wp-json\/wp\/v2\/pages\/9631","targetHints":{"allow":["GET"]}}],"collection":[{"href":"https:\/\/irpp.org\/fr\/wp-json\/wp\/v2\/pages"}],"about":[{"href":"https:\/\/irpp.org\/fr\/wp-json\/wp\/v2\/types\/page"}],"author":[{"embeddable":true,"href":"https:\/\/irpp.org\/fr\/wp-json\/wp\/v2\/users\/1"}],"replies":[{"embeddable":true,"href":"https:\/\/irpp.org\/fr\/wp-json\/wp\/v2\/comments?post=9631"}],"version-history":[{"count":0,"href":"https:\/\/irpp.org\/fr\/wp-json\/wp\/v2\/pages\/9631\/revisions"}],"up":[{"embeddable":true,"href":"https:\/\/irpp.org\/fr\/wp-json\/wp\/v2\/pages\/9148"}],"wp:featuredmedia":[{"embeddable":true,"href":"https:\/\/irpp.org\/fr\/wp-json\/wp\/v2\/media\/11213"}],"wp:attachment":[{"href":"https:\/\/irpp.org\/fr\/wp-json\/wp\/v2\/media?parent=9631"}],"wp:term":[{"taxonomy":"category","embeddable":true,"href":"https:\/\/irpp.org\/fr\/wp-json\/wp\/v2\/categories?post=9631"},{"taxonomy":"post_tag","embeddable":true,"href":"https:\/\/irpp.org\/fr\/wp-json\/wp\/v2\/tags?post=9631"}],"curies":[{"name":"wp","href":"https:\/\/api.w.org\/{rel}","templated":true}]}}