{"id":9626,"date":"2014-10-17T15:10:58","date_gmt":"2014-10-17T19:10:58","guid":{"rendered":"http:\/\/irpp.org\/lart-de-letat\/"},"modified":"2018-01-11T10:38:53","modified_gmt":"2018-01-11T15:38:53","slug":"lart-de-letat","status":"publish","type":"page","link":"https:\/\/irpp.org\/fr\/recherche\/lart-de-letat\/","title":{"rendered":"L&rsquo;art de l&rsquo;\u00c9tat"},"content":{"rendered":"<p>Ce programme, lanc\u00e9 en 2001, consiste en une s\u00e9rie de conf\u00e9rences visant \u00e0 examiner en profondeur les grands enjeux strat\u00e9giques auxquels le Canada sera confront\u00e9 \u00e0 long terme. Les discussions ont port\u00e9 sur un \u00e9ventail de questions, notamment la gouvernance, l&rsquo;immigration et la diversit\u00e9, le Nord canadien et, plus r\u00e9cemment, le commerce international et les in\u00e9galit\u00e9s de revenu. Les documents de recherche suivant chaque conf\u00e9rence ont \u00e9t\u00e9 r\u00e9unis dans un ouvrage collectif :<\/p>\n<p>Les ouvrages sont disponibles au magasin IRPP sur <a href=\"https:\/\/store.irpp.org\/collections\/books\/the-art-of-the-state\">notre site<\/a>.<\/p>","protected":false},"excerpt":{"rendered":"<p>Ce programme, lanc\u00e9 en 2001, consiste en une s\u00e9rie de conf\u00e9rences visant \u00e0 examiner en profondeur les grands enjeux strat\u00e9giques auxquels le Canada sera confront\u00e9 \u00e0 long terme. Les discussions ont port\u00e9 sur un \u00e9ventail de questions, notamment la gouvernance, l&rsquo;immigration et la diversit\u00e9, le Nord canadien et, plus r\u00e9cemment, le commerce international et les [&hellip;]<\/p>\n","protected":false},"author":1,"featured_media":0,"parent":9148,"menu_order":0,"comment_status":"open","ping_status":"open","template":"page-art-of-state-index.php","meta":{"content-type":"","footnotes":""},"categories":[],"tags":[],"class_list":["post-9626","page","type-page","status-publish","hentry"],"acf":[],"yoast_head":"<!-- This site is optimized with the Yoast SEO plugin v15.7 - https:\/\/yoast.com\/wordpress\/plugins\/seo\/ -->\n<meta name=\"robots\" content=\"index, follow, max-snippet:-1, max-image-preview:large, max-video-preview:-1\" \/>\n<link rel=\"canonical\" href=\"https:\/\/irpp.org\/fr\/recherche\/lart-de-letat\/\" \/>\n<meta property=\"og:locale\" content=\"fr_FR\" \/>\n<meta property=\"og:type\" content=\"article\" \/>\n<meta property=\"og:title\" content=\"L&#039;art de l&#039;\u00c9tat - IRPP\" \/>\n<meta property=\"og:description\" content=\"Ce programme, lanc\u00e9 en 2001, consiste en une s\u00e9rie de conf\u00e9rences visant \u00e0 examiner en profondeur les grands enjeux strat\u00e9giques auxquels le Canada sera confront\u00e9 \u00e0 long terme. Les discussions ont port\u00e9 sur un \u00e9ventail de questions, notamment la gouvernance, l&rsquo;immigration et la diversit\u00e9, le Nord canadien et, plus r\u00e9cemment, le commerce international et les [&hellip;]\" \/>\n<meta property=\"og:url\" content=\"https:\/\/irpp.org\/fr\/recherche\/lart-de-letat\/\" \/>\n<meta property=\"og:site_name\" content=\"IRPP\" \/>\n<meta property=\"article:publisher\" content=\"https:\/\/www.facebook.com\/IRPP.org\" \/>\n<meta property=\"article:modified_time\" content=\"2018-01-11T15:38:53+00:00\" \/>\n<meta name=\"twitter:card\" content=\"summary_large_image\" \/>\n<meta name=\"twitter:site\" content=\"@irpp\" \/>\n<script type=\"application\/ld+json\" class=\"yoast-schema-graph\">{\"@context\":\"https:\/\/schema.org\",\"@graph\":[{\"@type\":\"WebSite\",\"@id\":\"https:\/\/irpp.org\/#website\",\"url\":\"https:\/\/irpp.org\/\",\"name\":\"IRPP\",\"description\":\"Institute for Research on Public Policy\",\"potentialAction\":[{\"@type\":\"SearchAction\",\"target\":\"https:\/\/irpp.org\/?s={search_term_string}\",\"query-input\":\"required name=search_term_string\"}],\"inLanguage\":\"fr-FR\"},{\"@type\":\"WebPage\",\"@id\":\"https:\/\/irpp.org\/fr\/recherche\/lart-de-letat\/#webpage\",\"url\":\"https:\/\/irpp.org\/fr\/recherche\/lart-de-letat\/\",\"name\":\"L'art de l'\\u00c9tat - IRPP\",\"isPartOf\":{\"@id\":\"https:\/\/irpp.org\/#website\"},\"datePublished\":\"2014-10-17T19:10:58+00:00\",\"dateModified\":\"2018-01-11T15:38:53+00:00\",\"inLanguage\":\"fr-FR\",\"potentialAction\":[{\"@type\":\"ReadAction\",\"target\":[\"https:\/\/irpp.org\/fr\/recherche\/lart-de-letat\/\"]}]}]}<\/script>\n<!-- \/ Yoast SEO plugin. -->","distributor_meta":false,"distributor_terms":false,"distributor_media":false,"distributor_original_site_name":"IRPP","distributor_original_site_url":"https:\/\/irpp.org\/fr\/","push-errors":false,"_links":{"self":[{"href":"https:\/\/irpp.org\/fr\/wp-json\/wp\/v2\/pages\/9626","targetHints":{"allow":["GET"]}}],"collection":[{"href":"https:\/\/irpp.org\/fr\/wp-json\/wp\/v2\/pages"}],"about":[{"href":"https:\/\/irpp.org\/fr\/wp-json\/wp\/v2\/types\/page"}],"author":[{"embeddable":true,"href":"https:\/\/irpp.org\/fr\/wp-json\/wp\/v2\/users\/1"}],"replies":[{"embeddable":true,"href":"https:\/\/irpp.org\/fr\/wp-json\/wp\/v2\/comments?post=9626"}],"version-history":[{"count":0,"href":"https:\/\/irpp.org\/fr\/wp-json\/wp\/v2\/pages\/9626\/revisions"}],"up":[{"embeddable":true,"href":"https:\/\/irpp.org\/fr\/wp-json\/wp\/v2\/pages\/9148"}],"wp:attachment":[{"href":"https:\/\/irpp.org\/fr\/wp-json\/wp\/v2\/media?parent=9626"}],"wp:term":[{"taxonomy":"category","embeddable":true,"href":"https:\/\/irpp.org\/fr\/wp-json\/wp\/v2\/categories?post=9626"},{"taxonomy":"post_tag","embeddable":true,"href":"https:\/\/irpp.org\/fr\/wp-json\/wp\/v2\/tags?post=9626"}],"curies":[{"name":"wp","href":"https:\/\/api.w.org\/{rel}","templated":true}]}}