{"id":9625,"date":"2014-10-10T16:38:07","date_gmt":"2014-10-10T20:38:07","guid":{"rendered":"http:\/\/irpp.org\/le-nord-canadien\/"},"modified":"2018-06-14T10:31:49","modified_gmt":"2018-06-14T14:31:49","slug":"le-nord-canadien","status":"publish","type":"page","link":"https:\/\/irpp.org\/fr\/recherche\/le-nord-canadien\/","title":{"rendered":"Le Nord canadien"},"content":{"rendered":"<p>\u00c9tant donn\u00e9 l&rsquo;int\u00e9r\u00eat sans pr\u00e9c\u00e9dent suscit\u00e9 par l&rsquo;Arctique, l&rsquo;IRPP a publi\u00e9 en 2009 un percutant ouvrage collectif intitul\u00e9 <a style=\"font-style: normal;\" href=\"https:\/\/irpp.org\/fr\/recherche\/northern-exposure-peoples-powers-and-prospects-in-canadas-north\/\"><em>Northern Exposure: Peoples, Powers and Prospects in Canada&rsquo;s North<\/em><\/a><span style=\"font-style: normal;\">, <\/span>fruit d&rsquo;un ambitieux programme de recherche de trois ans centr\u00e9 sur les th\u00e8mes de la souverainet\u00e9, des changements environnementaux et des sciences de l&rsquo;environnement, de la gouvernance publique et autochtone, du d\u00e9veloppement \u00e9conomique, du capital humain, de l&rsquo;\u00e9ducation et de la politique canadienne du Nord.\u00a0L&rsquo;ouvrage sert aujourd&rsquo;hui de r\u00e9f\u00e9rence dans les cours universitaires portant sur l&rsquo;Arctique canadien et les enjeux du\u00a0Nord.\u00a0Sont accessibles en ligne les conclusions (\u00ab A New Northern Policy Universe \u00bb), ainsi que les chapitres de Rob Huebert (\u00ab\u00a0Canada and the Changing International Arctic \u00bb) et de Franklyn Griffiths (\u00ab Canadian Arctic Sovereignty \u00bb).<\/p>","protected":false},"excerpt":{"rendered":"<p>\u00c9tant donn\u00e9 l&rsquo;int\u00e9r\u00eat sans pr\u00e9c\u00e9dent suscit\u00e9 par l&rsquo;Arctique, l&rsquo;IRPP a publi\u00e9 en 2009 un percutant ouvrage collectif intitul\u00e9 Northern Exposure: Peoples, Powers and Prospects in Canada&rsquo;s North, fruit d&rsquo;un ambitieux programme de recherche de trois ans centr\u00e9 sur les th\u00e8mes de la souverainet\u00e9, des changements environnementaux et des sciences de l&rsquo;environnement, de la gouvernance publique [&hellip;]<\/p>\n","protected":false},"author":1,"featured_media":0,"parent":9148,"menu_order":0,"comment_status":"open","ping_status":"open","template":"page-research-program.php","meta":{"content-type":"","footnotes":""},"categories":[],"tags":[],"class_list":["post-9625","page","type-page","status-publish","hentry"],"acf":[],"yoast_head":"<!-- This site is optimized with the Yoast SEO plugin v15.7 - https:\/\/yoast.com\/wordpress\/plugins\/seo\/ -->\n<meta name=\"robots\" content=\"index, follow, max-snippet:-1, max-image-preview:large, max-video-preview:-1\" \/>\n<link rel=\"canonical\" href=\"https:\/\/irpp.org\/fr\/recherche\/le-nord-canadien\/\" \/>\n<meta property=\"og:locale\" content=\"fr_FR\" \/>\n<meta property=\"og:type\" content=\"article\" \/>\n<meta property=\"og:title\" content=\"Le Nord canadien - IRPP\" \/>\n<meta property=\"og:description\" content=\"\u00c9tant donn\u00e9 l&rsquo;int\u00e9r\u00eat sans pr\u00e9c\u00e9dent suscit\u00e9 par l&rsquo;Arctique, l&rsquo;IRPP a publi\u00e9 en 2009 un percutant ouvrage collectif intitul\u00e9 Northern Exposure: Peoples, Powers and Prospects in Canada&rsquo;s North, fruit d&rsquo;un ambitieux programme de recherche de trois ans centr\u00e9 sur les th\u00e8mes de la souverainet\u00e9, des changements environnementaux et des sciences de l&rsquo;environnement, de la gouvernance publique [&hellip;]\" \/>\n<meta property=\"og:url\" content=\"https:\/\/irpp.org\/fr\/recherche\/le-nord-canadien\/\" \/>\n<meta property=\"og:site_name\" content=\"IRPP\" \/>\n<meta property=\"article:publisher\" content=\"https:\/\/www.facebook.com\/IRPP.org\" \/>\n<meta property=\"article:modified_time\" content=\"2018-06-14T14:31:49+00:00\" \/>\n<meta name=\"twitter:card\" content=\"summary_large_image\" \/>\n<meta name=\"twitter:site\" content=\"@irpp\" \/>\n<meta name=\"twitter:label1\" content=\"Dur\u00e9e de lecture est.\">\n\t<meta name=\"twitter:data1\" content=\"1 minute\">\n<script type=\"application\/ld+json\" class=\"yoast-schema-graph\">{\"@context\":\"https:\/\/schema.org\",\"@graph\":[{\"@type\":\"WebSite\",\"@id\":\"https:\/\/irpp.org\/#website\",\"url\":\"https:\/\/irpp.org\/\",\"name\":\"IRPP\",\"description\":\"Institute for Research on Public Policy\",\"potentialAction\":[{\"@type\":\"SearchAction\",\"target\":\"https:\/\/irpp.org\/?s={search_term_string}\",\"query-input\":\"required name=search_term_string\"}],\"inLanguage\":\"fr-FR\"},{\"@type\":\"WebPage\",\"@id\":\"https:\/\/irpp.org\/fr\/recherche\/le-nord-canadien\/#webpage\",\"url\":\"https:\/\/irpp.org\/fr\/recherche\/le-nord-canadien\/\",\"name\":\"Le Nord canadien - IRPP\",\"isPartOf\":{\"@id\":\"https:\/\/irpp.org\/#website\"},\"datePublished\":\"2014-10-10T20:38:07+00:00\",\"dateModified\":\"2018-06-14T14:31:49+00:00\",\"inLanguage\":\"fr-FR\",\"potentialAction\":[{\"@type\":\"ReadAction\",\"target\":[\"https:\/\/irpp.org\/fr\/recherche\/le-nord-canadien\/\"]}]}]}<\/script>\n<!-- \/ Yoast SEO plugin. -->","distributor_meta":false,"distributor_terms":false,"distributor_media":false,"distributor_original_site_name":"IRPP","distributor_original_site_url":"https:\/\/irpp.org\/fr\/","push-errors":false,"_links":{"self":[{"href":"https:\/\/irpp.org\/fr\/wp-json\/wp\/v2\/pages\/9625","targetHints":{"allow":["GET"]}}],"collection":[{"href":"https:\/\/irpp.org\/fr\/wp-json\/wp\/v2\/pages"}],"about":[{"href":"https:\/\/irpp.org\/fr\/wp-json\/wp\/v2\/types\/page"}],"author":[{"embeddable":true,"href":"https:\/\/irpp.org\/fr\/wp-json\/wp\/v2\/users\/1"}],"replies":[{"embeddable":true,"href":"https:\/\/irpp.org\/fr\/wp-json\/wp\/v2\/comments?post=9625"}],"version-history":[{"count":0,"href":"https:\/\/irpp.org\/fr\/wp-json\/wp\/v2\/pages\/9625\/revisions"}],"up":[{"embeddable":true,"href":"https:\/\/irpp.org\/fr\/wp-json\/wp\/v2\/pages\/9148"}],"wp:attachment":[{"href":"https:\/\/irpp.org\/fr\/wp-json\/wp\/v2\/media?parent=9625"}],"wp:term":[{"taxonomy":"category","embeddable":true,"href":"https:\/\/irpp.org\/fr\/wp-json\/wp\/v2\/categories?post=9625"},{"taxonomy":"post_tag","embeddable":true,"href":"https:\/\/irpp.org\/fr\/wp-json\/wp\/v2\/tags?post=9625"}],"curies":[{"name":"wp","href":"https:\/\/api.w.org\/{rel}","templated":true}]}}