{"id":9624,"date":"2013-09-16T16:34:30","date_gmt":"2013-09-16T20:34:30","guid":{"rendered":"http:\/\/irpp.org\/programme-de-priorites-pour-le-canada-textes-detudiants\/"},"modified":"2021-08-24T14:51:29","modified_gmt":"2021-08-24T18:51:29","slug":"programme-de-priorites-pour-le-canada-textes-detudiants","status":"publish","type":"page","link":"https:\/\/irpp.org\/fr\/programme-de-priorites-pour-le-canada-textes-detudiants\/","title":{"rendered":"Programme de priorit\u00e9s pour le Canada : Textes d&rsquo;\u00e9tudiants"},"content":{"rendered":"<p>Dans un s\u00e9minaire d&rsquo;\u00e9tudes sup\u00e9rieures \u00e0 la School of Public Policy and Governance de l&rsquo;Universit\u00e9 de Toronto, qui portait sur le Programme de priorit\u00e9s pour le Canada, les \u00e9tudiants proposaient leur propre ordre du jour politique tout en \u00e9largissant l&rsquo;\u00e9ventail des options. Chaque ann\u00e9e, les meilleures dissertations \u00e9taient publi\u00e9es par l&rsquo;IRPP. Le texte de Mackenzie Clagget marque la fin de cette collaboration.<\/p>\n<p>\u00ab <a href=\"https:\/\/irpp.org\/wp-content\/uploads\/2021\/08\/Capstone-Paper-Mackenzie-Claggett-A-National-Strategy-for-the-Revitalization-of-the-Canadian-Corrections-Sector.pdf\">A National Strategy for the Revitalization of the Canadian Corrections Sector<\/a>\u00a0\u00bb<br \/>\nMackenzie Claggett, ao\u00fbt 2021<\/p>\n<p>\u00ab <a href=\"https:\/\/irpp.org\/wp-content\/uploads\/2020\/11\/Canadas-Climate-Change-Agenda-Whose-Cost-to-Bear.pdf\">Canada&rsquo;s Climate Change Agenda: Whose Cost to Bear?<\/a>\u00a0\u00bb<br \/>\nKaidie C. Williams, novembre 2020<\/p>\n<p>\u00ab\u00a0<a href=\"https:\/\/irpp.org\/wp-content\/uploads\/2020\/11\/Increasing-the-Capacity-of-Canada-Healthcare.pdf\">Increasing the Capacity of Canada&rsquo;s Healthcare System by Supporting Informal Caregivers<\/a>\u00a0\u00bb<br \/>\nAlexandra De Rosa, octobre 2020<\/p>\n<p><a href=\"https:\/\/irpp.org\/wp-content\/uploads\/2018\/10\/The-New-Governance-Agenda.pdf\">\u00ab\u00a0The New Governance Agenda: Aligning Power and Responsibility for Effective Responses to Priority Issues\u00a0\u00bb<\/a><br \/>\nBen Hanff, octobre 2018<\/p>\n<p><a href=\"https:\/\/irpp.org\/wp-content\/uploads\/2013\/09\/newson-sept-2016.pdf\">\u00ab\u00a0Safe at Home: Increasing Housing Affordability across the Continuum\u00a0\u00bb<\/a><br \/>\nOren Newson, septembre 2016<\/p>\n<p><a href=\"https:\/\/irpp.org\/wp-content\/uploads\/2013\/09\/cpa-lamb.pdf\">\u00ab Improving Productivity for the Prosperity of Canada \u00bb<\/a><br \/>\nCreig Lamb, septembre 2015<\/p>\n<p><a href=\"https:\/\/irpp.org\/wp-content\/uploads\/2013\/09\/cpa-brander.pdf\">\u00ab Investing in Canadian Workers for a Brighter Economic Future \u00bb<\/a><br \/>\nEvan Brander, septembre 2014<\/p>\n<p><a href=\"https:\/\/irpp.org\/wp-content\/uploads\/assets\/research\/canadian-priorities-agenda-fr-ca\/competitive-canada-fr-ca\/hashi-student-paper-CPA-sept-2013.pdf\">\u00ab A Strategy for a Competitive Canada: Three New Trends in Global Competition \u00bb<\/a><br \/>\nFardowsa Hashi, septembre 2013<\/p>\n<p><a href=\"https:\/\/irpp.org\/wp-content\/uploads\/assets\/research\/canadian-priorities-agenda\/efficiency-and-equality\/friis-petersen-student-paper-CPA-sept-2013.pdf\">\u00ab Efficiency and Equality: Can Canada Have it All? \u00bb<\/a><br \/>\nLinda Friis Petersen, septembre 2013<\/p>\n<p><a href=\"https:\/\/irpp.org\/wp-content\/uploads\/2014\/05\/nichols-sept-2012.pdf\">\u00ab Securing the Fundamentals of Canada&rsquo;s Prosperity \u00bb<\/a><br \/>\nRyan Nichols, septembre 2012<\/p>\n<p><a href=\"https:\/\/irpp.org\/wp-content\/uploads\/assets\/research\/canadian-priorities-agenda\/time-for-canada\/marando-aug-2011.pdf\">\u00ab Time for Canada \u00bb<\/a><br \/>\nDylan Marando, ao\u00fbt 2011<\/p>\n<p><a href=\"https:\/\/irpp.org\/wp-content\/uploads\/assets\/research\/canadian-priorities-agenda\/harnessing-knowledge\/sommerville-nov-2010.pdf\">\u00ab Harnessing Knowledge and Innovation: A Canadian Priorities Agenda \u00bb<\/a><br \/>\nDevan Sommerville, novembre 2010<\/p>\n<p><a href=\"https:\/\/irpp.org\/wp-content\/uploads\/assets\/research\/canadian-priorities-agenda\/two-for-one\/suk-sept-2009.pdf\">\u00ab Two for One: Building a Versatile Canadian Priorities Agenda \u00bb<\/a><br \/>\nDavid Suk, septembre 2009<\/p>\n<p><a href=\"https:\/\/irpp.org\/wp-content\/uploads\/assets\/research\/canadian-priorities-agenda\/ensuring-future-prosperity\/thorburn-sept-2009.pdf\">\u00ab A Canadian Priorities Agenda: Ensuring Future Prosperity \u00bb<\/a><br \/>\nKaren Thorburn, septembre 2009<\/p>","protected":false},"excerpt":{"rendered":"<p>Dans un s\u00e9minaire d&rsquo;\u00e9tudes sup\u00e9rieures \u00e0 la School of Public Policy and Governance de l&rsquo;Universit\u00e9 de Toronto, qui portait sur le Programme de priorit\u00e9s pour le Canada, les \u00e9tudiants proposaient leur propre ordre du jour politique tout en \u00e9largissant l&rsquo;\u00e9ventail des options. Chaque ann\u00e9e, les meilleures dissertations \u00e9taient publi\u00e9es par l&rsquo;IRPP. Le texte de Mackenzie [&hellip;]<\/p>\n","protected":false},"author":1,"featured_media":12555,"parent":0,"menu_order":0,"comment_status":"open","ping_status":"open","template":"","meta":{"content-type":"","footnotes":""},"categories":[],"tags":[],"class_list":["post-9624","page","type-page","status-publish","has-post-thumbnail","hentry"],"acf":[],"yoast_head":"<!-- This site is optimized with the Yoast SEO plugin v15.7 - https:\/\/yoast.com\/wordpress\/plugins\/seo\/ -->\n<meta name=\"description\" content=\"Des \u00e9tudiants proposent leur propre ordre du jour politique tout en \u00e9largissant l&#039;\u00e9ventail des options.\" \/>\n<meta name=\"robots\" content=\"index, follow, max-snippet:-1, max-image-preview:large, max-video-preview:-1\" \/>\n<link rel=\"canonical\" href=\"https:\/\/irpp.org\/fr\/programme-de-priorites-pour-le-canada-textes-detudiants\/\" \/>\n<meta property=\"og:locale\" content=\"fr_FR\" \/>\n<meta property=\"og:type\" content=\"article\" \/>\n<meta property=\"og:title\" content=\"Programme de priorit\u00e9s pour le Canada : Textes d&#039;\u00e9tudiants\" \/>\n<meta property=\"og:description\" content=\"Des \u00e9tudiants proposent leur propre ordre du jour politique tout en \u00e9largissant l&#039;\u00e9ventail des options.\" \/>\n<meta property=\"og:url\" content=\"https:\/\/irpp.org\/fr\/programme-de-priorites-pour-le-canada-textes-detudiants\/\" \/>\n<meta property=\"og:site_name\" content=\"IRPP\" \/>\n<meta property=\"article:publisher\" content=\"https:\/\/www.facebook.com\/IRPP.org\" \/>\n<meta property=\"article:modified_time\" content=\"2021-08-24T18:51:29+00:00\" \/>\n<meta name=\"twitter:card\" content=\"summary_large_image\" \/>\n<meta name=\"twitter:image\" content=\"https:\/\/irpp.org\/wp-content\/uploads\/2018\/10\/Twitter-Canadian-Priorities-Agenda-Student-Papers.jpg\" \/>\n<meta name=\"twitter:site\" content=\"@irpp\" \/>\n<meta name=\"twitter:label1\" content=\"Dur\u00e9e de lecture est.\">\n\t<meta name=\"twitter:data1\" content=\"2 minutes\">\n<script type=\"application\/ld+json\" class=\"yoast-schema-graph\">{\"@context\":\"https:\/\/schema.org\",\"@graph\":[{\"@type\":\"WebSite\",\"@id\":\"https:\/\/irpp.org\/#website\",\"url\":\"https:\/\/irpp.org\/\",\"name\":\"IRPP\",\"description\":\"Institute for Research on Public Policy\",\"potentialAction\":[{\"@type\":\"SearchAction\",\"target\":\"https:\/\/irpp.org\/?s={search_term_string}\",\"query-input\":\"required name=search_term_string\"}],\"inLanguage\":\"fr-FR\"},{\"@type\":\"ImageObject\",\"@id\":\"https:\/\/irpp.org\/fr\/programme-de-priorites-pour-le-canada-textes-detudiants\/#primaryimage\",\"inLanguage\":\"fr-FR\",\"url\":\"https:\/\/irpp.org\/wp-content\/uploads\/2018\/10\/Canadian-Priorities-Agenda-Student-Papers.jpg\",\"width\":2000,\"height\":700},{\"@type\":\"WebPage\",\"@id\":\"https:\/\/irpp.org\/fr\/programme-de-priorites-pour-le-canada-textes-detudiants\/#webpage\",\"url\":\"https:\/\/irpp.org\/fr\/programme-de-priorites-pour-le-canada-textes-detudiants\/\",\"name\":\"Programme de priorit\\u00e9s pour le Canada : Textes d'\\u00e9tudiants\",\"isPartOf\":{\"@id\":\"https:\/\/irpp.org\/#website\"},\"primaryImageOfPage\":{\"@id\":\"https:\/\/irpp.org\/fr\/programme-de-priorites-pour-le-canada-textes-detudiants\/#primaryimage\"},\"datePublished\":\"2013-09-16T20:34:30+00:00\",\"dateModified\":\"2021-08-24T18:51:29+00:00\",\"description\":\"Des \\u00e9tudiants proposent leur propre ordre du jour politique tout en \\u00e9largissant l'\\u00e9ventail des options.\",\"inLanguage\":\"fr-FR\",\"potentialAction\":[{\"@type\":\"ReadAction\",\"target\":[\"https:\/\/irpp.org\/fr\/programme-de-priorites-pour-le-canada-textes-detudiants\/\"]}]}]}<\/script>\n<!-- \/ Yoast SEO plugin. -->","distributor_meta":false,"distributor_terms":false,"distributor_media":false,"distributor_original_site_name":"IRPP","distributor_original_site_url":"https:\/\/irpp.org\/fr\/","push-errors":false,"_links":{"self":[{"href":"https:\/\/irpp.org\/fr\/wp-json\/wp\/v2\/pages\/9624","targetHints":{"allow":["GET"]}}],"collection":[{"href":"https:\/\/irpp.org\/fr\/wp-json\/wp\/v2\/pages"}],"about":[{"href":"https:\/\/irpp.org\/fr\/wp-json\/wp\/v2\/types\/page"}],"author":[{"embeddable":true,"href":"https:\/\/irpp.org\/fr\/wp-json\/wp\/v2\/users\/1"}],"replies":[{"embeddable":true,"href":"https:\/\/irpp.org\/fr\/wp-json\/wp\/v2\/comments?post=9624"}],"version-history":[{"count":0,"href":"https:\/\/irpp.org\/fr\/wp-json\/wp\/v2\/pages\/9624\/revisions"}],"wp:featuredmedia":[{"embeddable":true,"href":"https:\/\/irpp.org\/fr\/wp-json\/wp\/v2\/media\/12555"}],"wp:attachment":[{"href":"https:\/\/irpp.org\/fr\/wp-json\/wp\/v2\/media?parent=9624"}],"wp:term":[{"taxonomy":"category","embeddable":true,"href":"https:\/\/irpp.org\/fr\/wp-json\/wp\/v2\/categories?post=9624"},{"taxonomy":"post_tag","embeddable":true,"href":"https:\/\/irpp.org\/fr\/wp-json\/wp\/v2\/tags?post=9624"}],"curies":[{"name":"wp","href":"https:\/\/api.w.org\/{rel}","templated":true}]}}