{"id":9451,"date":"2014-05-16T10:26:35","date_gmt":"2014-05-16T14:26:35","guid":{"rendered":"http:\/\/irpp.org\/politique-de-confidentialite\/"},"modified":"2014-05-16T10:26:35","modified_gmt":"2014-05-16T14:26:35","slug":"politique-de-confidentialite","status":"publish","type":"page","link":"https:\/\/irpp.org\/fr\/politique-de-confidentialite\/","title":{"rendered":"Politique de confidentialit\u00e9"},"content":{"rendered":"<p>L&rsquo;IRPP s&rsquo;engage \u00e0 faire preuve d&rsquo;ouverture en ce qui concerne ses politiques et pratiques de traitement des renseignements personnels. Nous pr\u00e9servons et prot\u00e9geons aussi tous les renseignements personnels qui sont en notre possession.<\/p>\n<p>N&rsquo;h\u00e9sitez pas \u00e0 contacter notre responsable de la protection des renseignements personnels aux fins suivantes\u00a0:<\/p>\n<ul>\n<li>acc\u00e9der \u00e0 vos renseignements personnels, les faire corriger ou y ajouter des pr\u00e9cisions\u00a0;<\/li>\n<li>vous informer de nos politiques et pratiques de confidentialit\u00e9\u00a0;<\/li>\n<li>formuler une plainte sur la fa\u00e7on dont l&rsquo;IRPP traite vos renseignements personnels\u00a0;<\/li>\n<li>faire retirer votre nom de toutes listes d&rsquo;envoi ou bases de donn\u00e9es.<\/li>\n<\/ul>\n<p><strong>Objet<\/strong><\/p>\n<p>Nous indiquerons \u00e0 quelles fins nous collectons des renseignements personnels avant ou au moment de leur collecte. Ces donn\u00e9es comprennent habituellement ces \u00e9l\u00e9ments\u00a0: nom, titre de poste, coordonn\u00e9es g\u00e9n\u00e9rales, niveau d&rsquo;int\u00e9r\u00eat pour nos services et th\u00e8mes de recherche. Nous les collectons aux fins suivantes\u00a0:<\/p>\n<ul>\n<li>vous tenir inform\u00e9 de l&rsquo;actualit\u00e9 et des \u00e9v\u00e9nements de l&rsquo;IRPP\u00a0;<\/li>\n<li>vous offrir nos produits ou services\u00a0;<\/li>\n<li>traiter les inscriptions \u00e0 nos \u00e9v\u00e9nements et les dons vers\u00e9s \u00e0 l&rsquo;IRPP\u00a0;<\/li>\n<li>remplir nos obligations juridiques et r\u00e9glementaires.<\/li>\n<\/ul>\n<p>Comme la plupart des sites, nous utilisons des t\u00e9moins (<em>cookies<\/em>) pour collecter des donn\u00e9es non personnelles sur nos visiteurs. Ces donn\u00e9es permettent d&rsquo;acc\u00e9l\u00e9rer et d&rsquo;am\u00e9liorer le processus de navigation. Elles nous servent aussi \u00e0 mesurer le trafic sur notre site et l&rsquo;efficacit\u00e9 de nos efforts de diffusion.<\/p>\n<p><strong>Consentement<\/strong><\/p>\n<p>Nous solliciterons votre consentement avant de collecter, utiliser ou divulguer vos renseignements personnels, sauf s&rsquo;il est jug\u00e9 inappropri\u00e9 de le faire. Dans la mesure du possible, nous le solliciterons directement aupr\u00e8s de vous lors de la collecte. Vous pouvez \u00e0 tout moment retirer votre consentement.<\/p>\n<p><strong>Mesures limitant la collecte, l&rsquo;utilisation, la divulgation et la conservation des donn\u00e9es <\/strong><\/p>\n<p>Nous collectons seulement les donn\u00e9es n\u00e9cessaires aux fins indiqu\u00e9es dans cette Politique de confidentialit\u00e9. Les renseignements personnels sont conserv\u00e9s uniquement pendant la p\u00e9riode n\u00e9cessaire \u00e0 ces fins. Nous ne divulguons aucun renseignement personnel \u00e0 des tierces parties.<\/p>\n<p><strong>Protection des renseignements personnels<\/strong><\/p>\n<p>Nous prot\u00e9geons les renseignements personnels contre la perte, le vol, l&rsquo;acc\u00e8s non autoris\u00e9, la divulgation, la reproduction, l&rsquo;utilisation ou la modification, et avons pris des mesures de s\u00e9curit\u00e9\u00a0\u00e0 ces fins, notamment :<\/p>\n<ul>\n<li>verrouillage des classeurs et acc\u00e8s restreint \u00e0 nos locaux\u00a0;<\/li>\n<li>mots de passe et chiffrement\u00a0;<\/li>\n<li>d\u00e9chiquetage ou destruction s\u00e9curis\u00e9e des renseignements personnels qui ne sont plus n\u00e9cessaires aux fins indiqu\u00e9es.<\/li>\n<\/ul>\n<p><strong>Acc\u00e8s aux renseignements personnels<\/strong><\/p>\n<p>Vous pouvez obtenir copie de vos renseignements personnels en faisant une demande \u00e9crite \u00e0 notre responsable de la protection des renseignements personnels, accompagn\u00e9e d&rsquo;une preuve d&rsquo;identit\u00e9. Si vous jugez inexactes les donn\u00e9es vous concernant, vous pouvez demander au responsable de les corriger.<\/p>\n<p>Vous pouvez contacter notre responsable de la protection des renseignements personnels \u00e0 <a href=\"mailto:&#x73;&#x6d;&#x63;&#x69;&#x6e;&#x74;&#x79;&#x72;&#x65;&#x40;&#x69;&#x72;&#x70;&#x70;&#x2e;&#x6f;&#x72;&#x67;\">&#x73;&#x6d;&#x63;&#x69;&#x6e;&#x74;&#x79;&#x72;&#x65;&#x40;<span class=\"oe_displaynone\">null<\/span>&#x69;&#x72;&#x70;&#x70;&#x2e;&#x6f;&#x72;&#x67;<\/a>.<\/p>","protected":false},"excerpt":{"rendered":"<p>L&rsquo;IRPP s&rsquo;engage \u00e0 faire preuve d&rsquo;ouverture en ce qui concerne ses politiques et pratiques de traitement des renseignements personnels. Nous pr\u00e9servons et prot\u00e9geons aussi tous les renseignements personnels qui sont en notre possession. N&rsquo;h\u00e9sitez pas \u00e0 contacter notre responsable de la protection des renseignements personnels aux fins suivantes\u00a0: acc\u00e9der \u00e0 vos renseignements personnels, les faire [&hellip;]<\/p>\n","protected":false},"author":1,"featured_media":0,"parent":0,"menu_order":0,"comment_status":"open","ping_status":"open","template":"","meta":{"content-type":"","footnotes":""},"categories":[],"tags":[],"class_list":["post-9451","page","type-page","status-publish","hentry"],"acf":[],"yoast_head":"<!-- This site is optimized with the Yoast SEO plugin v15.7 - https:\/\/yoast.com\/wordpress\/plugins\/seo\/ -->\n<meta name=\"robots\" content=\"index, follow, max-snippet:-1, max-image-preview:large, max-video-preview:-1\" \/>\n<link rel=\"canonical\" href=\"https:\/\/irpp.org\/fr\/politique-de-confidentialite\/\" \/>\n<meta property=\"og:locale\" content=\"fr_FR\" \/>\n<meta property=\"og:type\" content=\"article\" \/>\n<meta property=\"og:title\" content=\"Politique de confidentialit\u00e9 - IRPP\" \/>\n<meta property=\"og:description\" content=\"L&rsquo;IRPP s&rsquo;engage \u00e0 faire preuve d&rsquo;ouverture en ce qui concerne ses politiques et pratiques de traitement des renseignements personnels. Nous pr\u00e9servons et prot\u00e9geons aussi tous les renseignements personnels qui sont en notre possession. N&rsquo;h\u00e9sitez pas \u00e0 contacter notre responsable de la protection des renseignements personnels aux fins suivantes\u00a0: acc\u00e9der \u00e0 vos renseignements personnels, les faire [&hellip;]\" \/>\n<meta property=\"og:url\" content=\"https:\/\/irpp.org\/fr\/politique-de-confidentialite\/\" \/>\n<meta property=\"og:site_name\" content=\"IRPP\" \/>\n<meta property=\"article:publisher\" content=\"https:\/\/www.facebook.com\/IRPP.org\" \/>\n<meta name=\"twitter:card\" content=\"summary_large_image\" \/>\n<meta name=\"twitter:site\" content=\"@irpp\" \/>\n<meta name=\"twitter:label1\" content=\"Dur\u00e9e de lecture est.\">\n\t<meta name=\"twitter:data1\" content=\"2 minutes\">\n<script type=\"application\/ld+json\" class=\"yoast-schema-graph\">{\"@context\":\"https:\/\/schema.org\",\"@graph\":[{\"@type\":\"WebSite\",\"@id\":\"https:\/\/irpp.org\/#website\",\"url\":\"https:\/\/irpp.org\/\",\"name\":\"IRPP\",\"description\":\"Institute for Research on Public Policy\",\"potentialAction\":[{\"@type\":\"SearchAction\",\"target\":\"https:\/\/irpp.org\/?s={search_term_string}\",\"query-input\":\"required name=search_term_string\"}],\"inLanguage\":\"fr-FR\"},{\"@type\":\"WebPage\",\"@id\":\"https:\/\/irpp.org\/fr\/politique-de-confidentialite\/#webpage\",\"url\":\"https:\/\/irpp.org\/fr\/politique-de-confidentialite\/\",\"name\":\"Politique de confidentialit\\u00e9 - IRPP\",\"isPartOf\":{\"@id\":\"https:\/\/irpp.org\/#website\"},\"datePublished\":\"2014-05-16T14:26:35+00:00\",\"dateModified\":\"2014-05-16T14:26:35+00:00\",\"inLanguage\":\"fr-FR\",\"potentialAction\":[{\"@type\":\"ReadAction\",\"target\":[\"https:\/\/irpp.org\/fr\/politique-de-confidentialite\/\"]}]}]}<\/script>\n<!-- \/ Yoast SEO plugin. -->","distributor_meta":false,"distributor_terms":false,"distributor_media":false,"distributor_original_site_name":"IRPP","distributor_original_site_url":"https:\/\/irpp.org\/fr\/","push-errors":false,"_links":{"self":[{"href":"https:\/\/irpp.org\/fr\/wp-json\/wp\/v2\/pages\/9451","targetHints":{"allow":["GET"]}}],"collection":[{"href":"https:\/\/irpp.org\/fr\/wp-json\/wp\/v2\/pages"}],"about":[{"href":"https:\/\/irpp.org\/fr\/wp-json\/wp\/v2\/types\/page"}],"author":[{"embeddable":true,"href":"https:\/\/irpp.org\/fr\/wp-json\/wp\/v2\/users\/1"}],"replies":[{"embeddable":true,"href":"https:\/\/irpp.org\/fr\/wp-json\/wp\/v2\/comments?post=9451"}],"version-history":[{"count":0,"href":"https:\/\/irpp.org\/fr\/wp-json\/wp\/v2\/pages\/9451\/revisions"}],"wp:attachment":[{"href":"https:\/\/irpp.org\/fr\/wp-json\/wp\/v2\/media?parent=9451"}],"wp:term":[{"taxonomy":"category","embeddable":true,"href":"https:\/\/irpp.org\/fr\/wp-json\/wp\/v2\/categories?post=9451"},{"taxonomy":"post_tag","embeddable":true,"href":"https:\/\/irpp.org\/fr\/wp-json\/wp\/v2\/tags?post=9451"}],"curies":[{"name":"wp","href":"https:\/\/api.w.org\/{rel}","templated":true}]}}