{"id":9442,"date":"2013-10-04T13:17:56","date_gmt":"2013-10-04T17:17:56","guid":{"rendered":"http:\/\/irpp.org\/choix-du-canada-en-amerique-du-nord\/"},"modified":"2018-06-14T10:39:23","modified_gmt":"2018-06-14T14:39:23","slug":"choix-du-canada-en-amerique-du-nord","status":"publish","type":"page","link":"https:\/\/irpp.org\/fr\/recherche\/choix-du-canada-en-amerique-du-nord\/","title":{"rendered":"Choix du Canada en Am\u00e9rique du Nord"},"content":{"rendered":"<p>Le processus d&rsquo;int\u00e9gration \u00e9conomique entre le Canada, les \u00c9tats-Unis et le Mexique, notamment dans la foul\u00e9e de l&rsquo;ALE et de l&rsquo;ALENA, a soulev\u00e9 d&rsquo;importantes questions de politique \u00e9conomique, de gouvernance et de s\u00e9curit\u00e9. Ce programme de recherche, qui a pris fin en 2005, a examin\u00e9 les possibilit\u00e9s et les choix du Canada en mati\u00e8re d&rsquo;int\u00e9gration nord-am\u00e9ricaine, traitant tant de politique g\u00e9n\u00e9rale que de quelques enjeux cl\u00e9s. Il a men\u00e9 \u00e0 la publication de plusieurs \u00e9tudes ind\u00e9pendantes et \u00e0 un vaste projet de recherche dont t\u00e9moigne l&rsquo;ouvrage collectif <a href=\"https:\/\/irpp.org\/fr\/recherche\/thinking-north-america\/\"><em>Thinking North America<\/em><\/a>, paru dans la collection <a href=\"https:\/\/irpp.org\/fr\/recherche\/lart-de-letat\/\">L&rsquo;art de l&rsquo;\u00c9tat<\/a>.<\/p>","protected":false},"excerpt":{"rendered":"<p>Le processus d&rsquo;int\u00e9gration \u00e9conomique entre le Canada, les \u00c9tats-Unis et le Mexique, notamment dans la foul\u00e9e de l&rsquo;ALE et de l&rsquo;ALENA, a soulev\u00e9 d&rsquo;importantes questions de politique \u00e9conomique, de gouvernance et de s\u00e9curit\u00e9. Ce programme de recherche, qui a pris fin en 2005, a examin\u00e9 les possibilit\u00e9s et les choix du Canada en mati\u00e8re d&rsquo;int\u00e9gration [&hellip;]<\/p>\n","protected":false},"author":1,"featured_media":0,"parent":9148,"menu_order":0,"comment_status":"open","ping_status":"open","template":"page-research-program.php","meta":{"content-type":"","footnotes":""},"categories":[98],"tags":[],"class_list":["post-9442","page","type-page","status-publish","hentry","category-research-programs-fr"],"acf":[],"yoast_head":"<!-- This site is optimized with the Yoast SEO plugin v15.7 - https:\/\/yoast.com\/wordpress\/plugins\/seo\/ -->\n<meta name=\"robots\" content=\"index, follow, max-snippet:-1, max-image-preview:large, max-video-preview:-1\" \/>\n<link rel=\"canonical\" href=\"https:\/\/irpp.org\/fr\/recherche\/choix-du-canada-en-amerique-du-nord\/\" \/>\n<meta property=\"og:locale\" content=\"fr_FR\" \/>\n<meta property=\"og:type\" content=\"article\" \/>\n<meta property=\"og:title\" content=\"Choix du Canada en Am\u00e9rique du Nord - IRPP\" \/>\n<meta property=\"og:description\" content=\"Le processus d&rsquo;int\u00e9gration \u00e9conomique entre le Canada, les \u00c9tats-Unis et le Mexique, notamment dans la foul\u00e9e de l&rsquo;ALE et de l&rsquo;ALENA, a soulev\u00e9 d&rsquo;importantes questions de politique \u00e9conomique, de gouvernance et de s\u00e9curit\u00e9. Ce programme de recherche, qui a pris fin en 2005, a examin\u00e9 les possibilit\u00e9s et les choix du Canada en mati\u00e8re d&rsquo;int\u00e9gration [&hellip;]\" \/>\n<meta property=\"og:url\" content=\"https:\/\/irpp.org\/fr\/recherche\/choix-du-canada-en-amerique-du-nord\/\" \/>\n<meta property=\"og:site_name\" content=\"IRPP\" \/>\n<meta property=\"article:publisher\" content=\"https:\/\/www.facebook.com\/IRPP.org\" \/>\n<meta property=\"article:modified_time\" content=\"2018-06-14T14:39:23+00:00\" \/>\n<meta name=\"twitter:card\" content=\"summary_large_image\" \/>\n<meta name=\"twitter:site\" content=\"@irpp\" \/>\n<meta name=\"twitter:label1\" content=\"Dur\u00e9e de lecture est.\">\n\t<meta name=\"twitter:data1\" content=\"1 minute\">\n<script type=\"application\/ld+json\" class=\"yoast-schema-graph\">{\"@context\":\"https:\/\/schema.org\",\"@graph\":[{\"@type\":\"WebSite\",\"@id\":\"https:\/\/irpp.org\/#website\",\"url\":\"https:\/\/irpp.org\/\",\"name\":\"IRPP\",\"description\":\"Institute for Research on Public Policy\",\"potentialAction\":[{\"@type\":\"SearchAction\",\"target\":\"https:\/\/irpp.org\/?s={search_term_string}\",\"query-input\":\"required name=search_term_string\"}],\"inLanguage\":\"fr-FR\"},{\"@type\":\"WebPage\",\"@id\":\"https:\/\/irpp.org\/fr\/recherche\/choix-du-canada-en-amerique-du-nord\/#webpage\",\"url\":\"https:\/\/irpp.org\/fr\/recherche\/choix-du-canada-en-amerique-du-nord\/\",\"name\":\"Choix du Canada en Am\\u00e9rique du Nord - IRPP\",\"isPartOf\":{\"@id\":\"https:\/\/irpp.org\/#website\"},\"datePublished\":\"2013-10-04T17:17:56+00:00\",\"dateModified\":\"2018-06-14T14:39:23+00:00\",\"inLanguage\":\"fr-FR\",\"potentialAction\":[{\"@type\":\"ReadAction\",\"target\":[\"https:\/\/irpp.org\/fr\/recherche\/choix-du-canada-en-amerique-du-nord\/\"]}]}]}<\/script>\n<!-- \/ Yoast SEO plugin. -->","distributor_meta":false,"distributor_terms":false,"distributor_media":false,"distributor_original_site_name":"IRPP","distributor_original_site_url":"https:\/\/irpp.org\/fr\/","push-errors":false,"_links":{"self":[{"href":"https:\/\/irpp.org\/fr\/wp-json\/wp\/v2\/pages\/9442","targetHints":{"allow":["GET"]}}],"collection":[{"href":"https:\/\/irpp.org\/fr\/wp-json\/wp\/v2\/pages"}],"about":[{"href":"https:\/\/irpp.org\/fr\/wp-json\/wp\/v2\/types\/page"}],"author":[{"embeddable":true,"href":"https:\/\/irpp.org\/fr\/wp-json\/wp\/v2\/users\/1"}],"replies":[{"embeddable":true,"href":"https:\/\/irpp.org\/fr\/wp-json\/wp\/v2\/comments?post=9442"}],"version-history":[{"count":0,"href":"https:\/\/irpp.org\/fr\/wp-json\/wp\/v2\/pages\/9442\/revisions"}],"up":[{"embeddable":true,"href":"https:\/\/irpp.org\/fr\/wp-json\/wp\/v2\/pages\/9148"}],"wp:attachment":[{"href":"https:\/\/irpp.org\/fr\/wp-json\/wp\/v2\/media?parent=9442"}],"wp:term":[{"taxonomy":"category","embeddable":true,"href":"https:\/\/irpp.org\/fr\/wp-json\/wp\/v2\/categories?post=9442"},{"taxonomy":"post_tag","embeddable":true,"href":"https:\/\/irpp.org\/fr\/wp-json\/wp\/v2\/tags?post=9442"}],"curies":[{"name":"wp","href":"https:\/\/api.w.org\/{rel}","templated":true}]}}