{"id":9428,"date":"2013-09-26T10:30:20","date_gmt":"2013-09-26T14:30:20","guid":{"rendered":"http:\/\/irpp.org\/securite-nationale-et-interoperabilite-militaire\/"},"modified":"2013-09-26T10:30:20","modified_gmt":"2013-09-26T14:30:20","slug":"securite-nationale-et-interoperabilite-militaire","status":"publish","type":"page","link":"https:\/\/irpp.org\/fr\/recherche\/securite-nationale-et-interoperabilite-militaire\/","title":{"rendered":"S\u00e9curit\u00e9 nationale et interop\u00e9rabilit\u00e9 militaire"},"content":{"rendered":"<p>Ce programme de recherche, qui a pris fin en 2005, visait \u00e0 examiner les priorit\u00e9s du Canada au chapitre de la s\u00e9curit\u00e9 nationale. Les \u00e9tudes \u00e9taient centr\u00e9es notamment sur les d\u00e9fis de notre politique de d\u00e9fense, l&rsquo;interop\u00e9rabilit\u00e9 avec nos voisins am\u00e9ricains et notre participation \u00e0 des missions \u00e0 l&rsquo;\u00e9tranger.<\/p>","protected":false},"excerpt":{"rendered":"<p>Ce programme de recherche, qui a pris fin en 2005, visait \u00e0 examiner les priorit\u00e9s du Canada au chapitre de la s\u00e9curit\u00e9 nationale. Les \u00e9tudes \u00e9taient centr\u00e9es notamment sur les d\u00e9fis de notre politique de d\u00e9fense, l&rsquo;interop\u00e9rabilit\u00e9 avec nos voisins am\u00e9ricains et notre participation \u00e0 des missions \u00e0 l&rsquo;\u00e9tranger.<\/p>\n","protected":false},"author":1,"featured_media":0,"parent":9148,"menu_order":0,"comment_status":"open","ping_status":"open","template":"page-research-program.php","meta":{"content-type":"","footnotes":""},"categories":[98],"tags":[],"class_list":["post-9428","page","type-page","status-publish","hentry","category-research-programs-fr"],"acf":[],"yoast_head":"<!-- This site is optimized with the Yoast SEO plugin v15.7 - https:\/\/yoast.com\/wordpress\/plugins\/seo\/ -->\n<meta name=\"robots\" content=\"index, follow, max-snippet:-1, max-image-preview:large, max-video-preview:-1\" \/>\n<link rel=\"canonical\" href=\"https:\/\/irpp.org\/fr\/recherche\/securite-nationale-et-interoperabilite-militaire\/\" \/>\n<meta property=\"og:locale\" content=\"fr_FR\" \/>\n<meta property=\"og:type\" content=\"article\" \/>\n<meta property=\"og:title\" content=\"S\u00e9curit\u00e9 nationale et interop\u00e9rabilit\u00e9 militaire - IRPP\" \/>\n<meta property=\"og:description\" content=\"Ce programme de recherche, qui a pris fin en 2005, visait \u00e0 examiner les priorit\u00e9s du Canada au chapitre de la s\u00e9curit\u00e9 nationale. Les \u00e9tudes \u00e9taient centr\u00e9es notamment sur les d\u00e9fis de notre politique de d\u00e9fense, l&rsquo;interop\u00e9rabilit\u00e9 avec nos voisins am\u00e9ricains et notre participation \u00e0 des missions \u00e0 l&rsquo;\u00e9tranger.\" \/>\n<meta property=\"og:url\" content=\"https:\/\/irpp.org\/fr\/recherche\/securite-nationale-et-interoperabilite-militaire\/\" \/>\n<meta property=\"og:site_name\" content=\"IRPP\" \/>\n<meta property=\"article:publisher\" content=\"https:\/\/www.facebook.com\/IRPP.org\" \/>\n<meta name=\"twitter:card\" content=\"summary_large_image\" \/>\n<meta name=\"twitter:site\" content=\"@irpp\" \/>\n<script type=\"application\/ld+json\" class=\"yoast-schema-graph\">{\"@context\":\"https:\/\/schema.org\",\"@graph\":[{\"@type\":\"WebSite\",\"@id\":\"https:\/\/irpp.org\/#website\",\"url\":\"https:\/\/irpp.org\/\",\"name\":\"IRPP\",\"description\":\"Institute for Research on Public Policy\",\"potentialAction\":[{\"@type\":\"SearchAction\",\"target\":\"https:\/\/irpp.org\/?s={search_term_string}\",\"query-input\":\"required name=search_term_string\"}],\"inLanguage\":\"fr-FR\"},{\"@type\":\"WebPage\",\"@id\":\"https:\/\/irpp.org\/fr\/recherche\/securite-nationale-et-interoperabilite-militaire\/#webpage\",\"url\":\"https:\/\/irpp.org\/fr\/recherche\/securite-nationale-et-interoperabilite-militaire\/\",\"name\":\"S\\u00e9curit\\u00e9 nationale et interop\\u00e9rabilit\\u00e9 militaire - IRPP\",\"isPartOf\":{\"@id\":\"https:\/\/irpp.org\/#website\"},\"datePublished\":\"2013-09-26T14:30:20+00:00\",\"dateModified\":\"2013-09-26T14:30:20+00:00\",\"inLanguage\":\"fr-FR\",\"potentialAction\":[{\"@type\":\"ReadAction\",\"target\":[\"https:\/\/irpp.org\/fr\/recherche\/securite-nationale-et-interoperabilite-militaire\/\"]}]}]}<\/script>\n<!-- \/ Yoast SEO plugin. -->","distributor_meta":false,"distributor_terms":false,"distributor_media":false,"distributor_original_site_name":"IRPP","distributor_original_site_url":"https:\/\/irpp.org\/fr\/","push-errors":false,"_links":{"self":[{"href":"https:\/\/irpp.org\/fr\/wp-json\/wp\/v2\/pages\/9428","targetHints":{"allow":["GET"]}}],"collection":[{"href":"https:\/\/irpp.org\/fr\/wp-json\/wp\/v2\/pages"}],"about":[{"href":"https:\/\/irpp.org\/fr\/wp-json\/wp\/v2\/types\/page"}],"author":[{"embeddable":true,"href":"https:\/\/irpp.org\/fr\/wp-json\/wp\/v2\/users\/1"}],"replies":[{"embeddable":true,"href":"https:\/\/irpp.org\/fr\/wp-json\/wp\/v2\/comments?post=9428"}],"version-history":[{"count":0,"href":"https:\/\/irpp.org\/fr\/wp-json\/wp\/v2\/pages\/9428\/revisions"}],"up":[{"embeddable":true,"href":"https:\/\/irpp.org\/fr\/wp-json\/wp\/v2\/pages\/9148"}],"wp:attachment":[{"href":"https:\/\/irpp.org\/fr\/wp-json\/wp\/v2\/media?parent=9428"}],"wp:term":[{"taxonomy":"category","embeddable":true,"href":"https:\/\/irpp.org\/fr\/wp-json\/wp\/v2\/categories?post=9428"},{"taxonomy":"post_tag","embeddable":true,"href":"https:\/\/irpp.org\/fr\/wp-json\/wp\/v2\/tags?post=9428"}],"curies":[{"name":"wp","href":"https:\/\/api.w.org\/{rel}","templated":true}]}}