{"id":9419,"date":"2013-09-21T14:44:45","date_gmt":"2013-09-21T18:44:45","guid":{"rendered":"http:\/\/irpp.org\/sante-et-politiques-publiques\/"},"modified":"2013-09-21T14:44:45","modified_gmt":"2013-09-21T18:44:45","slug":"sante-et-politiques-publiques","status":"publish","type":"page","link":"https:\/\/irpp.org\/fr\/recherche\/sante-et-politiques-publiques\/","title":{"rendered":"Sant\u00e9 et politiques publiques"},"content":{"rendered":"<p>Ce programme de recherche centr\u00e9 sur la r\u00e9forme des soins de sant\u00e9 a \u00e9t\u00e9 men\u00e9 jusqu&rsquo;en 2006. En 2000, le Groupe de travail sur les soins de sant\u00e9 de l&rsquo;IRPP a trait\u00e9 de questions aussi vari\u00e9es que la n\u00e9cessit\u00e9 d&rsquo;une meilleure v\u00e9rification des r\u00e9sultats en sant\u00e9, l&rsquo;investissement dans les soins de premi\u00e8re ligne, la recherche pharmaceutique et le contr\u00f4le de la qualit\u00e9.\u00a0En pr\u00e9paration des n\u00e9gociations devant mener \u00e0 l&rsquo;Accord sur le renouvellement des soins de sant\u00e9 de 2003 et dans la foul\u00e9e des rapports des commissions Romanow et Kirby sur l&rsquo;avenir des soins de sant\u00e9, l&rsquo;IRPP a lanc\u00e9 plusieurs initiatives et projets pour stimuler le d\u00e9bat. Les recherches \u00e9taient consacr\u00e9es notamment au r\u00f4le du gouvernement f\u00e9d\u00e9ral en mati\u00e8re de financement de la sant\u00e9, \u00e0 la question du d\u00e9s\u00e9quilibre fiscal vertical, \u00e0 la r\u00e9forme des soins propos\u00e9e en Ontario et aux r\u00e9percussions de certaines mesures novatrices sur les services.<\/p>","protected":false},"excerpt":{"rendered":"<p>Ce programme de recherche centr\u00e9 sur la r\u00e9forme des soins de sant\u00e9 a \u00e9t\u00e9 men\u00e9 jusqu&rsquo;en 2006. En 2000, le Groupe de travail sur les soins de sant\u00e9 de l&rsquo;IRPP a trait\u00e9 de questions aussi vari\u00e9es que la n\u00e9cessit\u00e9 d&rsquo;une meilleure v\u00e9rification des r\u00e9sultats en sant\u00e9, l&rsquo;investissement dans les soins de premi\u00e8re ligne, la recherche [&hellip;]<\/p>\n","protected":false},"author":1,"featured_media":0,"parent":9148,"menu_order":0,"comment_status":"open","ping_status":"open","template":"page-research-program.php","meta":{"content-type":"","footnotes":""},"categories":[],"tags":[],"class_list":["post-9419","page","type-page","status-publish","hentry"],"acf":[],"yoast_head":"<!-- This site is optimized with the Yoast SEO plugin v15.7 - https:\/\/yoast.com\/wordpress\/plugins\/seo\/ -->\n<meta name=\"robots\" content=\"index, follow, max-snippet:-1, max-image-preview:large, max-video-preview:-1\" \/>\n<link rel=\"canonical\" href=\"https:\/\/irpp.org\/fr\/recherche\/sante-et-politiques-publiques\/\" \/>\n<meta property=\"og:locale\" content=\"fr_FR\" \/>\n<meta property=\"og:type\" content=\"article\" \/>\n<meta property=\"og:title\" content=\"Sant\u00e9 et politiques publiques - IRPP\" \/>\n<meta property=\"og:description\" content=\"Ce programme de recherche centr\u00e9 sur la r\u00e9forme des soins de sant\u00e9 a \u00e9t\u00e9 men\u00e9 jusqu&rsquo;en 2006. En 2000, le Groupe de travail sur les soins de sant\u00e9 de l&rsquo;IRPP a trait\u00e9 de questions aussi vari\u00e9es que la n\u00e9cessit\u00e9 d&rsquo;une meilleure v\u00e9rification des r\u00e9sultats en sant\u00e9, l&rsquo;investissement dans les soins de premi\u00e8re ligne, la recherche [&hellip;]\" \/>\n<meta property=\"og:url\" content=\"https:\/\/irpp.org\/fr\/recherche\/sante-et-politiques-publiques\/\" \/>\n<meta property=\"og:site_name\" content=\"IRPP\" \/>\n<meta property=\"article:publisher\" content=\"https:\/\/www.facebook.com\/IRPP.org\" \/>\n<meta name=\"twitter:card\" content=\"summary_large_image\" \/>\n<meta name=\"twitter:site\" content=\"@irpp\" \/>\n<meta name=\"twitter:label1\" content=\"Dur\u00e9e de lecture est.\">\n\t<meta name=\"twitter:data1\" content=\"1 minute\">\n<script type=\"application\/ld+json\" class=\"yoast-schema-graph\">{\"@context\":\"https:\/\/schema.org\",\"@graph\":[{\"@type\":\"WebSite\",\"@id\":\"https:\/\/irpp.org\/#website\",\"url\":\"https:\/\/irpp.org\/\",\"name\":\"IRPP\",\"description\":\"Institute for Research on Public Policy\",\"potentialAction\":[{\"@type\":\"SearchAction\",\"target\":\"https:\/\/irpp.org\/?s={search_term_string}\",\"query-input\":\"required name=search_term_string\"}],\"inLanguage\":\"fr-FR\"},{\"@type\":\"WebPage\",\"@id\":\"https:\/\/irpp.org\/fr\/recherche\/sante-et-politiques-publiques\/#webpage\",\"url\":\"https:\/\/irpp.org\/fr\/recherche\/sante-et-politiques-publiques\/\",\"name\":\"Sant\\u00e9 et politiques publiques - IRPP\",\"isPartOf\":{\"@id\":\"https:\/\/irpp.org\/#website\"},\"datePublished\":\"2013-09-21T18:44:45+00:00\",\"dateModified\":\"2013-09-21T18:44:45+00:00\",\"inLanguage\":\"fr-FR\",\"potentialAction\":[{\"@type\":\"ReadAction\",\"target\":[\"https:\/\/irpp.org\/fr\/recherche\/sante-et-politiques-publiques\/\"]}]}]}<\/script>\n<!-- \/ Yoast SEO plugin. -->","distributor_meta":false,"distributor_terms":false,"distributor_media":false,"distributor_original_site_name":"IRPP","distributor_original_site_url":"https:\/\/irpp.org\/fr\/","push-errors":false,"_links":{"self":[{"href":"https:\/\/irpp.org\/fr\/wp-json\/wp\/v2\/pages\/9419","targetHints":{"allow":["GET"]}}],"collection":[{"href":"https:\/\/irpp.org\/fr\/wp-json\/wp\/v2\/pages"}],"about":[{"href":"https:\/\/irpp.org\/fr\/wp-json\/wp\/v2\/types\/page"}],"author":[{"embeddable":true,"href":"https:\/\/irpp.org\/fr\/wp-json\/wp\/v2\/users\/1"}],"replies":[{"embeddable":true,"href":"https:\/\/irpp.org\/fr\/wp-json\/wp\/v2\/comments?post=9419"}],"version-history":[{"count":0,"href":"https:\/\/irpp.org\/fr\/wp-json\/wp\/v2\/pages\/9419\/revisions"}],"up":[{"embeddable":true,"href":"https:\/\/irpp.org\/fr\/wp-json\/wp\/v2\/pages\/9148"}],"wp:attachment":[{"href":"https:\/\/irpp.org\/fr\/wp-json\/wp\/v2\/media?parent=9419"}],"wp:term":[{"taxonomy":"category","embeddable":true,"href":"https:\/\/irpp.org\/fr\/wp-json\/wp\/v2\/categories?post=9419"},{"taxonomy":"post_tag","embeddable":true,"href":"https:\/\/irpp.org\/fr\/wp-json\/wp\/v2\/tags?post=9419"}],"curies":[{"name":"wp","href":"https:\/\/api.w.org\/{rel}","templated":true}]}}