{"id":9412,"date":"2013-09-21T14:31:21","date_gmt":"2013-09-21T18:31:21","guid":{"rendered":"http:\/\/irpp.org\/developpement-democratique-international\/"},"modified":"2013-09-21T14:31:21","modified_gmt":"2013-09-21T18:31:21","slug":"developpement-democratique-international","status":"publish","type":"page","link":"https:\/\/irpp.org\/fr\/recherche\/developpement-democratique-international\/","title":{"rendered":"D\u00e9veloppement d\u00e9mocratique international"},"content":{"rendered":"<p>\u00c0 l&rsquo;instar d&rsquo;autres d\u00e9mocraties lib\u00e9rales, le Canada avait pris l&rsquo;engagement formel de promouvoir la d\u00e9mocratie \u00e0 l&rsquo;\u00e9chelle internationale. Ce programme de recherche, qui a \u00e9t\u00e9 men\u00e9 de 2002 \u00e0 2005, s&rsquo;est int\u00e9ress\u00e9 aux moyens permettant au Canada de contribuer plus efficacement \u00e0 l&rsquo;effort collectif international en mati\u00e8re de d\u00e9veloppement d\u00e9mocratique, de m\u00eame qu&rsquo;aux meilleures pratiques touchant la prestation de cette aide.<\/p>","protected":false},"excerpt":{"rendered":"<p>\u00c0 l&rsquo;instar d&rsquo;autres d\u00e9mocraties lib\u00e9rales, le Canada avait pris l&rsquo;engagement formel de promouvoir la d\u00e9mocratie \u00e0 l&rsquo;\u00e9chelle internationale. Ce programme de recherche, qui a \u00e9t\u00e9 men\u00e9 de 2002 \u00e0 2005, s&rsquo;est int\u00e9ress\u00e9 aux moyens permettant au Canada de contribuer plus efficacement \u00e0 l&rsquo;effort collectif international en mati\u00e8re de d\u00e9veloppement d\u00e9mocratique, de m\u00eame qu&rsquo;aux meilleures pratiques [&hellip;]<\/p>\n","protected":false},"author":1,"featured_media":0,"parent":9148,"menu_order":0,"comment_status":"open","ping_status":"open","template":"page-research-program.php","meta":{"content-type":"","footnotes":""},"categories":[],"tags":[],"class_list":["post-9412","page","type-page","status-publish","hentry"],"acf":[],"yoast_head":"<!-- This site is optimized with the Yoast SEO plugin v15.7 - https:\/\/yoast.com\/wordpress\/plugins\/seo\/ -->\n<meta name=\"robots\" content=\"index, follow, max-snippet:-1, max-image-preview:large, max-video-preview:-1\" \/>\n<link rel=\"canonical\" href=\"https:\/\/irpp.org\/fr\/recherche\/developpement-democratique-international\/\" \/>\n<meta property=\"og:locale\" content=\"fr_FR\" \/>\n<meta property=\"og:type\" content=\"article\" \/>\n<meta property=\"og:title\" content=\"D\u00e9veloppement d\u00e9mocratique international - IRPP\" \/>\n<meta property=\"og:description\" content=\"\u00c0 l&rsquo;instar d&rsquo;autres d\u00e9mocraties lib\u00e9rales, le Canada avait pris l&rsquo;engagement formel de promouvoir la d\u00e9mocratie \u00e0 l&rsquo;\u00e9chelle internationale. Ce programme de recherche, qui a \u00e9t\u00e9 men\u00e9 de 2002 \u00e0 2005, s&rsquo;est int\u00e9ress\u00e9 aux moyens permettant au Canada de contribuer plus efficacement \u00e0 l&rsquo;effort collectif international en mati\u00e8re de d\u00e9veloppement d\u00e9mocratique, de m\u00eame qu&rsquo;aux meilleures pratiques [&hellip;]\" \/>\n<meta property=\"og:url\" content=\"https:\/\/irpp.org\/fr\/recherche\/developpement-democratique-international\/\" \/>\n<meta property=\"og:site_name\" content=\"IRPP\" \/>\n<meta property=\"article:publisher\" content=\"https:\/\/www.facebook.com\/IRPP.org\" \/>\n<meta name=\"twitter:card\" content=\"summary_large_image\" \/>\n<meta name=\"twitter:site\" content=\"@irpp\" \/>\n<script type=\"application\/ld+json\" class=\"yoast-schema-graph\">{\"@context\":\"https:\/\/schema.org\",\"@graph\":[{\"@type\":\"WebSite\",\"@id\":\"https:\/\/irpp.org\/#website\",\"url\":\"https:\/\/irpp.org\/\",\"name\":\"IRPP\",\"description\":\"Institute for Research on Public Policy\",\"potentialAction\":[{\"@type\":\"SearchAction\",\"target\":\"https:\/\/irpp.org\/?s={search_term_string}\",\"query-input\":\"required name=search_term_string\"}],\"inLanguage\":\"fr-FR\"},{\"@type\":\"WebPage\",\"@id\":\"https:\/\/irpp.org\/fr\/recherche\/developpement-democratique-international\/#webpage\",\"url\":\"https:\/\/irpp.org\/fr\/recherche\/developpement-democratique-international\/\",\"name\":\"D\\u00e9veloppement d\\u00e9mocratique international - IRPP\",\"isPartOf\":{\"@id\":\"https:\/\/irpp.org\/#website\"},\"datePublished\":\"2013-09-21T18:31:21+00:00\",\"dateModified\":\"2013-09-21T18:31:21+00:00\",\"inLanguage\":\"fr-FR\",\"potentialAction\":[{\"@type\":\"ReadAction\",\"target\":[\"https:\/\/irpp.org\/fr\/recherche\/developpement-democratique-international\/\"]}]}]}<\/script>\n<!-- \/ Yoast SEO plugin. -->","distributor_meta":false,"distributor_terms":false,"distributor_media":false,"distributor_original_site_name":"IRPP","distributor_original_site_url":"https:\/\/irpp.org\/fr\/","push-errors":false,"_links":{"self":[{"href":"https:\/\/irpp.org\/fr\/wp-json\/wp\/v2\/pages\/9412","targetHints":{"allow":["GET"]}}],"collection":[{"href":"https:\/\/irpp.org\/fr\/wp-json\/wp\/v2\/pages"}],"about":[{"href":"https:\/\/irpp.org\/fr\/wp-json\/wp\/v2\/types\/page"}],"author":[{"embeddable":true,"href":"https:\/\/irpp.org\/fr\/wp-json\/wp\/v2\/users\/1"}],"replies":[{"embeddable":true,"href":"https:\/\/irpp.org\/fr\/wp-json\/wp\/v2\/comments?post=9412"}],"version-history":[{"count":0,"href":"https:\/\/irpp.org\/fr\/wp-json\/wp\/v2\/pages\/9412\/revisions"}],"up":[{"embeddable":true,"href":"https:\/\/irpp.org\/fr\/wp-json\/wp\/v2\/pages\/9148"}],"wp:attachment":[{"href":"https:\/\/irpp.org\/fr\/wp-json\/wp\/v2\/media?parent=9412"}],"wp:term":[{"taxonomy":"category","embeddable":true,"href":"https:\/\/irpp.org\/fr\/wp-json\/wp\/v2\/categories?post=9412"},{"taxonomy":"post_tag","embeddable":true,"href":"https:\/\/irpp.org\/fr\/wp-json\/wp\/v2\/tags?post=9412"}],"curies":[{"name":"wp","href":"https:\/\/api.w.org\/{rel}","templated":true}]}}