{"id":9406,"date":"2013-09-21T13:37:21","date_gmt":"2013-09-21T17:37:21","guid":{"rendered":"http:\/\/irpp.org\/defense-diplomatie-et-developpement\/"},"modified":"2013-09-21T13:37:21","modified_gmt":"2013-09-21T17:37:21","slug":"defense-diplomatie-et-developpement","status":"publish","type":"page","link":"https:\/\/irpp.org\/fr\/recherche\/defense-diplomatie-et-developpement\/","title":{"rendered":"D\u00e9fense, diplomatie et d\u00e9veloppement"},"content":{"rendered":"<p>Ce programme de recherche, qui a pris fin en 2006, a examin\u00e9 les incidences politiques de l&rsquo;approche 3D, qui vise \u00e0 coordonner les efforts de diff\u00e9rents minist\u00e8res, \u00e0 la fois entre eux et avec les acteurs non gouvernementaux, lors de situations de transition ou d&rsquo;apr\u00e8s-conflit, dans ce qui est pr\u00e9sent\u00e9 comme le \u00ab lien s\u00e9curit\u00e9-d\u00e9veloppement \u00bb. Cette approche sugg\u00e8re que l&rsquo;action des organismes de s\u00e9curit\u00e9 pourrait \u00e9chouer et l&rsquo;ins\u00e9curit\u00e9 se manifester de nouveau si une d\u00e9marche de d\u00e9veloppement humain plus g\u00e9n\u00e9rale n&rsquo;est pas entreprise en m\u00eame temps.<\/p>","protected":false},"excerpt":{"rendered":"<p>Ce programme de recherche, qui a pris fin en 2006, a examin\u00e9 les incidences politiques de l&rsquo;approche 3D, qui vise \u00e0 coordonner les efforts de diff\u00e9rents minist\u00e8res, \u00e0 la fois entre eux et avec les acteurs non gouvernementaux, lors de situations de transition ou d&rsquo;apr\u00e8s-conflit, dans ce qui est pr\u00e9sent\u00e9 comme le \u00ab lien s\u00e9curit\u00e9-d\u00e9veloppement [&hellip;]<\/p>\n","protected":false},"author":1,"featured_media":0,"parent":9148,"menu_order":0,"comment_status":"open","ping_status":"open","template":"page-research-program.php","meta":{"content-type":"","footnotes":""},"categories":[],"tags":[],"class_list":["post-9406","page","type-page","status-publish","hentry"],"acf":[],"yoast_head":"<!-- This site is optimized with the Yoast SEO plugin v15.7 - https:\/\/yoast.com\/wordpress\/plugins\/seo\/ -->\n<meta name=\"robots\" content=\"index, follow, max-snippet:-1, max-image-preview:large, max-video-preview:-1\" \/>\n<link rel=\"canonical\" href=\"https:\/\/irpp.org\/fr\/recherche\/defense-diplomatie-et-developpement\/\" \/>\n<meta property=\"og:locale\" content=\"fr_FR\" \/>\n<meta property=\"og:type\" content=\"article\" \/>\n<meta property=\"og:title\" content=\"D\u00e9fense, diplomatie et d\u00e9veloppement - IRPP\" \/>\n<meta property=\"og:description\" content=\"Ce programme de recherche, qui a pris fin en 2006, a examin\u00e9 les incidences politiques de l&rsquo;approche 3D, qui vise \u00e0 coordonner les efforts de diff\u00e9rents minist\u00e8res, \u00e0 la fois entre eux et avec les acteurs non gouvernementaux, lors de situations de transition ou d&rsquo;apr\u00e8s-conflit, dans ce qui est pr\u00e9sent\u00e9 comme le \u00ab lien s\u00e9curit\u00e9-d\u00e9veloppement [&hellip;]\" \/>\n<meta property=\"og:url\" content=\"https:\/\/irpp.org\/fr\/recherche\/defense-diplomatie-et-developpement\/\" \/>\n<meta property=\"og:site_name\" content=\"IRPP\" \/>\n<meta property=\"article:publisher\" content=\"https:\/\/www.facebook.com\/IRPP.org\" \/>\n<meta name=\"twitter:card\" content=\"summary_large_image\" \/>\n<meta name=\"twitter:site\" content=\"@irpp\" \/>\n<script type=\"application\/ld+json\" class=\"yoast-schema-graph\">{\"@context\":\"https:\/\/schema.org\",\"@graph\":[{\"@type\":\"WebSite\",\"@id\":\"https:\/\/irpp.org\/#website\",\"url\":\"https:\/\/irpp.org\/\",\"name\":\"IRPP\",\"description\":\"Institute for Research on Public Policy\",\"potentialAction\":[{\"@type\":\"SearchAction\",\"target\":\"https:\/\/irpp.org\/?s={search_term_string}\",\"query-input\":\"required name=search_term_string\"}],\"inLanguage\":\"fr-FR\"},{\"@type\":\"WebPage\",\"@id\":\"https:\/\/irpp.org\/fr\/recherche\/defense-diplomatie-et-developpement\/#webpage\",\"url\":\"https:\/\/irpp.org\/fr\/recherche\/defense-diplomatie-et-developpement\/\",\"name\":\"D\\u00e9fense, diplomatie et d\\u00e9veloppement - IRPP\",\"isPartOf\":{\"@id\":\"https:\/\/irpp.org\/#website\"},\"datePublished\":\"2013-09-21T17:37:21+00:00\",\"dateModified\":\"2013-09-21T17:37:21+00:00\",\"inLanguage\":\"fr-FR\",\"potentialAction\":[{\"@type\":\"ReadAction\",\"target\":[\"https:\/\/irpp.org\/fr\/recherche\/defense-diplomatie-et-developpement\/\"]}]}]}<\/script>\n<!-- \/ Yoast SEO plugin. -->","distributor_meta":false,"distributor_terms":false,"distributor_media":false,"distributor_original_site_name":"IRPP","distributor_original_site_url":"https:\/\/irpp.org\/fr\/","push-errors":false,"_links":{"self":[{"href":"https:\/\/irpp.org\/fr\/wp-json\/wp\/v2\/pages\/9406","targetHints":{"allow":["GET"]}}],"collection":[{"href":"https:\/\/irpp.org\/fr\/wp-json\/wp\/v2\/pages"}],"about":[{"href":"https:\/\/irpp.org\/fr\/wp-json\/wp\/v2\/types\/page"}],"author":[{"embeddable":true,"href":"https:\/\/irpp.org\/fr\/wp-json\/wp\/v2\/users\/1"}],"replies":[{"embeddable":true,"href":"https:\/\/irpp.org\/fr\/wp-json\/wp\/v2\/comments?post=9406"}],"version-history":[{"count":0,"href":"https:\/\/irpp.org\/fr\/wp-json\/wp\/v2\/pages\/9406\/revisions"}],"up":[{"embeddable":true,"href":"https:\/\/irpp.org\/fr\/wp-json\/wp\/v2\/pages\/9148"}],"wp:attachment":[{"href":"https:\/\/irpp.org\/fr\/wp-json\/wp\/v2\/media?parent=9406"}],"wp:term":[{"taxonomy":"category","embeddable":true,"href":"https:\/\/irpp.org\/fr\/wp-json\/wp\/v2\/categories?post=9406"},{"taxonomy":"post_tag","embeddable":true,"href":"https:\/\/irpp.org\/fr\/wp-json\/wp\/v2\/tags?post=9406"}],"curies":[{"name":"wp","href":"https:\/\/api.w.org\/{rel}","templated":true}]}}