{"id":9398,"date":"2013-05-28T14:19:58","date_gmt":"2013-05-28T18:19:58","guid":{"rendered":"http:\/\/irpp.org\/programme-de-priorites-pour-le-canada\/"},"modified":"2013-05-28T14:19:58","modified_gmt":"2013-05-28T18:19:58","slug":"programme-de-priorites-pour-le-canada","status":"publish","type":"page","link":"https:\/\/irpp.org\/fr\/recherche\/programme-de-priorites-pour-le-canada\/","title":{"rendered":"Programme de priorit\u00e9s pour le Canada"},"content":{"rendered":"<p>Ce projet aussi novateur qu&rsquo;ambitieux a permis \u00e0 l&rsquo;IRPP de susciter \u2013 et d&rsquo;\u00e9toffer \u2013 un important d\u00e9bat public sur les priorit\u00e9s politiques canadiennes \u00e0 moyen terme. Centr\u00e9 sur les choix que devraient privil\u00e9gier nos gouvernements dans un contexte de raret\u00e9 des ressources, il a r\u00e9uni 45 des meilleurs experts du pays en vue d&rsquo;examiner les grandes d\u00e9cisions \u00e0 prendre dans les huit domaines strat\u00e9giques \u00e9tablis par les concepteurs du programme\u00a0: capital humain, changements climatiques, ressources naturelles, vieillissement d\u00e9mographique, s\u00e9curit\u00e9 \u00e9conomique, sant\u00e9 et bien-\u00eatre, productivit\u00e9, commerce et mondialisation. Leurs r\u00e9flexions ont fait l&rsquo;objet d&rsquo;un ouvrage collectif, publi\u00e9 en 2007 et intitul\u00e9\u00a0<em><a href=\"https:\/\/store.irpp.org\/collections\/books\/products\/a-canadian-priorities-agenda-policy-choices-to-improve-economic-and-social-well-being\"><em>A Canadian Priorities Agenda: Policy Choices to Improve Economic and Social Well-Being<\/em><\/a><\/em>. On trouve en ligne la\u00a0<a href=\"https:\/\/irpp.org\/wp-content\/uploads\/sites\/2\/assets\/Uploads\/CPA-contents.pdf\">table des mati\u00e8res<\/a>, l&rsquo;<a href=\"https:\/\/irpp.org\/wp-content\/uploads\/sites\/2\/assets\/Uploads\/CPA-introduction.pdf\">introduction<\/a> et\u00a0la\u00a0<a href=\"https:\/\/irpp.org\/wp-content\/uploads\/sites\/2\/assets\/Uploads\/CPA-conclusion.pdf\">conclusion<\/a> ainsi que des documents de synth\u00e8se de chaque chapitre et deux chapitres complets (voir ci-dessous).\u00a0Le processus et les r\u00e9sultats du projet ont suscit\u00e9 beaucoup d&rsquo;int\u00e9r\u00eat et donn\u00e9 lieu \u00e0 des rencontres de haut niveau, notamment avec des repr\u00e9sentants de la Banque du Canada et du minist\u00e8re des Finances. Certaines des principales \u00e9coles d&rsquo;administration publique du pays lui ont aussi consacr\u00e9 des s\u00e9minaires d&rsquo;\u00e9tudes sup\u00e9rieures. Depuis 2009, l&rsquo;IRPP publie tous les ans sur son site Web les meilleurs\u00a0<a href=\"https:\/\/irpp.org\/fr\/programme-de-priorites-pour-le-canada-textes-detudiants\/\">textes d&rsquo;\u00e9tudiants<\/a>\u00a0retenus par un responsable du programme de ma\u00eetrise en politiques publiques de l&rsquo;Universit\u00e9 de Toronto, o\u00f9 se tient l&rsquo;un de ces s\u00e9minaires.<\/p>","protected":false},"excerpt":{"rendered":"<p>Ce projet aussi novateur qu&rsquo;ambitieux a permis \u00e0 l&rsquo;IRPP de susciter \u2013 et d&rsquo;\u00e9toffer \u2013 un important d\u00e9bat public sur les priorit\u00e9s politiques canadiennes \u00e0 moyen terme. Centr\u00e9 sur les choix que devraient privil\u00e9gier nos gouvernements dans un contexte de raret\u00e9 des ressources, il a r\u00e9uni 45 des meilleurs experts du pays en vue d&rsquo;examiner [&hellip;]<\/p>\n","protected":false},"author":1,"featured_media":0,"parent":9148,"menu_order":0,"comment_status":"open","ping_status":"open","template":"page-research-program.php","meta":{"content-type":"","footnotes":""},"categories":[],"tags":[],"class_list":["post-9398","page","type-page","status-publish","hentry"],"acf":[],"yoast_head":"<!-- This site is optimized with the Yoast SEO plugin v15.7 - https:\/\/yoast.com\/wordpress\/plugins\/seo\/ -->\n<meta name=\"robots\" content=\"index, follow, max-snippet:-1, max-image-preview:large, max-video-preview:-1\" \/>\n<link rel=\"canonical\" href=\"https:\/\/irpp.org\/fr\/recherche\/programme-de-priorites-pour-le-canada\/\" \/>\n<meta property=\"og:locale\" content=\"fr_FR\" \/>\n<meta property=\"og:type\" content=\"article\" \/>\n<meta property=\"og:title\" content=\"Programme de priorit\u00e9s pour le Canada - IRPP\" \/>\n<meta property=\"og:description\" content=\"Ce projet aussi novateur qu&rsquo;ambitieux a permis \u00e0 l&rsquo;IRPP de susciter \u2013 et d&rsquo;\u00e9toffer \u2013 un important d\u00e9bat public sur les priorit\u00e9s politiques canadiennes \u00e0 moyen terme. Centr\u00e9 sur les choix que devraient privil\u00e9gier nos gouvernements dans un contexte de raret\u00e9 des ressources, il a r\u00e9uni 45 des meilleurs experts du pays en vue d&rsquo;examiner [&hellip;]\" \/>\n<meta property=\"og:url\" content=\"https:\/\/irpp.org\/fr\/recherche\/programme-de-priorites-pour-le-canada\/\" \/>\n<meta property=\"og:site_name\" content=\"IRPP\" \/>\n<meta property=\"article:publisher\" content=\"https:\/\/www.facebook.com\/IRPP.org\" \/>\n<meta name=\"twitter:card\" content=\"summary_large_image\" \/>\n<meta name=\"twitter:site\" content=\"@irpp\" \/>\n<meta name=\"twitter:label1\" content=\"Dur\u00e9e de lecture est.\">\n\t<meta name=\"twitter:data1\" content=\"1 minute\">\n<script type=\"application\/ld+json\" class=\"yoast-schema-graph\">{\"@context\":\"https:\/\/schema.org\",\"@graph\":[{\"@type\":\"WebSite\",\"@id\":\"https:\/\/irpp.org\/#website\",\"url\":\"https:\/\/irpp.org\/\",\"name\":\"IRPP\",\"description\":\"Institute for Research on Public Policy\",\"potentialAction\":[{\"@type\":\"SearchAction\",\"target\":\"https:\/\/irpp.org\/?s={search_term_string}\",\"query-input\":\"required name=search_term_string\"}],\"inLanguage\":\"fr-FR\"},{\"@type\":\"WebPage\",\"@id\":\"https:\/\/irpp.org\/fr\/recherche\/programme-de-priorites-pour-le-canada\/#webpage\",\"url\":\"https:\/\/irpp.org\/fr\/recherche\/programme-de-priorites-pour-le-canada\/\",\"name\":\"Programme de priorit\\u00e9s pour le Canada - IRPP\",\"isPartOf\":{\"@id\":\"https:\/\/irpp.org\/#website\"},\"datePublished\":\"2013-05-28T18:19:58+00:00\",\"dateModified\":\"2013-05-28T18:19:58+00:00\",\"inLanguage\":\"fr-FR\",\"potentialAction\":[{\"@type\":\"ReadAction\",\"target\":[\"https:\/\/irpp.org\/fr\/recherche\/programme-de-priorites-pour-le-canada\/\"]}]}]}<\/script>\n<!-- \/ Yoast SEO plugin. -->","distributor_meta":false,"distributor_terms":false,"distributor_media":false,"distributor_original_site_name":"IRPP","distributor_original_site_url":"https:\/\/irpp.org\/fr\/","push-errors":false,"_links":{"self":[{"href":"https:\/\/irpp.org\/fr\/wp-json\/wp\/v2\/pages\/9398","targetHints":{"allow":["GET"]}}],"collection":[{"href":"https:\/\/irpp.org\/fr\/wp-json\/wp\/v2\/pages"}],"about":[{"href":"https:\/\/irpp.org\/fr\/wp-json\/wp\/v2\/types\/page"}],"author":[{"embeddable":true,"href":"https:\/\/irpp.org\/fr\/wp-json\/wp\/v2\/users\/1"}],"replies":[{"embeddable":true,"href":"https:\/\/irpp.org\/fr\/wp-json\/wp\/v2\/comments?post=9398"}],"version-history":[{"count":0,"href":"https:\/\/irpp.org\/fr\/wp-json\/wp\/v2\/pages\/9398\/revisions"}],"up":[{"embeddable":true,"href":"https:\/\/irpp.org\/fr\/wp-json\/wp\/v2\/pages\/9148"}],"wp:attachment":[{"href":"https:\/\/irpp.org\/fr\/wp-json\/wp\/v2\/media?parent=9398"}],"wp:term":[{"taxonomy":"category","embeddable":true,"href":"https:\/\/irpp.org\/fr\/wp-json\/wp\/v2\/categories?post=9398"},{"taxonomy":"post_tag","embeddable":true,"href":"https:\/\/irpp.org\/fr\/wp-json\/wp\/v2\/tags?post=9398"}],"curies":[{"name":"wp","href":"https:\/\/api.w.org\/{rel}","templated":true}]}}