{"id":9377,"date":"2013-04-20T19:54:29","date_gmt":"2013-04-20T23:54:29","guid":{"rendered":"http:\/\/irpp.org\/qualite-de-vie-des-autochtones\/"},"modified":"2013-04-20T19:54:29","modified_gmt":"2013-04-20T23:54:29","slug":"qualite-de-vie-des-autochtones","status":"publish","type":"page","link":"https:\/\/irpp.org\/fr\/recherche\/qualite-de-vie-des-autochtones\/","title":{"rendered":"Qualit\u00e9 de vie des Autochtones"},"content":{"rendered":"<p>Depuis son lancement en 2006, l&rsquo;un des premiers objectifs de ce programme de\u00a0recherche \u00e9tait de documenter et d&rsquo;analyser les approches innovantes\u00a0 visant \u00e0 am\u00e9liorer les conditions de vie et la vie communautaire des\u00a0peuples autochtones du pays. Chaque \u00e9tude du programme\u00a0a trait\u00e9 d&rsquo;un secteur politique pr\u00e9cis. Les auteurs ont \u00e9valu\u00e9 l&rsquo;incidence des innovations recens\u00e9es\u00a0afin que d\u00e9cideurs et chercheurs puissent en tirer des le\u00e7ons. Le programme a pris fin en 2008.<\/p>","protected":false},"excerpt":{"rendered":"<p>Depuis son lancement en 2006, l&rsquo;un des premiers objectifs de ce programme de\u00a0recherche \u00e9tait de documenter et d&rsquo;analyser les approches innovantes\u00a0 visant \u00e0 am\u00e9liorer les conditions de vie et la vie communautaire des\u00a0peuples autochtones du pays. Chaque \u00e9tude du programme\u00a0a trait\u00e9 d&rsquo;un secteur politique pr\u00e9cis. Les auteurs ont \u00e9valu\u00e9 l&rsquo;incidence des innovations recens\u00e9es\u00a0afin que d\u00e9cideurs [&hellip;]<\/p>\n","protected":false},"author":1,"featured_media":0,"parent":9148,"menu_order":0,"comment_status":"open","ping_status":"closed","template":"page-research-program.php","meta":{"content-type":"","footnotes":""},"categories":[98],"tags":[],"class_list":["post-9377","page","type-page","status-publish","hentry","category-research-programs-fr"],"acf":[],"yoast_head":"<!-- This site is optimized with the Yoast SEO plugin v15.7 - https:\/\/yoast.com\/wordpress\/plugins\/seo\/ -->\n<meta name=\"robots\" content=\"index, follow, max-snippet:-1, max-image-preview:large, max-video-preview:-1\" \/>\n<link rel=\"canonical\" href=\"https:\/\/irpp.org\/fr\/recherche\/qualite-de-vie-des-autochtones\/\" \/>\n<meta property=\"og:locale\" content=\"fr_FR\" \/>\n<meta property=\"og:type\" content=\"article\" \/>\n<meta property=\"og:title\" content=\"Qualit\u00e9 de vie des Autochtones - IRPP\" \/>\n<meta property=\"og:description\" content=\"Depuis son lancement en 2006, l&rsquo;un des premiers objectifs de ce programme de\u00a0recherche \u00e9tait de documenter et d&rsquo;analyser les approches innovantes\u00a0 visant \u00e0 am\u00e9liorer les conditions de vie et la vie communautaire des\u00a0peuples autochtones du pays. Chaque \u00e9tude du programme\u00a0a trait\u00e9 d&rsquo;un secteur politique pr\u00e9cis. Les auteurs ont \u00e9valu\u00e9 l&rsquo;incidence des innovations recens\u00e9es\u00a0afin que d\u00e9cideurs [&hellip;]\" \/>\n<meta property=\"og:url\" content=\"https:\/\/irpp.org\/fr\/recherche\/qualite-de-vie-des-autochtones\/\" \/>\n<meta property=\"og:site_name\" content=\"IRPP\" \/>\n<meta property=\"article:publisher\" content=\"https:\/\/www.facebook.com\/IRPP.org\" \/>\n<meta name=\"twitter:card\" content=\"summary_large_image\" \/>\n<meta name=\"twitter:site\" content=\"@irpp\" \/>\n<script type=\"application\/ld+json\" class=\"yoast-schema-graph\">{\"@context\":\"https:\/\/schema.org\",\"@graph\":[{\"@type\":\"WebSite\",\"@id\":\"https:\/\/irpp.org\/#website\",\"url\":\"https:\/\/irpp.org\/\",\"name\":\"IRPP\",\"description\":\"Institute for Research on Public Policy\",\"potentialAction\":[{\"@type\":\"SearchAction\",\"target\":\"https:\/\/irpp.org\/?s={search_term_string}\",\"query-input\":\"required name=search_term_string\"}],\"inLanguage\":\"fr-FR\"},{\"@type\":\"WebPage\",\"@id\":\"https:\/\/irpp.org\/fr\/recherche\/qualite-de-vie-des-autochtones\/#webpage\",\"url\":\"https:\/\/irpp.org\/fr\/recherche\/qualite-de-vie-des-autochtones\/\",\"name\":\"Qualit\\u00e9 de vie des Autochtones - IRPP\",\"isPartOf\":{\"@id\":\"https:\/\/irpp.org\/#website\"},\"datePublished\":\"2013-04-20T23:54:29+00:00\",\"dateModified\":\"2013-04-20T23:54:29+00:00\",\"inLanguage\":\"fr-FR\",\"potentialAction\":[{\"@type\":\"ReadAction\",\"target\":[\"https:\/\/irpp.org\/fr\/recherche\/qualite-de-vie-des-autochtones\/\"]}]}]}<\/script>\n<!-- \/ Yoast SEO plugin. -->","distributor_meta":false,"distributor_terms":false,"distributor_media":false,"distributor_original_site_name":"IRPP","distributor_original_site_url":"https:\/\/irpp.org\/fr\/","push-errors":false,"_links":{"self":[{"href":"https:\/\/irpp.org\/fr\/wp-json\/wp\/v2\/pages\/9377","targetHints":{"allow":["GET"]}}],"collection":[{"href":"https:\/\/irpp.org\/fr\/wp-json\/wp\/v2\/pages"}],"about":[{"href":"https:\/\/irpp.org\/fr\/wp-json\/wp\/v2\/types\/page"}],"author":[{"embeddable":true,"href":"https:\/\/irpp.org\/fr\/wp-json\/wp\/v2\/users\/1"}],"replies":[{"embeddable":true,"href":"https:\/\/irpp.org\/fr\/wp-json\/wp\/v2\/comments?post=9377"}],"version-history":[{"count":0,"href":"https:\/\/irpp.org\/fr\/wp-json\/wp\/v2\/pages\/9377\/revisions"}],"up":[{"embeddable":true,"href":"https:\/\/irpp.org\/fr\/wp-json\/wp\/v2\/pages\/9148"}],"wp:attachment":[{"href":"https:\/\/irpp.org\/fr\/wp-json\/wp\/v2\/media?parent=9377"}],"wp:term":[{"taxonomy":"category","embeddable":true,"href":"https:\/\/irpp.org\/fr\/wp-json\/wp\/v2\/categories?post=9377"},{"taxonomy":"post_tag","embeddable":true,"href":"https:\/\/irpp.org\/fr\/wp-json\/wp\/v2\/tags?post=9377"}],"curies":[{"name":"wp","href":"https:\/\/api.w.org\/{rel}","templated":true}]}}