{"id":9364,"date":"2013-04-16T11:03:31","date_gmt":"2013-04-16T15:03:31","guid":{"rendered":"http:\/\/irpp.org\/politique-de-la-famille\/"},"modified":"2013-04-16T11:03:31","modified_gmt":"2013-04-16T15:03:31","slug":"politique-de-la-famille","status":"publish","type":"page","link":"https:\/\/irpp.org\/fr\/recherche\/politique-de-la-famille\/","title":{"rendered":"Politique de la famille"},"content":{"rendered":"<p>Ce programme de recherche, qui a pris fin en 2009, \u00e9tait centr\u00e9 sur les politiques f\u00e9d\u00e9rales et provinciales relatives \u00e0 la famille et aux enfants, y compris les mesures favorisant l&rsquo;\u00e9quilibre entre le travail et la vie personnelle. Les \u00e9tudes ont examin\u00e9 les forces et faiblesses des politiques touchant le soutien du revenu, les services de garde, l&rsquo;\u00e9ducation de la petite enfance et les cong\u00e9s parentaux, ainsi que les approches de rechange. Elles ont soulev\u00e9 d&rsquo;importantes questions sur les priorit\u00e9s et les choix de nos gouvernements en ce qui concerne l&rsquo;\u00e9quit\u00e9 hommes-femmes, l&rsquo;\u00e9quit\u00e9 entre les familles et le d\u00e9veloppement du capital humain.<\/p>","protected":false},"excerpt":{"rendered":"<p>Ce programme de recherche, qui a pris fin en 2009, \u00e9tait centr\u00e9 sur les politiques f\u00e9d\u00e9rales et provinciales relatives \u00e0 la famille et aux enfants, y compris les mesures favorisant l&rsquo;\u00e9quilibre entre le travail et la vie personnelle. Les \u00e9tudes ont examin\u00e9 les forces et faiblesses des politiques touchant le soutien du revenu, les services [&hellip;]<\/p>\n","protected":false},"author":1,"featured_media":0,"parent":9148,"menu_order":0,"comment_status":"open","ping_status":"open","template":"page-research-program.php","meta":{"content-type":"","footnotes":""},"categories":[],"tags":[],"class_list":["post-9364","page","type-page","status-publish","hentry"],"acf":[],"yoast_head":"<!-- This site is optimized with the Yoast SEO plugin v15.7 - https:\/\/yoast.com\/wordpress\/plugins\/seo\/ -->\n<meta name=\"robots\" content=\"index, follow, max-snippet:-1, max-image-preview:large, max-video-preview:-1\" \/>\n<link rel=\"canonical\" href=\"https:\/\/irpp.org\/fr\/recherche\/politique-de-la-famille\/\" \/>\n<meta property=\"og:locale\" content=\"fr_FR\" \/>\n<meta property=\"og:type\" content=\"article\" \/>\n<meta property=\"og:title\" content=\"Politique de la famille - IRPP\" \/>\n<meta property=\"og:description\" content=\"Ce programme de recherche, qui a pris fin en 2009, \u00e9tait centr\u00e9 sur les politiques f\u00e9d\u00e9rales et provinciales relatives \u00e0 la famille et aux enfants, y compris les mesures favorisant l&rsquo;\u00e9quilibre entre le travail et la vie personnelle. Les \u00e9tudes ont examin\u00e9 les forces et faiblesses des politiques touchant le soutien du revenu, les services [&hellip;]\" \/>\n<meta property=\"og:url\" content=\"https:\/\/irpp.org\/fr\/recherche\/politique-de-la-famille\/\" \/>\n<meta property=\"og:site_name\" content=\"IRPP\" \/>\n<meta property=\"article:publisher\" content=\"https:\/\/www.facebook.com\/IRPP.org\" \/>\n<meta name=\"twitter:card\" content=\"summary_large_image\" \/>\n<meta name=\"twitter:site\" content=\"@irpp\" \/>\n<meta name=\"twitter:label1\" content=\"Dur\u00e9e de lecture est.\">\n\t<meta name=\"twitter:data1\" content=\"1 minute\">\n<script type=\"application\/ld+json\" class=\"yoast-schema-graph\">{\"@context\":\"https:\/\/schema.org\",\"@graph\":[{\"@type\":\"WebSite\",\"@id\":\"https:\/\/irpp.org\/#website\",\"url\":\"https:\/\/irpp.org\/\",\"name\":\"IRPP\",\"description\":\"Institute for Research on Public Policy\",\"potentialAction\":[{\"@type\":\"SearchAction\",\"target\":\"https:\/\/irpp.org\/?s={search_term_string}\",\"query-input\":\"required name=search_term_string\"}],\"inLanguage\":\"fr-FR\"},{\"@type\":\"WebPage\",\"@id\":\"https:\/\/irpp.org\/fr\/recherche\/politique-de-la-famille\/#webpage\",\"url\":\"https:\/\/irpp.org\/fr\/recherche\/politique-de-la-famille\/\",\"name\":\"Politique de la famille - IRPP\",\"isPartOf\":{\"@id\":\"https:\/\/irpp.org\/#website\"},\"datePublished\":\"2013-04-16T15:03:31+00:00\",\"dateModified\":\"2013-04-16T15:03:31+00:00\",\"inLanguage\":\"fr-FR\",\"potentialAction\":[{\"@type\":\"ReadAction\",\"target\":[\"https:\/\/irpp.org\/fr\/recherche\/politique-de-la-famille\/\"]}]}]}<\/script>\n<!-- \/ Yoast SEO plugin. -->","distributor_meta":false,"distributor_terms":false,"distributor_media":false,"distributor_original_site_name":"IRPP","distributor_original_site_url":"https:\/\/irpp.org\/fr\/","push-errors":false,"_links":{"self":[{"href":"https:\/\/irpp.org\/fr\/wp-json\/wp\/v2\/pages\/9364","targetHints":{"allow":["GET"]}}],"collection":[{"href":"https:\/\/irpp.org\/fr\/wp-json\/wp\/v2\/pages"}],"about":[{"href":"https:\/\/irpp.org\/fr\/wp-json\/wp\/v2\/types\/page"}],"author":[{"embeddable":true,"href":"https:\/\/irpp.org\/fr\/wp-json\/wp\/v2\/users\/1"}],"replies":[{"embeddable":true,"href":"https:\/\/irpp.org\/fr\/wp-json\/wp\/v2\/comments?post=9364"}],"version-history":[{"count":0,"href":"https:\/\/irpp.org\/fr\/wp-json\/wp\/v2\/pages\/9364\/revisions"}],"up":[{"embeddable":true,"href":"https:\/\/irpp.org\/fr\/wp-json\/wp\/v2\/pages\/9148"}],"wp:attachment":[{"href":"https:\/\/irpp.org\/fr\/wp-json\/wp\/v2\/media?parent=9364"}],"wp:term":[{"taxonomy":"category","embeddable":true,"href":"https:\/\/irpp.org\/fr\/wp-json\/wp\/v2\/categories?post=9364"},{"taxonomy":"post_tag","embeddable":true,"href":"https:\/\/irpp.org\/fr\/wp-json\/wp\/v2\/tags?post=9364"}],"curies":[{"name":"wp","href":"https:\/\/api.w.org\/{rel}","templated":true}]}}