{"id":9319,"date":"2013-04-14T19:53:31","date_gmt":"2013-04-14T23:53:31","guid":{"rendered":"http:\/\/irpp.org\/federalisme-canadien\/"},"modified":"2021-11-24T14:25:54","modified_gmt":"2021-11-24T19:25:54","slug":"federalisme-canadien","status":"publish","type":"page","link":"https:\/\/irpp.org\/fr\/recherche\/federalisme-canadien\/","title":{"rendered":"F\u00e9d\u00e9ralisme canadien"},"content":{"rendered":"<p><span lang=\"FR-CA\" style=\"color: black;\">L&rsquo;IRPP fait autorit\u00e9 sur les questions \u00e9pineuses et complexes qui ont marqu\u00e9 l&rsquo;\u00e9volution de la f\u00e9d\u00e9ration canadienne depuis les ann\u00e9es 1970. Il a contribu\u00e9 au d\u00e9bat sur le f\u00e9d\u00e9ralisme gr\u00e2ce \u00e0 des activit\u00e9s et \u00e0 des travaux de recherche consacr\u00e9s \u00e0 l&rsquo;Entente-cadre sur l&rsquo;union sociale, au Conseil de la f\u00e9d\u00e9ration, \u00e0 la r\u00e9forme des soins de sant\u00e9, au f\u00e9d\u00e9ralisme fiscal (r\u00e9forme de la p\u00e9r\u00e9quation et des transferts sociaux) et, \u00e0 partir de 2004, aux modifications propos\u00e9es au pouvoir f\u00e9d\u00e9ral de d\u00e9penser.<\/span><\/p>\n<hr \/>\n<p><strong>Pour les travaux courants sur le f\u00e9d\u00e9ralisme canadien, consultez le <a href=\"https:\/\/centre.irpp.org\/fr\/\">Centre d&rsquo;excellence sur la f\u00e9d\u00e9ration canadienne<\/a> de l&rsquo;IRPP.<\/strong><\/p>","protected":false},"excerpt":{"rendered":"<p>L&rsquo;IRPP fait autorit\u00e9 sur les questions \u00e9pineuses et complexes qui ont marqu\u00e9 l&rsquo;\u00e9volution de la f\u00e9d\u00e9ration canadienne depuis les ann\u00e9es 1970. Il a contribu\u00e9 au d\u00e9bat sur le f\u00e9d\u00e9ralisme gr\u00e2ce \u00e0 des activit\u00e9s et \u00e0 des travaux de recherche consacr\u00e9s \u00e0 l&rsquo;Entente-cadre sur l&rsquo;union sociale, au Conseil de la f\u00e9d\u00e9ration, \u00e0 la r\u00e9forme des soins [&hellip;]<\/p>\n","protected":false},"author":1,"featured_media":0,"parent":9148,"menu_order":0,"comment_status":"open","ping_status":"open","template":"page-research-program.php","meta":{"content-type":"","footnotes":""},"categories":[98],"tags":[],"class_list":["post-9319","page","type-page","status-publish","hentry","category-research-programs-fr"],"acf":[],"yoast_head":"<!-- This site is optimized with the Yoast SEO plugin v15.7 - https:\/\/yoast.com\/wordpress\/plugins\/seo\/ -->\n<meta name=\"robots\" content=\"index, follow, max-snippet:-1, max-image-preview:large, max-video-preview:-1\" \/>\n<link rel=\"canonical\" href=\"https:\/\/irpp.org\/fr\/recherche\/federalisme-canadien\/\" \/>\n<meta property=\"og:locale\" content=\"fr_FR\" \/>\n<meta property=\"og:type\" content=\"article\" \/>\n<meta property=\"og:title\" content=\"F\u00e9d\u00e9ralisme canadien - IRPP\" \/>\n<meta property=\"og:description\" content=\"L&rsquo;IRPP fait autorit\u00e9 sur les questions \u00e9pineuses et complexes qui ont marqu\u00e9 l&rsquo;\u00e9volution de la f\u00e9d\u00e9ration canadienne depuis les ann\u00e9es 1970. Il a contribu\u00e9 au d\u00e9bat sur le f\u00e9d\u00e9ralisme gr\u00e2ce \u00e0 des activit\u00e9s et \u00e0 des travaux de recherche consacr\u00e9s \u00e0 l&rsquo;Entente-cadre sur l&rsquo;union sociale, au Conseil de la f\u00e9d\u00e9ration, \u00e0 la r\u00e9forme des soins [&hellip;]\" \/>\n<meta property=\"og:url\" content=\"https:\/\/irpp.org\/fr\/recherche\/federalisme-canadien\/\" \/>\n<meta property=\"og:site_name\" content=\"IRPP\" \/>\n<meta property=\"article:publisher\" content=\"https:\/\/www.facebook.com\/IRPP.org\" \/>\n<meta property=\"article:modified_time\" content=\"2021-11-24T19:25:54+00:00\" \/>\n<meta name=\"twitter:card\" content=\"summary_large_image\" \/>\n<meta name=\"twitter:site\" content=\"@irpp\" \/>\n<meta name=\"twitter:label1\" content=\"Dur\u00e9e de lecture est.\">\n\t<meta name=\"twitter:data1\" content=\"1 minute\">\n<script type=\"application\/ld+json\" class=\"yoast-schema-graph\">{\"@context\":\"https:\/\/schema.org\",\"@graph\":[{\"@type\":\"WebSite\",\"@id\":\"https:\/\/irpp.org\/#website\",\"url\":\"https:\/\/irpp.org\/\",\"name\":\"IRPP\",\"description\":\"Institute for Research on Public Policy\",\"potentialAction\":[{\"@type\":\"SearchAction\",\"target\":\"https:\/\/irpp.org\/?s={search_term_string}\",\"query-input\":\"required name=search_term_string\"}],\"inLanguage\":\"fr-FR\"},{\"@type\":\"WebPage\",\"@id\":\"https:\/\/irpp.org\/fr\/recherche\/federalisme-canadien\/#webpage\",\"url\":\"https:\/\/irpp.org\/fr\/recherche\/federalisme-canadien\/\",\"name\":\"F\\u00e9d\\u00e9ralisme canadien - IRPP\",\"isPartOf\":{\"@id\":\"https:\/\/irpp.org\/#website\"},\"datePublished\":\"2013-04-14T23:53:31+00:00\",\"dateModified\":\"2021-11-24T19:25:54+00:00\",\"inLanguage\":\"fr-FR\",\"potentialAction\":[{\"@type\":\"ReadAction\",\"target\":[\"https:\/\/irpp.org\/fr\/recherche\/federalisme-canadien\/\"]}]}]}<\/script>\n<!-- \/ Yoast SEO plugin. -->","distributor_meta":false,"distributor_terms":false,"distributor_media":false,"distributor_original_site_name":"IRPP","distributor_original_site_url":"https:\/\/irpp.org\/fr\/","push-errors":false,"_links":{"self":[{"href":"https:\/\/irpp.org\/fr\/wp-json\/wp\/v2\/pages\/9319","targetHints":{"allow":["GET"]}}],"collection":[{"href":"https:\/\/irpp.org\/fr\/wp-json\/wp\/v2\/pages"}],"about":[{"href":"https:\/\/irpp.org\/fr\/wp-json\/wp\/v2\/types\/page"}],"author":[{"embeddable":true,"href":"https:\/\/irpp.org\/fr\/wp-json\/wp\/v2\/users\/1"}],"replies":[{"embeddable":true,"href":"https:\/\/irpp.org\/fr\/wp-json\/wp\/v2\/comments?post=9319"}],"version-history":[{"count":0,"href":"https:\/\/irpp.org\/fr\/wp-json\/wp\/v2\/pages\/9319\/revisions"}],"up":[{"embeddable":true,"href":"https:\/\/irpp.org\/fr\/wp-json\/wp\/v2\/pages\/9148"}],"wp:attachment":[{"href":"https:\/\/irpp.org\/fr\/wp-json\/wp\/v2\/media?parent=9319"}],"wp:term":[{"taxonomy":"category","embeddable":true,"href":"https:\/\/irpp.org\/fr\/wp-json\/wp\/v2\/categories?post=9319"},{"taxonomy":"post_tag","embeddable":true,"href":"https:\/\/irpp.org\/fr\/wp-json\/wp\/v2\/tags?post=9319"}],"curies":[{"name":"wp","href":"https:\/\/api.w.org\/{rel}","templated":true}]}}