{"id":9310,"date":"2013-04-12T20:11:06","date_gmt":"2013-04-13T00:11:06","guid":{"rendered":"http:\/\/irpp.org\/securite-et-democratie\/"},"modified":"2013-04-12T20:11:06","modified_gmt":"2013-04-13T00:11:06","slug":"securite-et-democratie","status":"publish","type":"page","link":"https:\/\/irpp.org\/fr\/recherche\/securite-et-democratie\/","title":{"rendered":"S\u00e9curit\u00e9 et d\u00e9mocratie"},"content":{"rendered":"<p>Ce programme de recherche, qui a pris fin en 2010, visait \u00e0 contribuer \u00e0 l&rsquo;\u00e9laboration d&rsquo;une politique antiterroriste moderne. Les chercheurs ont analys\u00e9 les d\u00e9fis complexes que doit relever le Canada face au terrorisme transnational et mondial, examinant notamment le r\u00f4le et le fonctionnement des lois et des institutions qui permettent aux gouvernements de poursuivre les objectifs potentiellement contradictoires que sont la s\u00e9curit\u00e9 et la d\u00e9mocratie. La recherche \u00e9tait ax\u00e9e sur les questions de gouvernance et de reddition de comptes li\u00e9es \u00e0 la s\u00e9curit\u00e9 nationale et aux lois antiterroristes, au renseignement ainsi qu&rsquo;aux relations civilo-militaires.<\/p>","protected":false},"excerpt":{"rendered":"<p>Ce programme de recherche, qui a pris fin en 2010, visait \u00e0 contribuer \u00e0 l&rsquo;\u00e9laboration d&rsquo;une politique antiterroriste moderne. Les chercheurs ont analys\u00e9 les d\u00e9fis complexes que doit relever le Canada face au terrorisme transnational et mondial, examinant notamment le r\u00f4le et le fonctionnement des lois et des institutions qui permettent aux gouvernements de poursuivre [&hellip;]<\/p>\n","protected":false},"author":1,"featured_media":1420,"parent":9148,"menu_order":0,"comment_status":"open","ping_status":"open","template":"page-research-program.php","meta":{"content-type":"","footnotes":""},"categories":[],"tags":[],"class_list":["post-9310","page","type-page","status-publish","has-post-thumbnail","hentry"],"acf":[],"yoast_head":"<!-- This site is optimized with the Yoast SEO plugin v15.7 - https:\/\/yoast.com\/wordpress\/plugins\/seo\/ -->\n<meta name=\"robots\" content=\"index, follow, max-snippet:-1, max-image-preview:large, max-video-preview:-1\" \/>\n<link rel=\"canonical\" href=\"https:\/\/irpp.org\/fr\/recherche\/securite-et-democratie\/\" \/>\n<meta property=\"og:locale\" content=\"fr_FR\" \/>\n<meta property=\"og:type\" content=\"article\" \/>\n<meta property=\"og:title\" content=\"S\u00e9curit\u00e9 et d\u00e9mocratie - IRPP\" \/>\n<meta property=\"og:description\" content=\"Ce programme de recherche, qui a pris fin en 2010, visait \u00e0 contribuer \u00e0 l&rsquo;\u00e9laboration d&rsquo;une politique antiterroriste moderne. Les chercheurs ont analys\u00e9 les d\u00e9fis complexes que doit relever le Canada face au terrorisme transnational et mondial, examinant notamment le r\u00f4le et le fonctionnement des lois et des institutions qui permettent aux gouvernements de poursuivre [&hellip;]\" \/>\n<meta property=\"og:url\" content=\"https:\/\/irpp.org\/fr\/recherche\/securite-et-democratie\/\" \/>\n<meta property=\"og:site_name\" content=\"IRPP\" \/>\n<meta property=\"article:publisher\" content=\"https:\/\/www.facebook.com\/IRPP.org\" \/>\n<meta property=\"og:image\" content=\"https:\/\/irpp.org\/wp-content\/uploads\/\/sites\/2\/assets\/Uploads\/security-democracy.jpg\" \/>\n\t<meta property=\"og:image:width\" content=\"300\" \/>\n\t<meta property=\"og:image:height\" content=\"160\" \/>\n<meta name=\"twitter:card\" content=\"summary_large_image\" \/>\n<meta name=\"twitter:site\" content=\"@irpp\" \/>\n<script type=\"application\/ld+json\" class=\"yoast-schema-graph\">{\"@context\":\"https:\/\/schema.org\",\"@graph\":[{\"@type\":\"WebSite\",\"@id\":\"https:\/\/irpp.org\/#website\",\"url\":\"https:\/\/irpp.org\/\",\"name\":\"IRPP\",\"description\":\"Institute for Research on Public Policy\",\"potentialAction\":[{\"@type\":\"SearchAction\",\"target\":\"https:\/\/irpp.org\/?s={search_term_string}\",\"query-input\":\"required name=search_term_string\"}],\"inLanguage\":\"fr-FR\"},{\"@type\":\"ImageObject\",\"@id\":\"https:\/\/irpp.org\/fr\/recherche\/securite-et-democratie\/#primaryimage\",\"inLanguage\":\"fr-FR\",\"url\":\"https:\/\/irpp.org\/wp-content\/uploads\/\/sites\/2\/assets\/Uploads\/security-democracy.jpg\",\"width\":300,\"height\":160},{\"@type\":\"WebPage\",\"@id\":\"https:\/\/irpp.org\/fr\/recherche\/securite-et-democratie\/#webpage\",\"url\":\"https:\/\/irpp.org\/fr\/recherche\/securite-et-democratie\/\",\"name\":\"S\\u00e9curit\\u00e9 et d\\u00e9mocratie - IRPP\",\"isPartOf\":{\"@id\":\"https:\/\/irpp.org\/#website\"},\"primaryImageOfPage\":{\"@id\":\"https:\/\/irpp.org\/fr\/recherche\/securite-et-democratie\/#primaryimage\"},\"datePublished\":\"2013-04-13T00:11:06+00:00\",\"dateModified\":\"2013-04-13T00:11:06+00:00\",\"inLanguage\":\"fr-FR\",\"potentialAction\":[{\"@type\":\"ReadAction\",\"target\":[\"https:\/\/irpp.org\/fr\/recherche\/securite-et-democratie\/\"]}]}]}<\/script>\n<!-- \/ Yoast SEO plugin. -->","distributor_meta":false,"distributor_terms":false,"distributor_media":false,"distributor_original_site_name":"IRPP","distributor_original_site_url":"https:\/\/irpp.org\/fr\/","push-errors":false,"_links":{"self":[{"href":"https:\/\/irpp.org\/fr\/wp-json\/wp\/v2\/pages\/9310","targetHints":{"allow":["GET"]}}],"collection":[{"href":"https:\/\/irpp.org\/fr\/wp-json\/wp\/v2\/pages"}],"about":[{"href":"https:\/\/irpp.org\/fr\/wp-json\/wp\/v2\/types\/page"}],"author":[{"embeddable":true,"href":"https:\/\/irpp.org\/fr\/wp-json\/wp\/v2\/users\/1"}],"replies":[{"embeddable":true,"href":"https:\/\/irpp.org\/fr\/wp-json\/wp\/v2\/comments?post=9310"}],"version-history":[{"count":0,"href":"https:\/\/irpp.org\/fr\/wp-json\/wp\/v2\/pages\/9310\/revisions"}],"up":[{"embeddable":true,"href":"https:\/\/irpp.org\/fr\/wp-json\/wp\/v2\/pages\/9148"}],"wp:featuredmedia":[{"embeddable":true,"href":"https:\/\/irpp.org\/fr\/wp-json\/wp\/v2\/media\/1420"}],"wp:attachment":[{"href":"https:\/\/irpp.org\/fr\/wp-json\/wp\/v2\/media?parent=9310"}],"wp:term":[{"taxonomy":"category","embeddable":true,"href":"https:\/\/irpp.org\/fr\/wp-json\/wp\/v2\/categories?post=9310"},{"taxonomy":"post_tag","embeddable":true,"href":"https:\/\/irpp.org\/fr\/wp-json\/wp\/v2\/tags?post=9310"}],"curies":[{"name":"wp","href":"https:\/\/api.w.org\/{rel}","templated":true}]}}