{"id":9153,"date":"2014-05-07T12:23:59","date_gmt":"2014-05-07T16:23:59","guid":{"rendered":"http:\/\/irpp.org\/a-propos-de-lirpp\/"},"modified":"2024-12-13T14:39:48","modified_gmt":"2024-12-13T19:39:48","slug":"a-propos-de-lirpp","status":"publish","type":"page","link":"https:\/\/irpp.org\/fr\/a-propos-de-lirpp\/","title":{"rendered":"\u00c0 propos de l&rsquo;IRPP"},"content":{"rendered":"<p><em><strong>NOTRE MISSION<\/strong><\/em><\/p>\n<p>L\u2019IRPP contribue \u00e0 l\u2019am\u00e9lioration des politiques publiques en produisant des recherches et des analyses approfondies qui \u00e9clairent le d\u00e9bat sur les grands enjeux auxquels sont confront\u00e9s les Canadiens et leurs gouvernements.<\/p>\n<p><em><strong>NOTRE RAISON D\u2019\u00caTRE<\/strong><\/em><\/p>\n<p>Nous rapprochons les milieux de la recherche et des politiques publiques pour am\u00e9liorer la vie de nos concitoyens.<\/p>\n<p><em><strong>NOS VALEURS<\/strong><\/em><\/p>\n<p><strong>Nous sommes ind\u00e9pendants.<br \/>\n<\/strong>Notre ind\u00e9pendance et le contr\u00f4le r\u00e9dactionnel que nous exer\u00e7ons sur nos travaux assurent la cr\u00e9dibilit\u00e9 de toutes nos activit\u00e9s. Nous r\u00e9v\u00e9lons aussi en toute transparence quels sont nos soutiens financiers.<\/p>\n<p><strong>Nous avons une port\u00e9e nationale.<br \/>\n<\/strong>Nous traitons d\u2019enjeux qui concernent tous les Canadiens et tous les ordres de gouvernement, et examinons les diff\u00e9rents moyens d\u2019am\u00e9liorer les relations intergouvernementales.<\/p>\n<p><strong>Nos recherches sont fond\u00e9es sur des donn\u00e9es probantes.<br \/>\n<\/strong>Nos travaux sont men\u00e9s dans un esprit d\u2019ouverture et selon d\u2019exigeantes normes de rigueur et d\u2019int\u00e9grit\u00e9 m\u00e9thodologiques. Leurs r\u00e9sultats sont l\u2019objet d\u2019un examen par les pairs ou soumis \u00e0 l\u2019\u00e9valuation de sp\u00e9cialistes.<\/p>\n<p><strong>Nous sommes collaboratifs.<br \/>\n<\/strong>L\u2019IRPP tisse des liens avec des partenaires de multiples secteurs et consulte de nombreux experts pour approfondir sa compr\u00e9hension des enjeux et cr\u00e9er de fructueux r\u00e9seaux. En vue d\u2019\u00e9clairer le d\u00e9bat public, nos publications sont souvent con\u00e7ues en collaboration avec des chercheurs, auteurs et intervenants externes.<\/p>\n<p><strong>Nous sommes inclusifs.<br \/>\n<\/strong>Pour refl\u00e9ter la diversit\u00e9 de la soci\u00e9t\u00e9 canadienne, nous veillons \u00e0 ce que nos travaux expriment un vaste \u00e9ventail de points de vue et cherchons \u00e0 supprimer les obstacles syst\u00e9miques \u00e0 l\u2019inclusion afin d\u2019int\u00e9grer au d\u00e9bat public les groupes en qu\u00eate d\u2019\u00e9quit\u00e9.<\/p>\n<p><strong>Nous partageons nos connaissances.<br \/>\n<\/strong>Nous visons \u00e0 \u00e9largir le champ des connaissances auxquelles peuvent acc\u00e9der les Canadiens, y compris les responsables et d\u00e9cideurs politiques. Pour mobiliser les esprits, nous privil\u00e9gions un langage clair, favorisons le dialogue et misons sur toutes les plateformes m\u00e9diatiques.<\/p>\n<p><strong>Nous menons nos activit\u00e9s dans les deux langues officielles du pays.<\/strong><br \/>\nNous diffusons nos travaux, exer\u00e7ons nos activit\u00e9s et stimulons le d\u00e9bat public en fran\u00e7ais et en anglais afin d\u2019enrichir les \u00e9changes sur une s\u00e9rie d\u2019enjeux nationaux.<\/p>","protected":false},"excerpt":{"rendered":"<p>NOTRE MISSION L\u2019IRPP contribue \u00e0 l\u2019am\u00e9lioration des politiques publiques en produisant des recherches et des analyses approfondies qui \u00e9clairent le d\u00e9bat sur les grands enjeux auxquels sont confront\u00e9s les Canadiens et leurs gouvernements. NOTRE RAISON D\u2019\u00caTRE Nous rapprochons les milieux de la recherche et des politiques publiques pour am\u00e9liorer la vie de nos concitoyens. NOS [&hellip;]<\/p>\n","protected":false},"author":1,"featured_media":15572,"parent":0,"menu_order":0,"comment_status":"open","ping_status":"open","template":"page-about.php","meta":{"content-type":"","footnotes":""},"categories":[],"tags":[],"class_list":["post-9153","page","type-page","status-publish","has-post-thumbnail","hentry"],"acf":[],"yoast_head":"<!-- This site is optimized with the Yoast SEO plugin v15.7 - https:\/\/yoast.com\/wordpress\/plugins\/seo\/ -->\n<meta name=\"robots\" content=\"index, follow, max-snippet:-1, max-image-preview:large, max-video-preview:-1\" \/>\n<link rel=\"canonical\" href=\"https:\/\/irpp.org\/fr\/a-propos-de-lirpp\/\" \/>\n<meta property=\"og:locale\" content=\"fr_FR\" \/>\n<meta property=\"og:type\" content=\"article\" \/>\n<meta property=\"og:title\" content=\"\u00c0 propos de l&#039;IRPP - IRPP\" \/>\n<meta property=\"og:description\" content=\"NOTRE MISSION L\u2019IRPP contribue \u00e0 l\u2019am\u00e9lioration des politiques publiques en produisant des recherches et des analyses approfondies qui \u00e9clairent le d\u00e9bat sur les grands enjeux auxquels sont confront\u00e9s les Canadiens et leurs gouvernements. NOTRE RAISON D\u2019\u00caTRE Nous rapprochons les milieux de la recherche et des politiques publiques pour am\u00e9liorer la vie de nos concitoyens. NOS [&hellip;]\" \/>\n<meta property=\"og:url\" content=\"https:\/\/irpp.org\/fr\/a-propos-de-lirpp\/\" \/>\n<meta property=\"og:site_name\" content=\"IRPP\" \/>\n<meta property=\"article:publisher\" content=\"https:\/\/www.facebook.com\/IRPP.org\" \/>\n<meta property=\"article:modified_time\" content=\"2024-12-13T19:39:48+00:00\" \/>\n<meta property=\"og:image\" content=\"https:\/\/irpp.org\/wp-content\/uploads\/2021\/05\/Institute-for-Research-on-Public-Policy-names-Jennifer-Ditchburn-President-CEO.jpg\" \/>\n\t<meta property=\"og:image:width\" content=\"2000\" \/>\n\t<meta property=\"og:image:height\" content=\"700\" \/>\n<meta name=\"twitter:card\" content=\"summary_large_image\" \/>\n<meta name=\"twitter:site\" content=\"@irpp\" \/>\n<meta name=\"twitter:label1\" content=\"Dur\u00e9e de lecture est.\">\n\t<meta name=\"twitter:data1\" content=\"2 minutes\">\n<script type=\"application\/ld+json\" class=\"yoast-schema-graph\">{\"@context\":\"https:\/\/schema.org\",\"@graph\":[{\"@type\":\"WebSite\",\"@id\":\"https:\/\/irpp.org\/#website\",\"url\":\"https:\/\/irpp.org\/\",\"name\":\"IRPP\",\"description\":\"Institute for Research on Public Policy\",\"potentialAction\":[{\"@type\":\"SearchAction\",\"target\":\"https:\/\/irpp.org\/?s={search_term_string}\",\"query-input\":\"required name=search_term_string\"}],\"inLanguage\":\"fr-FR\"},{\"@type\":\"ImageObject\",\"@id\":\"https:\/\/irpp.org\/fr\/a-propos-de-lirpp\/#primaryimage\",\"inLanguage\":\"fr-FR\",\"url\":\"https:\/\/irpp.org\/wp-content\/uploads\/2021\/05\/Institute-for-Research-on-Public-Policy-names-Jennifer-Ditchburn-President-CEO.jpg\",\"width\":2000,\"height\":700},{\"@type\":\"WebPage\",\"@id\":\"https:\/\/irpp.org\/fr\/a-propos-de-lirpp\/#webpage\",\"url\":\"https:\/\/irpp.org\/fr\/a-propos-de-lirpp\/\",\"name\":\"\\u00c0 propos de l'IRPP - IRPP\",\"isPartOf\":{\"@id\":\"https:\/\/irpp.org\/#website\"},\"primaryImageOfPage\":{\"@id\":\"https:\/\/irpp.org\/fr\/a-propos-de-lirpp\/#primaryimage\"},\"datePublished\":\"2014-05-07T16:23:59+00:00\",\"dateModified\":\"2024-12-13T19:39:48+00:00\",\"inLanguage\":\"fr-FR\",\"potentialAction\":[{\"@type\":\"ReadAction\",\"target\":[\"https:\/\/irpp.org\/fr\/a-propos-de-lirpp\/\"]}]}]}<\/script>\n<!-- \/ Yoast SEO plugin. -->","distributor_meta":false,"distributor_terms":false,"distributor_media":false,"distributor_original_site_name":"IRPP","distributor_original_site_url":"https:\/\/irpp.org\/fr\/","push-errors":false,"_links":{"self":[{"href":"https:\/\/irpp.org\/fr\/wp-json\/wp\/v2\/pages\/9153","targetHints":{"allow":["GET"]}}],"collection":[{"href":"https:\/\/irpp.org\/fr\/wp-json\/wp\/v2\/pages"}],"about":[{"href":"https:\/\/irpp.org\/fr\/wp-json\/wp\/v2\/types\/page"}],"author":[{"embeddable":true,"href":"https:\/\/irpp.org\/fr\/wp-json\/wp\/v2\/users\/1"}],"replies":[{"embeddable":true,"href":"https:\/\/irpp.org\/fr\/wp-json\/wp\/v2\/comments?post=9153"}],"version-history":[{"count":0,"href":"https:\/\/irpp.org\/fr\/wp-json\/wp\/v2\/pages\/9153\/revisions"}],"wp:featuredmedia":[{"embeddable":true,"href":"https:\/\/irpp.org\/fr\/wp-json\/wp\/v2\/media\/15572"}],"wp:attachment":[{"href":"https:\/\/irpp.org\/fr\/wp-json\/wp\/v2\/media?parent=9153"}],"wp:term":[{"taxonomy":"category","embeddable":true,"href":"https:\/\/irpp.org\/fr\/wp-json\/wp\/v2\/categories?post=9153"},{"taxonomy":"post_tag","embeddable":true,"href":"https:\/\/irpp.org\/fr\/wp-json\/wp\/v2\/tags?post=9153"}],"curies":[{"name":"wp","href":"https:\/\/api.w.org\/{rel}","templated":true}]}}