{"id":9148,"date":"2014-04-29T13:17:34","date_gmt":"2014-04-29T17:17:34","guid":{"rendered":"http:\/\/irpp.org\/recherche\/"},"modified":"2026-03-10T15:38:48","modified_gmt":"2026-03-10T19:38:48","slug":"recherche","status":"publish","type":"page","link":"https:\/\/irpp.org\/fr\/recherche\/","title":{"rendered":"Recherche"},"content":{"rendered":"<p>Depuis plus de 50 ans, l&rsquo;IRPP produit des recherches rigoureuses et approfondies sur les plus grands d\u00e9fis de politiques publiques au Canada. Notre \u00e9quipe s&rsquo;efforce de rapprocher les mondes de la recherche et des politiques dans le but de fournir des donn\u00e9es probantes, des analyses et des conseils qui soutiennent la prise de d\u00e9cisions judicieuses et am\u00e9liorent la vie des Canadiens. Pour savoir o\u00f9 nos recherches trouvent un \u00e9cho dans la communaut\u00e9 universitaire, suivez-nous sur <a href=\"https:\/\/www.jstor.org\/publisher\/instrpp\">JSTOR<\/a> et <a href=\"https:\/\/scholar.google.com\/citations?hl=en&amp;user=PQr7-98AAAAJ\">Google Scholar<\/a>.<\/p>","protected":false},"excerpt":{"rendered":"<p>Depuis plus de 50 ans, l&rsquo;IRPP produit des recherches rigoureuses et approfondies sur les plus grands d\u00e9fis de politiques publiques au Canada. Notre \u00e9quipe s&rsquo;efforce de rapprocher les mondes de la recherche et des politiques dans le but de fournir des donn\u00e9es probantes, des analyses et des conseils qui soutiennent la prise de d\u00e9cisions judicieuses [&hellip;]<\/p>\n","protected":false},"author":1,"featured_media":17361,"parent":0,"menu_order":0,"comment_status":"open","ping_status":"open","template":"page-research.php","meta":{"content-type":"","footnotes":""},"categories":[],"tags":[],"class_list":["post-9148","page","type-page","status-publish","has-post-thumbnail","hentry"],"acf":[],"yoast_head":"<!-- This site is optimized with the Yoast SEO plugin v15.7 - https:\/\/yoast.com\/wordpress\/plugins\/seo\/ -->\n<meta name=\"robots\" content=\"index, follow, max-snippet:-1, max-image-preview:large, max-video-preview:-1\" \/>\n<link rel=\"canonical\" href=\"https:\/\/irpp.org\/fr\/recherche\/\" \/>\n<meta property=\"og:locale\" content=\"fr_FR\" \/>\n<meta property=\"og:type\" content=\"article\" \/>\n<meta property=\"og:title\" content=\"Recherche - IRPP\" \/>\n<meta property=\"og:description\" content=\"Depuis plus de 50 ans, l&rsquo;IRPP produit des recherches rigoureuses et approfondies sur les plus grands d\u00e9fis de politiques publiques au Canada. Notre \u00e9quipe s&rsquo;efforce de rapprocher les mondes de la recherche et des politiques dans le but de fournir des donn\u00e9es probantes, des analyses et des conseils qui soutiennent la prise de d\u00e9cisions judicieuses [&hellip;]\" \/>\n<meta property=\"og:url\" content=\"https:\/\/irpp.org\/fr\/recherche\/\" \/>\n<meta property=\"og:site_name\" content=\"IRPP\" \/>\n<meta property=\"article:publisher\" content=\"https:\/\/www.facebook.com\/IRPP.org\" \/>\n<meta property=\"article:modified_time\" content=\"2026-03-10T19:38:48+00:00\" \/>\n<meta property=\"og:image\" content=\"https:\/\/irpp.org\/wp-content\/uploads\/2023\/05\/Research.jpg\" \/>\n\t<meta property=\"og:image:width\" content=\"1920\" \/>\n\t<meta property=\"og:image:height\" content=\"1080\" \/>\n<meta name=\"twitter:card\" content=\"summary_large_image\" \/>\n<meta name=\"twitter:site\" content=\"@irpp\" \/>\n<meta name=\"twitter:label1\" content=\"Dur\u00e9e de lecture est.\">\n\t<meta name=\"twitter:data1\" content=\"1 minute\">\n<script type=\"application\/ld+json\" class=\"yoast-schema-graph\">{\"@context\":\"https:\/\/schema.org\",\"@graph\":[{\"@type\":\"WebSite\",\"@id\":\"https:\/\/irpp.org\/#website\",\"url\":\"https:\/\/irpp.org\/\",\"name\":\"IRPP\",\"description\":\"Institute for Research on Public Policy\",\"potentialAction\":[{\"@type\":\"SearchAction\",\"target\":\"https:\/\/irpp.org\/?s={search_term_string}\",\"query-input\":\"required name=search_term_string\"}],\"inLanguage\":\"fr-FR\"},{\"@type\":\"ImageObject\",\"@id\":\"https:\/\/irpp.org\/fr\/recherche\/#primaryimage\",\"inLanguage\":\"fr-FR\",\"url\":\"https:\/\/irpp.org\/wp-content\/uploads\/2023\/05\/Research.jpg\",\"width\":1920,\"height\":1080},{\"@type\":\"WebPage\",\"@id\":\"https:\/\/irpp.org\/fr\/recherche\/#webpage\",\"url\":\"https:\/\/irpp.org\/fr\/recherche\/\",\"name\":\"Recherche - IRPP\",\"isPartOf\":{\"@id\":\"https:\/\/irpp.org\/#website\"},\"primaryImageOfPage\":{\"@id\":\"https:\/\/irpp.org\/fr\/recherche\/#primaryimage\"},\"datePublished\":\"2014-04-29T17:17:34+00:00\",\"dateModified\":\"2026-03-10T19:38:48+00:00\",\"inLanguage\":\"fr-FR\",\"potentialAction\":[{\"@type\":\"ReadAction\",\"target\":[\"https:\/\/irpp.org\/fr\/recherche\/\"]}]}]}<\/script>\n<!-- \/ Yoast SEO plugin. -->","distributor_meta":false,"distributor_terms":false,"distributor_media":false,"distributor_original_site_name":"IRPP","distributor_original_site_url":"https:\/\/irpp.org\/fr\/","push-errors":false,"_links":{"self":[{"href":"https:\/\/irpp.org\/fr\/wp-json\/wp\/v2\/pages\/9148","targetHints":{"allow":["GET"]}}],"collection":[{"href":"https:\/\/irpp.org\/fr\/wp-json\/wp\/v2\/pages"}],"about":[{"href":"https:\/\/irpp.org\/fr\/wp-json\/wp\/v2\/types\/page"}],"author":[{"embeddable":true,"href":"https:\/\/irpp.org\/fr\/wp-json\/wp\/v2\/users\/1"}],"replies":[{"embeddable":true,"href":"https:\/\/irpp.org\/fr\/wp-json\/wp\/v2\/comments?post=9148"}],"version-history":[{"count":0,"href":"https:\/\/irpp.org\/fr\/wp-json\/wp\/v2\/pages\/9148\/revisions"}],"wp:featuredmedia":[{"embeddable":true,"href":"https:\/\/irpp.org\/fr\/wp-json\/wp\/v2\/media\/17361"}],"wp:attachment":[{"href":"https:\/\/irpp.org\/fr\/wp-json\/wp\/v2\/media?parent=9148"}],"wp:term":[{"taxonomy":"category","embeddable":true,"href":"https:\/\/irpp.org\/fr\/wp-json\/wp\/v2\/categories?post=9148"},{"taxonomy":"post_tag","embeddable":true,"href":"https:\/\/irpp.org\/fr\/wp-json\/wp\/v2\/tags?post=9148"}],"curies":[{"name":"wp","href":"https:\/\/api.w.org\/{rel}","templated":true}]}}