{"id":21526,"date":"2025-11-28T07:55:51","date_gmt":"2025-11-28T12:55:51","guid":{"rendered":"https:\/\/irpp.org\/place-based-skills-development\/"},"modified":"2025-12-05T15:02:56","modified_gmt":"2025-12-05T20:02:56","slug":"developpement-competences-axees-sur-lieu","status":"publish","type":"page","link":"https:\/\/irpp.org\/fr\/developpement-competences-axees-sur-lieu\/","title":{"rendered":"Approches internationales du d\u00e9veloppement des comp\u00e9tences ax\u00e9es sur le lieu"},"content":{"rendered":"<p>Ce projet de recherche conjoint de l\u2019IRPP et du Centre des comp\u00e9tences futures s\u2019int\u00e9resse aux exp\u00e9riences internationales en mati\u00e8re de transition vers la carboneutralit\u00e9 qui pourraient \u00eatre applicables au Canada.<\/p>","protected":false},"excerpt":{"rendered":"<p>Ce projet de recherche conjoint de l\u2019IRPP et du Centre des comp\u00e9tences futures s\u2019int\u00e9resse aux exp\u00e9riences internationales en mati\u00e8re de transition vers la carboneutralit\u00e9 qui pourraient \u00eatre applicables au Canada.<\/p>\n","protected":false},"author":865,"featured_media":21533,"parent":0,"menu_order":0,"comment_status":"closed","ping_status":"closed","template":"page-research-low-carbon.php","meta":{"content-type":"","footnotes":""},"categories":[],"tags":[],"class_list":["post-21526","page","type-page","status-publish","has-post-thumbnail","hentry"],"acf":[],"yoast_head":"<!-- This site is optimized with the Yoast SEO plugin v15.7 - https:\/\/yoast.com\/wordpress\/plugins\/seo\/ -->\n<meta name=\"robots\" content=\"index, follow, max-snippet:-1, max-image-preview:large, max-video-preview:-1\" \/>\n<link rel=\"canonical\" href=\"https:\/\/irpp.org\/fr\/developpement-competences-axees-sur-lieu\/\" \/>\n<meta property=\"og:locale\" content=\"fr_FR\" \/>\n<meta property=\"og:type\" content=\"article\" \/>\n<meta property=\"og:title\" content=\"Approches internationales du d\u00e9veloppement des comp\u00e9tences ax\u00e9es sur le lieu - IRPP\" \/>\n<meta property=\"og:description\" content=\"Ce projet de recherche conjoint de l\u2019IRPP et du Centre des comp\u00e9tences futures s\u2019int\u00e9resse aux exp\u00e9riences internationales en mati\u00e8re de transition vers la carboneutralit\u00e9 qui pourraient \u00eatre applicables au Canada.\" \/>\n<meta property=\"og:url\" content=\"https:\/\/irpp.org\/fr\/developpement-competences-axees-sur-lieu\/\" \/>\n<meta property=\"og:site_name\" content=\"IRPP\" \/>\n<meta property=\"article:publisher\" content=\"https:\/\/www.facebook.com\/IRPP.org\" \/>\n<meta property=\"article:modified_time\" content=\"2025-12-05T20:02:56+00:00\" \/>\n<meta property=\"og:image\" content=\"https:\/\/irpp.org\/wp-content\/uploads\/2025\/12\/Place-Based-Skills-Development.png\" \/>\n\t<meta property=\"og:image:width\" content=\"960\" \/>\n\t<meta property=\"og:image:height\" content=\"400\" \/>\n<meta name=\"twitter:card\" content=\"summary_large_image\" \/>\n<meta name=\"twitter:site\" content=\"@irpp\" \/>\n<meta name=\"twitter:label1\" content=\"Dur\u00e9e de lecture est.\">\n\t<meta name=\"twitter:data1\" content=\"1 minute\">\n<script type=\"application\/ld+json\" class=\"yoast-schema-graph\">{\"@context\":\"https:\/\/schema.org\",\"@graph\":[{\"@type\":\"WebSite\",\"@id\":\"https:\/\/irpp.org\/#website\",\"url\":\"https:\/\/irpp.org\/\",\"name\":\"IRPP\",\"description\":\"Institute for Research on Public Policy\",\"potentialAction\":[{\"@type\":\"SearchAction\",\"target\":\"https:\/\/irpp.org\/?s={search_term_string}\",\"query-input\":\"required name=search_term_string\"}],\"inLanguage\":\"fr-FR\"},{\"@type\":\"ImageObject\",\"@id\":\"https:\/\/irpp.org\/fr\/developpement-competences-axees-sur-lieu\/#primaryimage\",\"inLanguage\":\"fr-FR\",\"url\":\"https:\/\/irpp.org\/wp-content\/uploads\/2025\/12\/Place-Based-Skills-Development.png\",\"width\":960,\"height\":400},{\"@type\":\"WebPage\",\"@id\":\"https:\/\/irpp.org\/fr\/developpement-competences-axees-sur-lieu\/#webpage\",\"url\":\"https:\/\/irpp.org\/fr\/developpement-competences-axees-sur-lieu\/\",\"name\":\"Approches internationales du d\\u00e9veloppement des comp\\u00e9tences ax\\u00e9es sur le lieu - IRPP\",\"isPartOf\":{\"@id\":\"https:\/\/irpp.org\/#website\"},\"primaryImageOfPage\":{\"@id\":\"https:\/\/irpp.org\/fr\/developpement-competences-axees-sur-lieu\/#primaryimage\"},\"datePublished\":\"2025-11-28T12:55:51+00:00\",\"dateModified\":\"2025-12-05T20:02:56+00:00\",\"inLanguage\":\"fr-FR\",\"potentialAction\":[{\"@type\":\"ReadAction\",\"target\":[\"https:\/\/irpp.org\/fr\/developpement-competences-axees-sur-lieu\/\"]}]}]}<\/script>\n<!-- \/ Yoast SEO plugin. -->","distributor_meta":false,"distributor_terms":false,"distributor_media":false,"distributor_original_site_name":"IRPP","distributor_original_site_url":"https:\/\/irpp.org\/fr\/","push-errors":false,"_links":{"self":[{"href":"https:\/\/irpp.org\/fr\/wp-json\/wp\/v2\/pages\/21526","targetHints":{"allow":["GET"]}}],"collection":[{"href":"https:\/\/irpp.org\/fr\/wp-json\/wp\/v2\/pages"}],"about":[{"href":"https:\/\/irpp.org\/fr\/wp-json\/wp\/v2\/types\/page"}],"author":[{"embeddable":true,"href":"https:\/\/irpp.org\/fr\/wp-json\/wp\/v2\/users\/865"}],"replies":[{"embeddable":true,"href":"https:\/\/irpp.org\/fr\/wp-json\/wp\/v2\/comments?post=21526"}],"version-history":[{"count":0,"href":"https:\/\/irpp.org\/fr\/wp-json\/wp\/v2\/pages\/21526\/revisions"}],"wp:featuredmedia":[{"embeddable":true,"href":"https:\/\/irpp.org\/fr\/wp-json\/wp\/v2\/media\/21533"}],"wp:attachment":[{"href":"https:\/\/irpp.org\/fr\/wp-json\/wp\/v2\/media?parent=21526"}],"wp:term":[{"taxonomy":"category","embeddable":true,"href":"https:\/\/irpp.org\/fr\/wp-json\/wp\/v2\/categories?post=21526"},{"taxonomy":"post_tag","embeddable":true,"href":"https:\/\/irpp.org\/fr\/wp-json\/wp\/v2\/tags?post=21526"}],"curies":[{"name":"wp","href":"https:\/\/api.w.org\/{rel}","templated":true}]}}