{"id":20356,"date":"2025-02-13T12:20:15","date_gmt":"2025-02-13T17:20:15","guid":{"rendered":"https:\/\/irpp.org\/?page_id=20356"},"modified":"2025-03-11T16:14:05","modified_gmt":"2025-03-11T20:14:05","slug":"resilience-a-long-terme","status":"publish","type":"page","link":"https:\/\/irpp.org\/fr\/recherche\/resilience-a-long-terme\/","title":{"rendered":"Au-del\u00e0 des guerres commerciales : la r\u00e9silience \u00e0 long terme"},"content":{"rendered":"<p><span data-teams=\"true\">Donald Trump menace le libre-\u00e9change en Am\u00e9rique du Nord et l\u2019\u00e9conomie canadienne ax\u00e9e sur les exportations. Parall\u00e8lement, les changements climatiques, la transition \u00e9nerg\u00e9tique et l\u2019intelligence artificielle red\u00e9finissent d\u00e9j\u00e0 notre avenir. Cette collection de publications explore comment renforcer la r\u00e9silience \u00e9conomique et sociale du Canada, afin d\u2019assurer sa stabilit\u00e9 et sa souverainet\u00e9 pendant et apr\u00e8s ces turbulences.<\/span><\/p>\n<p>&nbsp;<\/p>\n<p><em>Vous avez besoin de l&rsquo;avis d&rsquo;un expert ? <a href=\"https:\/\/irpp.org\/fr\/news-release\/experts-irpp-guerre-tarifaire-canada-etats-unis\/\">Contactez-nous<\/a>.<\/em><\/p>","protected":false},"excerpt":{"rendered":"<p>Donald Trump menace le libre-\u00e9change en Am\u00e9rique du Nord et l\u2019\u00e9conomie canadienne ax\u00e9e sur les exportations. Parall\u00e8lement, les changements climatiques, la transition \u00e9nerg\u00e9tique et l\u2019intelligence artificielle red\u00e9finissent d\u00e9j\u00e0 notre avenir. Cette collection de publications explore comment renforcer la r\u00e9silience \u00e9conomique et sociale du Canada, afin d\u2019assurer sa stabilit\u00e9 et sa souverainet\u00e9 pendant et apr\u00e8s ces [&hellip;]<\/p>\n","protected":false},"author":871,"featured_media":20355,"parent":9148,"menu_order":0,"comment_status":"closed","ping_status":"closed","template":"page-custom-research-program.php","meta":{"content-type":"","footnotes":""},"categories":[],"tags":[760],"class_list":["post-20356","page","type-page","status-publish","has-post-thumbnail","hentry","tag-canada-u-s-fr"],"acf":[],"yoast_head":"<!-- This site is optimized with the Yoast SEO plugin v15.7 - https:\/\/yoast.com\/wordpress\/plugins\/seo\/ -->\n<meta name=\"robots\" content=\"index, follow, max-snippet:-1, max-image-preview:large, max-video-preview:-1\" \/>\n<link rel=\"canonical\" href=\"https:\/\/irpp.org\/fr\/recherche\/resilience-a-long-terme\/\" \/>\n<meta property=\"og:locale\" content=\"fr_FR\" \/>\n<meta property=\"og:type\" content=\"article\" \/>\n<meta property=\"og:title\" content=\"Au-del\u00e0 des guerres commerciales : la r\u00e9silience \u00e0 long terme - IRPP\" \/>\n<meta property=\"og:description\" content=\"Donald Trump menace le libre-\u00e9change en Am\u00e9rique du Nord et l\u2019\u00e9conomie canadienne ax\u00e9e sur les exportations. Parall\u00e8lement, les changements climatiques, la transition \u00e9nerg\u00e9tique et l\u2019intelligence artificielle red\u00e9finissent d\u00e9j\u00e0 notre avenir. Cette collection de publications explore comment renforcer la r\u00e9silience \u00e9conomique et sociale du Canada, afin d\u2019assurer sa stabilit\u00e9 et sa souverainet\u00e9 pendant et apr\u00e8s ces [&hellip;]\" \/>\n<meta property=\"og:url\" content=\"https:\/\/irpp.org\/fr\/recherche\/resilience-a-long-terme\/\" \/>\n<meta property=\"og:site_name\" content=\"IRPP\" \/>\n<meta property=\"article:publisher\" content=\"https:\/\/www.facebook.com\/IRPP.org\" \/>\n<meta property=\"article:modified_time\" content=\"2025-03-11T20:14:05+00:00\" \/>\n<meta property=\"og:image\" content=\"https:\/\/irpp.org\/wp-content\/uploads\/2025\/02\/iStock-1349202956-medium.jpg\" \/>\n\t<meta property=\"og:image:width\" content=\"1255\" \/>\n\t<meta property=\"og:image:height\" content=\"835\" \/>\n<meta name=\"twitter:card\" content=\"summary_large_image\" \/>\n<meta name=\"twitter:site\" content=\"@irpp\" \/>\n<meta name=\"twitter:label1\" content=\"Dur\u00e9e de lecture est.\">\n\t<meta name=\"twitter:data1\" content=\"1 minute\">\n<script type=\"application\/ld+json\" class=\"yoast-schema-graph\">{\"@context\":\"https:\/\/schema.org\",\"@graph\":[{\"@type\":\"WebSite\",\"@id\":\"https:\/\/irpp.org\/#website\",\"url\":\"https:\/\/irpp.org\/\",\"name\":\"IRPP\",\"description\":\"Institute for Research on Public Policy\",\"potentialAction\":[{\"@type\":\"SearchAction\",\"target\":\"https:\/\/irpp.org\/?s={search_term_string}\",\"query-input\":\"required name=search_term_string\"}],\"inLanguage\":\"fr-FR\"},{\"@type\":\"ImageObject\",\"@id\":\"https:\/\/irpp.org\/fr\/recherche\/resilience-a-long-terme\/#primaryimage\",\"inLanguage\":\"fr-FR\",\"url\":\"https:\/\/irpp.org\/wp-content\/uploads\/2025\/02\/iStock-1349202956-medium.jpg\",\"width\":1255,\"height\":835,\"caption\":\"Sunset above city skyline of Calgary with Bow River, Alberta, Canada.\"},{\"@type\":\"WebPage\",\"@id\":\"https:\/\/irpp.org\/fr\/recherche\/resilience-a-long-terme\/#webpage\",\"url\":\"https:\/\/irpp.org\/fr\/recherche\/resilience-a-long-terme\/\",\"name\":\"Au-del\\u00e0 des guerres commerciales : la r\\u00e9silience \\u00e0 long terme - IRPP\",\"isPartOf\":{\"@id\":\"https:\/\/irpp.org\/#website\"},\"primaryImageOfPage\":{\"@id\":\"https:\/\/irpp.org\/fr\/recherche\/resilience-a-long-terme\/#primaryimage\"},\"datePublished\":\"2025-02-13T17:20:15+00:00\",\"dateModified\":\"2025-03-11T20:14:05+00:00\",\"inLanguage\":\"fr-FR\",\"potentialAction\":[{\"@type\":\"ReadAction\",\"target\":[\"https:\/\/irpp.org\/fr\/recherche\/resilience-a-long-terme\/\"]}]}]}<\/script>\n<!-- \/ Yoast SEO plugin. -->","distributor_meta":false,"distributor_terms":false,"distributor_media":false,"distributor_original_site_name":"IRPP","distributor_original_site_url":"https:\/\/irpp.org\/fr\/","push-errors":false,"_links":{"self":[{"href":"https:\/\/irpp.org\/fr\/wp-json\/wp\/v2\/pages\/20356","targetHints":{"allow":["GET"]}}],"collection":[{"href":"https:\/\/irpp.org\/fr\/wp-json\/wp\/v2\/pages"}],"about":[{"href":"https:\/\/irpp.org\/fr\/wp-json\/wp\/v2\/types\/page"}],"author":[{"embeddable":true,"href":"https:\/\/irpp.org\/fr\/wp-json\/wp\/v2\/users\/871"}],"replies":[{"embeddable":true,"href":"https:\/\/irpp.org\/fr\/wp-json\/wp\/v2\/comments?post=20356"}],"version-history":[{"count":0,"href":"https:\/\/irpp.org\/fr\/wp-json\/wp\/v2\/pages\/20356\/revisions"}],"up":[{"embeddable":true,"href":"https:\/\/irpp.org\/fr\/wp-json\/wp\/v2\/pages\/9148"}],"wp:featuredmedia":[{"embeddable":true,"href":"https:\/\/irpp.org\/fr\/wp-json\/wp\/v2\/media\/20355"}],"wp:attachment":[{"href":"https:\/\/irpp.org\/fr\/wp-json\/wp\/v2\/media?parent=20356"}],"wp:term":[{"taxonomy":"category","embeddable":true,"href":"https:\/\/irpp.org\/fr\/wp-json\/wp\/v2\/categories?post=20356"},{"taxonomy":"post_tag","embeddable":true,"href":"https:\/\/irpp.org\/fr\/wp-json\/wp\/v2\/tags?post=20356"}],"curies":[{"name":"wp","href":"https:\/\/api.w.org\/{rel}","templated":true}]}}