{"id":20104,"date":"2025-01-14T05:00:39","date_gmt":"2025-01-14T10:00:39","guid":{"rendered":"https:\/\/irpp.org\/?page_id=20104"},"modified":"2026-03-03T11:54:32","modified_gmt":"2026-03-03T16:54:32","slug":"community-transformations-project-data","status":"publish","type":"page","link":"https:\/\/irpp.org\/fr\/community-transformations-project-data\/","title":{"rendered":"T\u00e9l\u00e9chargements de donn\u00e9es"},"content":{"rendered":"<p>Sur cette page, vous pouvez t\u00e9l\u00e9charger les donn\u00e9es produites dans le cadre de ce projet <strong>(quelques-unes ne sont disponibles qu&rsquo;en anglais)<\/strong>. Vous trouverez \u00e9galement des liens vers les sources de donn\u00e9es utilis\u00e9es dans l&rsquo;analyse.<\/p>\n<p><strong>Une m\u00e9thodologie pour mesurer le niveau d\u2019exposition des communaut\u00e9s<\/strong><\/p>\n<p><strong>Analyse de l&rsquo;IRPP :\u00a0<\/strong><\/p>\n<p><a href=\"https:\/\/irpp-my.sharepoint.com\/:x:\/g\/personal\/communications_irpp_onmicrosoft_com\/EXc5BbLDF0JJr8XCK_whN5IBXADeACmZxRbim74jiC0rDg?e=mgiZIF&amp;download=1\" target=\"_blank\" rel=\"noopener\">Overview of Canadian census divisions and their scores<\/a><\/p>\n<ul>\n<li>T\u00e9l\u00e9chargez ce fichier pour obtenir les scores et des informations compl\u00e9mentaires pour les 293 communaut\u00e9s figurant sur la carte.<\/li>\n<\/ul>\n<p><a href=\"https:\/\/irpp-my.sharepoint.com\/:x:\/g\/personal\/communications_irpp_onmicrosoft_com\/EZ6qq94eOHxDiWhN4BovXXoBG9fJQU2LVV7V_j9K-6SHjg?e=3SWCh2&amp;download=1\" target=\"_blank\" rel=\"noopener\">Community Susceptibility Scores<\/a><\/p>\n<ul>\n<li>T\u00e9l\u00e9charger les scores finaux de susceptibilit\u00e9 des communaut\u00e9s pour une analyse plus approfondie.<\/li>\n<\/ul>\n<p><strong>Sources de donn\u00e9es :\u00a0<\/strong><\/p>\n<p>Recensement 2021 de Statistique Canada (extraits personnalis\u00e9s)<\/p>\n<ul>\n<li><a href=\"https:\/\/communitydata.ca\/data\/highest-certificate-diploma-or-degree-and-occupation-teer-category-15-indigenous-identity-and\" target=\"_blank\" rel=\"noopener\">Highest certificate, diploma or degree and Occupation &#8211; TEER category (15), Indigenous identity and visible minority (24), Industry &#8211; North American Industry Classification System (NAICS) 2017 (60), Age (7) and Gender (3) for the labour force 15+ | The Community Data Program<\/a><\/li>\n<\/ul>\n<p>Recensement de 2021 de Statistique Canada : Fichiers des limites<\/p>\n<ul>\n<li><a href=\"https:\/\/www12.statcan.gc.ca\/census-recensement\/2021\/geo\/sip-pis\/boundary-limites\/index2021-fra.cfm?Year=21\" target=\"_blank\" rel=\"noopener\">Recensement de 2021 : Fichiers des limites<\/a><\/li>\n<\/ul>\n<p>Registre des entreprises de Statistique Canada<\/p>\n<ul>\n<li><a href=\"https:\/\/www23.statcan.gc.ca\/imdb\/p2SV_f.pl?Function=getSurvey&amp;SDDS=1105\" target=\"_blank\" rel=\"noopener\">Enqu\u00eates et programmes statistiques &#8211; Registre des entreprises (RE)<\/a><\/li>\n<\/ul>\n<p>Programme de d\u00e9claration des gaz \u00e0 effet de serre (PDGES)<\/p>\n<ul>\n<li><a href=\"https:\/\/data-donnees.az.ec.gc.ca\/data\/substances\/monitor\/greenhouse-gas-reporting-program-ghgrp-facility-greenhouse-gas-ghg-data\/?lang=fr\" target=\"_blank\" rel=\"noopener\">Programme de d\u00e9claration des gaz \u00e0 effet de serre (PDGES) &#8211; Donn\u00e9es sur les gaz \u00e0 effet de serre des installations &#8211; Catalogue de donn\u00e9es ECCC<\/a><\/li>\n<\/ul>\n<p>Base de donn\u00e9es de l&rsquo;intensit\u00e9 des \u00e9missions du Canada de 440 M\u00e9gatonnes<\/p>\n<ul>\n<li><a href=\"https:\/\/440megatonnes.ca\/fr\/base-donnees-intensite-emissions-canada\/#total_emissions\" target=\"_blank\" rel=\"noopener\">Base de donn\u00e9es de l&rsquo;intensit\u00e9 des \u00e9missions du<\/a><\/li>\n<\/ul>\n<p><strong>Soutenir les communaut\u00e9s lors de licenciements et de fermetures d\u2019entreprises<\/strong><\/p>\n<p><strong>Analyse de l\u2019IRPP :\u00a0<\/strong><\/p>\n<p>Performance communautaire par rapport aux moyennes canadiennes ou provinciales\/territoriales pour 10 indicateurs socio\u00e9conomiques<\/p>\n<ul>\n<li><a href=\"https:\/\/irpp-my.sharepoint.com\/:x:\/g\/personal\/communications_irpp_onmicrosoft_com\/IQCpb4eZgWP2SbnIWDiIarlbAepV6wxl9k6b3mdPuC7ATig?e=GQSBoU\">T\u00e9l\u00e9chargez ce fichier pour consulter la liste compl\u00e8te des communaut\u00e9s (divisions de recensement) et leurs scores de performance relatifs (li\u00e9s au tableau A.2 de l&rsquo;annexe).<\/a><\/li>\n<\/ul>\n<p><strong>Sources de donn\u00e9es :\u00a0<\/strong><\/p>\n<ul>\n<li>La liste compl\u00e8te des sources de donn\u00e9es est disponible dans le document Excel accessible via le lien ci-dessus.<\/li>\n<\/ul>","protected":false},"excerpt":{"rendered":"<p>Sur cette page, vous pouvez t\u00e9l\u00e9charger les donn\u00e9es produites dans le cadre de ce projet (quelques-unes ne sont disponibles qu&rsquo;en anglais). Vous trouverez \u00e9galement des liens vers les sources de donn\u00e9es utilis\u00e9es dans l&rsquo;analyse. Une m\u00e9thodologie pour mesurer le niveau d\u2019exposition des communaut\u00e9s Analyse de l&rsquo;IRPP :\u00a0 Overview of Canadian census divisions and their scores [&hellip;]<\/p>\n","protected":false},"author":865,"featured_media":20098,"parent":0,"menu_order":0,"comment_status":"closed","ping_status":"closed","template":"","meta":{"content-type":"","footnotes":""},"categories":[103],"tags":[],"class_list":["post-20104","page","type-page","status-publish","has-post-thumbnail","hentry","category-uncategorized-fr"],"acf":[],"yoast_head":"<!-- This site is optimized with the Yoast SEO plugin v15.7 - https:\/\/yoast.com\/wordpress\/plugins\/seo\/ -->\n<meta name=\"description\" content=\"On this page you can download data produced throughout this project. You can also find links to the data sources used in the analysis.\" \/>\n<meta name=\"robots\" content=\"index, follow, max-snippet:-1, max-image-preview:large, max-video-preview:-1\" \/>\n<link rel=\"canonical\" href=\"https:\/\/irpp.org\/fr\/community-transformations-project-data\/\" \/>\n<meta property=\"og:locale\" content=\"fr_FR\" \/>\n<meta property=\"og:type\" content=\"article\" \/>\n<meta property=\"og:title\" content=\"T\u00e9l\u00e9chargements de donn\u00e9es - IRPP\" \/>\n<meta property=\"og:description\" content=\"On this page you can download data produced throughout this project. You can also find links to the data sources used in the analysis.\" \/>\n<meta property=\"og:url\" content=\"https:\/\/irpp.org\/fr\/community-transformations-project-data\/\" \/>\n<meta property=\"og:site_name\" content=\"IRPP\" \/>\n<meta property=\"article:publisher\" content=\"https:\/\/www.facebook.com\/IRPP.org\" \/>\n<meta property=\"article:modified_time\" content=\"2026-03-03T16:54:32+00:00\" \/>\n<meta property=\"og:image\" content=\"https:\/\/irpp.org\/wp-content\/uploads\/2025\/01\/Facebook-Community-Transformations-Project-Data.jpg\" \/>\n\t<meta property=\"og:image:width\" content=\"1200\" \/>\n\t<meta property=\"og:image:height\" content=\"628\" \/>\n<meta name=\"twitter:card\" content=\"summary_large_image\" \/>\n<meta name=\"twitter:image\" content=\"https:\/\/irpp.org\/wp-content\/uploads\/2025\/01\/Twitter-Community-Transformations-Project-Data.jpg\" \/>\n<meta name=\"twitter:site\" content=\"@irpp\" \/>\n<meta name=\"twitter:label1\" content=\"Dur\u00e9e de lecture est.\">\n\t<meta name=\"twitter:data1\" content=\"2 minutes\">\n<script type=\"application\/ld+json\" class=\"yoast-schema-graph\">{\"@context\":\"https:\/\/schema.org\",\"@graph\":[{\"@type\":\"WebSite\",\"@id\":\"https:\/\/irpp.org\/#website\",\"url\":\"https:\/\/irpp.org\/\",\"name\":\"IRPP\",\"description\":\"Institute for Research on Public Policy\",\"potentialAction\":[{\"@type\":\"SearchAction\",\"target\":\"https:\/\/irpp.org\/?s={search_term_string}\",\"query-input\":\"required name=search_term_string\"}],\"inLanguage\":\"fr-FR\"},{\"@type\":\"ImageObject\",\"@id\":\"https:\/\/irpp.org\/fr\/community-transformations-project-data\/#primaryimage\",\"inLanguage\":\"fr-FR\",\"url\":\"https:\/\/irpp.org\/wp-content\/uploads\/2025\/01\/Community-Transformations-Project-Data.jpg\",\"width\":1110,\"height\":500},{\"@type\":\"WebPage\",\"@id\":\"https:\/\/irpp.org\/fr\/community-transformations-project-data\/#webpage\",\"url\":\"https:\/\/irpp.org\/fr\/community-transformations-project-data\/\",\"name\":\"T\\u00e9l\\u00e9chargements de donn\\u00e9es - IRPP\",\"isPartOf\":{\"@id\":\"https:\/\/irpp.org\/#website\"},\"primaryImageOfPage\":{\"@id\":\"https:\/\/irpp.org\/fr\/community-transformations-project-data\/#primaryimage\"},\"datePublished\":\"2025-01-14T10:00:39+00:00\",\"dateModified\":\"2026-03-03T16:54:32+00:00\",\"description\":\"On this page you can download data produced throughout this project. You can also find links to the data sources used in the analysis.\",\"inLanguage\":\"fr-FR\",\"potentialAction\":[{\"@type\":\"ReadAction\",\"target\":[\"https:\/\/irpp.org\/fr\/community-transformations-project-data\/\"]}]}]}<\/script>\n<!-- \/ Yoast SEO plugin. -->","distributor_meta":false,"distributor_terms":false,"distributor_media":false,"distributor_original_site_name":"IRPP","distributor_original_site_url":"https:\/\/irpp.org\/fr\/","push-errors":false,"_links":{"self":[{"href":"https:\/\/irpp.org\/fr\/wp-json\/wp\/v2\/pages\/20104","targetHints":{"allow":["GET"]}}],"collection":[{"href":"https:\/\/irpp.org\/fr\/wp-json\/wp\/v2\/pages"}],"about":[{"href":"https:\/\/irpp.org\/fr\/wp-json\/wp\/v2\/types\/page"}],"author":[{"embeddable":true,"href":"https:\/\/irpp.org\/fr\/wp-json\/wp\/v2\/users\/865"}],"replies":[{"embeddable":true,"href":"https:\/\/irpp.org\/fr\/wp-json\/wp\/v2\/comments?post=20104"}],"version-history":[{"count":0,"href":"https:\/\/irpp.org\/fr\/wp-json\/wp\/v2\/pages\/20104\/revisions"}],"wp:featuredmedia":[{"embeddable":true,"href":"https:\/\/irpp.org\/fr\/wp-json\/wp\/v2\/media\/20098"}],"wp:attachment":[{"href":"https:\/\/irpp.org\/fr\/wp-json\/wp\/v2\/media?parent=20104"}],"wp:term":[{"taxonomy":"category","embeddable":true,"href":"https:\/\/irpp.org\/fr\/wp-json\/wp\/v2\/categories?post=20104"},{"taxonomy":"post_tag","embeddable":true,"href":"https:\/\/irpp.org\/fr\/wp-json\/wp\/v2\/tags?post=20104"}],"curies":[{"name":"wp","href":"https:\/\/api.w.org\/{rel}","templated":true}]}}