{"id":18513,"date":"2023-11-06T11:42:49","date_gmt":"2023-11-06T16:42:49","guid":{"rendered":"https:\/\/irpp.org\/?page_id=18513"},"modified":"2023-12-20T11:32:16","modified_gmt":"2023-12-20T16:32:16","slug":"declaration-identite-citoyennete-parente","status":"publish","type":"page","link":"https:\/\/irpp.org\/fr\/declaration-identite-citoyennete-parente\/","title":{"rendered":"D\u00e9claration d&rsquo;identit\u00e9, de citoyennet\u00e9 ou de parent\u00e9"},"content":{"rendered":"<p>Cette <a href=\"https:\/\/irpp.org\/fr\/bourse-postdoctorale\/\" target=\"_blank\" rel=\"noopener\">bourse postdoctorale<\/a> vise \u00e0 faire progresser la carri\u00e8re des personnes sous-repr\u00e9sent\u00e9es dans le paysage des politiques publiques, \u00e0 savoir les chercheuses et les chercheurs autochtones, noirs et provenant des autres communaut\u00e9s racis\u00e9es. L&rsquo;IRPP demande aux candidats et aux candidates de d\u00e9clarer qu&rsquo;ils r\u00e9pondent aux crit\u00e8res associ\u00e9s \u00e0 ces cat\u00e9gories, afin de s&rsquo;assurer que les fonds sont utilis\u00e9s dans le respect de l&rsquo;objectif central de cette bourse.<\/p>\n<p>Les informations recueillies seront stock\u00e9es dans un fichier num\u00e9rique prot\u00e9g\u00e9 par un mot de passe au sein de l&rsquo;Institut et ne seront communiqu\u00e9es qu&rsquo;aux membres du comit\u00e9 de s\u00e9lection.<\/p>\n<p>La soumission d&rsquo;informations dans une d\u00e9claration jug\u00e9e fausse ou trompeuse entra\u00eenera la r\u00e9siliation de la bourse.<\/p>\n<p><strong>Candidats noirs et autres candidats racis\u00e9s (non autochtones)<\/strong><\/p>\n<p>Veuillez fournir une d\u00e9claration sign\u00e9e et dat\u00e9e d\u00e9crivant comment vous vous identifiez en tant que Noir et\/ou personne racis\u00e9e. Les personnes racis\u00e9es, ou \u00ab\u00a0minorit\u00e9s visibles\u00a0\u00bb au sens de la <em>Loi sur l&rsquo;\u00e9quit\u00e9 en mati\u00e8re d&#8217;emploi<\/em>, sont les \u00ab\u00a0personnes, autres que les autochtones, qui ne sont pas de race blanche ou qui n&rsquo;ont pas la peau blanche\u00a0\u00bb. La population des minorit\u00e9s visibles, telle que d\u00e9crite par Statistique Canada, se compose principalement (mais pas exclusivement) des groupes suivants : Asiatiques du Sud, Chinois, Noirs, Philippins, Arabes, Latino-Am\u00e9ricains, Asiatiques du Sud-Est, Asiatiques de l&rsquo;Ouest, Cor\u00e9ens et Japonais. (Veuillez noter que les termes actuellement utilis\u00e9s par Statistique Canada et la <em>Loi sur l&rsquo;\u00e9quit\u00e9 en mati\u00e8re d&#8217;emploi<\/em> font actuellement l&rsquo;objet d&rsquo;une r\u00e9vision par le gouvernement f\u00e9d\u00e9ral.)<\/p>\n<p><strong>Candidats autochtones<\/strong><\/p>\n<p>Plusieurs institutions ont r\u00e9cemment entrepris des travaux sur la v\u00e9rification de la citoyennet\u00e9 ou de la parent\u00e9 autochtone, notamment la <a href=\"https:\/\/www.fnuniv.ca\/wp-content\/uploads\/Indigenous-Voices-on-Indigenous-Identity_National-Indigenous-Identity-Forum_Report_March-22_June-22-FINAL.pdf\">First Nations University<\/a>, l&rsquo;Universit\u00e9 du Manitoba, la National Indigenous University Senior Leaders&rsquo; Association, l&rsquo;University of Saskatchewan et l&rsquo;<a href=\"https:\/\/www.queensu.ca\/secretariat\/policies\/administration-and-operations\/hiring-indigenous-specific-positions-interim-policy\">Universit\u00e9 Queen&rsquo;s<\/a>. Nous avons \u00e9tabli les exigences suivantes \u00e0 partir des cadres et des recommandations \u00e9labor\u00e9s par ces institutions, et en partenariat avec les membres autochtones des comit\u00e9s consultatifs de la bourse de l&rsquo;IRPP.<\/p>\n<p><em>Exigences<\/em><\/p>\n<p>Veuillez fournir au moins un des documents suivants :<\/p>\n<ul>\n<li>Certificat de statut d&rsquo;Indien d\u00e9livr\u00e9 par Services aux Autochtones Canada, valide et non expir\u00e9 ;<\/li>\n<li><span class=\"ui-provider a b c d e f g h i j k l m n o p q r s t u v w x y z ab ac ae af ag ah ai aj ak\" dir=\"ltr\">Une carte de membre valide de la Manitoba M\u00e9tis Federation, de l\u2019un des Metis Settlement de l\u2019Alberta ou de la Northwest Territory M\u00e9tis Nation ; ou une copie certifi\u00e9e d\u2019une carte de citoyennet\u00e9 d\u2019une nation m\u00e9tisse d\u00e9livr\u00e9e par l\u2019un des quatre affili\u00e9s provinciaux du Ralliement national des M\u00e9tis (M\u00e9tis Nation of Ontario, y compris la lettre de confirmation de citoyennet\u00e9 compl\u00e8te du registraire de MNO, M\u00e9tis Nation Saskatchewan, M\u00e9tis Nation of Alberta et M\u00e9tis Nation British Columbia) ;<\/span><\/li>\n<li>Copie certifi\u00e9e conforme d&rsquo;une carte d&rsquo;inscription des Inuits ou d&rsquo;une carte de b\u00e9n\u00e9ficiaire\/preuve d&rsquo;inscription associ\u00e9e aux accords de revendication territoriale dans les r\u00e9gions revendiqu\u00e9es du Nunatsiavut, du Nunavik et de l&rsquo;Inuvialuit ;<\/li>\n<li>Une pi\u00e8ce d&rsquo;identit\u00e9 d\u00e9livr\u00e9e par une Premi\u00e8re Nation ayant conclu un trait\u00e9 moderne et\/ou un accord d&rsquo;autonomie gouvernementale ; et\/ou un document indiquant l&rsquo;appartenance \u00e0 une bande lorsque l&rsquo;individu n&rsquo;a pas de certificat de statut d&rsquo;Indien.<\/li>\n<\/ul>\n<p>Si un candidat ne dispose pas des documents n\u00e9cessaires \u00e9num\u00e9r\u00e9s ci-dessus, il doit fournir une d\u00e9claration <strong><u>sign\u00e9e et dat\u00e9e<\/u><\/strong> d\u00e9taillant ses exp\u00e9riences v\u00e9cues actuelles et son appartenance ou son lien de parent\u00e9 continue avec une communaut\u00e9, une nation ou un peuple autochtone officiellement reconnu et d\u00e9tenteur de droits. Cette d\u00e9claration doit contenir des d\u00e9tails sp\u00e9cifiques sur le groupe de Premi\u00e8res Nations, d&rsquo;Inuits ou de M\u00e9tis en question, y compris leur trait\u00e9, leur certificat de terre, leurs revendications territoriales et leur territoire ou r\u00e9gion g\u00e9ographique. (Le fait d&rsquo;\u00eatre titulaire de droits se rapporte \u00e0 la nation ou \u00e0 la collectivit\u00e9 autochtone qui d\u00e9tient des droits constitutionnels en vertu de l&rsquo;article 35, ce qui englobe les droits ancestraux ou issus de trait\u00e9s sur son territoire.)<\/p>\n<p>L&rsquo;Institut peut \u00e9galement demander des r\u00e9f\u00e9rences \u00e0 un membre de la communaut\u00e9 qui connait personnellement le candidat.<\/p>","protected":false},"excerpt":{"rendered":"<p>Cette bourse postdoctorale vise \u00e0 faire progresser la carri\u00e8re des personnes sous-repr\u00e9sent\u00e9es dans le paysage des politiques publiques, \u00e0 savoir les chercheuses et les chercheurs autochtones, noirs et provenant des autres communaut\u00e9s racis\u00e9es. L&rsquo;IRPP demande aux candidats et aux candidates de d\u00e9clarer qu&rsquo;ils r\u00e9pondent aux crit\u00e8res associ\u00e9s \u00e0 ces cat\u00e9gories, afin de s&rsquo;assurer que les [&hellip;]<\/p>\n","protected":false},"author":865,"featured_media":0,"parent":0,"menu_order":0,"comment_status":"closed","ping_status":"closed","template":"","meta":{"content-type":"","footnotes":""},"categories":[],"tags":[],"class_list":["post-18513","page","type-page","status-publish","hentry"],"acf":[],"yoast_head":"<!-- This site is optimized with the Yoast SEO plugin v15.7 - https:\/\/yoast.com\/wordpress\/plugins\/seo\/ -->\n<meta name=\"robots\" content=\"index, follow, max-snippet:-1, max-image-preview:large, max-video-preview:-1\" \/>\n<link rel=\"canonical\" href=\"https:\/\/irpp.org\/fr\/declaration-identite-citoyennete-parente\/\" \/>\n<meta property=\"og:locale\" content=\"fr_FR\" \/>\n<meta property=\"og:type\" content=\"article\" \/>\n<meta property=\"og:title\" content=\"D\u00e9claration d&#039;identit\u00e9, de citoyennet\u00e9 ou de parent\u00e9 - IRPP\" \/>\n<meta property=\"og:description\" content=\"Cette bourse postdoctorale vise \u00e0 faire progresser la carri\u00e8re des personnes sous-repr\u00e9sent\u00e9es dans le paysage des politiques publiques, \u00e0 savoir les chercheuses et les chercheurs autochtones, noirs et provenant des autres communaut\u00e9s racis\u00e9es. L&rsquo;IRPP demande aux candidats et aux candidates de d\u00e9clarer qu&rsquo;ils r\u00e9pondent aux crit\u00e8res associ\u00e9s \u00e0 ces cat\u00e9gories, afin de s&rsquo;assurer que les [&hellip;]\" \/>\n<meta property=\"og:url\" content=\"https:\/\/irpp.org\/fr\/declaration-identite-citoyennete-parente\/\" \/>\n<meta property=\"og:site_name\" content=\"IRPP\" \/>\n<meta property=\"article:publisher\" content=\"https:\/\/www.facebook.com\/IRPP.org\" \/>\n<meta property=\"article:modified_time\" content=\"2023-12-20T16:32:16+00:00\" \/>\n<meta name=\"twitter:card\" content=\"summary_large_image\" \/>\n<meta name=\"twitter:site\" content=\"@irpp\" \/>\n<meta name=\"twitter:label1\" content=\"Dur\u00e9e de lecture est.\">\n\t<meta name=\"twitter:data1\" content=\"3 minutes\">\n<script type=\"application\/ld+json\" class=\"yoast-schema-graph\">{\"@context\":\"https:\/\/schema.org\",\"@graph\":[{\"@type\":\"WebSite\",\"@id\":\"https:\/\/irpp.org\/#website\",\"url\":\"https:\/\/irpp.org\/\",\"name\":\"IRPP\",\"description\":\"Institute for Research on Public Policy\",\"potentialAction\":[{\"@type\":\"SearchAction\",\"target\":\"https:\/\/irpp.org\/?s={search_term_string}\",\"query-input\":\"required name=search_term_string\"}],\"inLanguage\":\"fr-FR\"},{\"@type\":\"WebPage\",\"@id\":\"https:\/\/irpp.org\/fr\/declaration-identite-citoyennete-parente\/#webpage\",\"url\":\"https:\/\/irpp.org\/fr\/declaration-identite-citoyennete-parente\/\",\"name\":\"D\\u00e9claration d'identit\\u00e9, de citoyennet\\u00e9 ou de parent\\u00e9 - IRPP\",\"isPartOf\":{\"@id\":\"https:\/\/irpp.org\/#website\"},\"datePublished\":\"2023-11-06T16:42:49+00:00\",\"dateModified\":\"2023-12-20T16:32:16+00:00\",\"inLanguage\":\"fr-FR\",\"potentialAction\":[{\"@type\":\"ReadAction\",\"target\":[\"https:\/\/irpp.org\/fr\/declaration-identite-citoyennete-parente\/\"]}]}]}<\/script>\n<!-- \/ Yoast SEO plugin. -->","distributor_meta":false,"distributor_terms":false,"distributor_media":false,"distributor_original_site_name":"IRPP","distributor_original_site_url":"https:\/\/irpp.org\/fr\/","push-errors":false,"_links":{"self":[{"href":"https:\/\/irpp.org\/fr\/wp-json\/wp\/v2\/pages\/18513","targetHints":{"allow":["GET"]}}],"collection":[{"href":"https:\/\/irpp.org\/fr\/wp-json\/wp\/v2\/pages"}],"about":[{"href":"https:\/\/irpp.org\/fr\/wp-json\/wp\/v2\/types\/page"}],"author":[{"embeddable":true,"href":"https:\/\/irpp.org\/fr\/wp-json\/wp\/v2\/users\/865"}],"replies":[{"embeddable":true,"href":"https:\/\/irpp.org\/fr\/wp-json\/wp\/v2\/comments?post=18513"}],"version-history":[{"count":0,"href":"https:\/\/irpp.org\/fr\/wp-json\/wp\/v2\/pages\/18513\/revisions"}],"wp:attachment":[{"href":"https:\/\/irpp.org\/fr\/wp-json\/wp\/v2\/media?parent=18513"}],"wp:term":[{"taxonomy":"category","embeddable":true,"href":"https:\/\/irpp.org\/fr\/wp-json\/wp\/v2\/categories?post=18513"},{"taxonomy":"post_tag","embeddable":true,"href":"https:\/\/irpp.org\/fr\/wp-json\/wp\/v2\/tags?post=18513"}],"curies":[{"name":"wp","href":"https:\/\/api.w.org\/{rel}","templated":true}]}}