{"id":17328,"date":"2023-04-25T08:00:36","date_gmt":"2023-04-25T12:00:36","guid":{"rendered":"https:\/\/irpp.org\/recherche\/basic-income-and-a-just-society-policy-choices-for-canadas-social-safety-net\/"},"modified":"2023-04-25T11:10:13","modified_gmt":"2023-04-25T15:10:13","slug":"basic-income-and-a-just-society-policy-choices-for-canadas-social-safety-net","status":"publish","type":"page","link":"https:\/\/irpp.org\/fr\/recherche\/basic-income-and-a-just-society-policy-choices-for-canadas-social-safety-net\/","title":{"rendered":"Basic Income and a Just Society: Policy Choices for Canada\u2019s Social Safety Net"},"content":{"rendered":"<p>En th\u00e9orie, le revenu de base est un concept attrayant. Mais selon un nouvel ouvrage de l\u2019Institut de recherche en politiques publiques, la meilleure fa\u00e7on de rem\u00e9dier aux lacunes du filet social canadien r\u00e9side plut\u00f4t dans un ensemble d\u2019instruments de politiques. L\u2019ouvrage propose une \u00e9valuation particuli\u00e8rement exhaustive du revenu de base et en tire une analyse approfondie d\u00e9montrant la n\u00e9cessit\u00e9 de r\u00e9former les politiques sociales de tout le Canada. S\u2019ils partagent la ferveur et l\u2019esprit des partisans du revenu de base, ses auteurs en concluent que la solution optimale consiste \u00e0 r\u00e9former les programmes existants et tracent une feuille de route \u00e0 cet effet.<\/p>\n<p>Pour vous procurer une copie du livre, rendez-vous \u00e0 l&rsquo;adresse suivante\u2008:\u2008<a href=\"https:\/\/store.irpp.org\/\">https:\/\/store.irpp.org\/<\/a><\/p>","protected":false},"excerpt":{"rendered":"<p>En th\u00e9orie, le revenu de base est un concept attrayant. Mais selon un nouvel ouvrage de l\u2019Institut de recherche en politiques publiques, la meilleure fa\u00e7on de rem\u00e9dier aux lacunes du filet social canadien r\u00e9side plut\u00f4t dans un ensemble d\u2019instruments de politiques. L\u2019ouvrage propose une \u00e9valuation particuli\u00e8rement exhaustive du revenu de base et en tire une [&hellip;]<\/p>\n","protected":false},"author":865,"featured_media":17323,"parent":9148,"menu_order":0,"comment_status":"closed","ping_status":"closed","template":"page-art-of-state-volumes.php","meta":{"content-type":"","footnotes":""},"categories":[],"tags":[],"class_list":["post-17328","page","type-page","status-publish","has-post-thumbnail","hentry"],"acf":[],"yoast_head":"<!-- This site is optimized with the Yoast SEO plugin v15.7 - https:\/\/yoast.com\/wordpress\/plugins\/seo\/ -->\n<meta name=\"robots\" content=\"index, follow, max-snippet:-1, max-image-preview:large, max-video-preview:-1\" \/>\n<link rel=\"canonical\" href=\"https:\/\/irpp.org\/fr\/recherche\/basic-income-and-a-just-society-policy-choices-for-canadas-social-safety-net\/\" \/>\n<meta property=\"og:locale\" content=\"fr_FR\" \/>\n<meta property=\"og:type\" content=\"article\" \/>\n<meta property=\"og:title\" content=\"Basic Income and a Just Society: Policy Choices for Canada\u2019s Social Safety Net - IRPP\" \/>\n<meta property=\"og:description\" content=\"En th\u00e9orie, le revenu de base est un concept attrayant. Mais selon un nouvel ouvrage de l\u2019Institut de recherche en politiques publiques, la meilleure fa\u00e7on de rem\u00e9dier aux lacunes du filet social canadien r\u00e9side plut\u00f4t dans un ensemble d\u2019instruments de politiques. L\u2019ouvrage propose une \u00e9valuation particuli\u00e8rement exhaustive du revenu de base et en tire une [&hellip;]\" \/>\n<meta property=\"og:url\" content=\"https:\/\/irpp.org\/fr\/recherche\/basic-income-and-a-just-society-policy-choices-for-canadas-social-safety-net\/\" \/>\n<meta property=\"og:site_name\" content=\"IRPP\" \/>\n<meta property=\"article:publisher\" content=\"https:\/\/www.facebook.com\/IRPP.org\" \/>\n<meta property=\"article:modified_time\" content=\"2023-04-25T15:10:13+00:00\" \/>\n<meta property=\"og:image\" content=\"https:\/\/irpp.org\/wp-content\/uploads\/2023\/04\/UBI-Book-Cover.png\" \/>\n\t<meta property=\"og:image:width\" content=\"578\" \/>\n\t<meta property=\"og:image:height\" content=\"869\" \/>\n<meta name=\"twitter:card\" content=\"summary_large_image\" \/>\n<meta name=\"twitter:site\" content=\"@irpp\" \/>\n<meta name=\"twitter:label1\" content=\"Dur\u00e9e de lecture est.\">\n\t<meta name=\"twitter:data1\" content=\"1 minute\">\n<script type=\"application\/ld+json\" class=\"yoast-schema-graph\">{\"@context\":\"https:\/\/schema.org\",\"@graph\":[{\"@type\":\"WebSite\",\"@id\":\"https:\/\/irpp.org\/#website\",\"url\":\"https:\/\/irpp.org\/\",\"name\":\"IRPP\",\"description\":\"Institute for Research on Public Policy\",\"potentialAction\":[{\"@type\":\"SearchAction\",\"target\":\"https:\/\/irpp.org\/?s={search_term_string}\",\"query-input\":\"required name=search_term_string\"}],\"inLanguage\":\"fr-FR\"},{\"@type\":\"ImageObject\",\"@id\":\"https:\/\/irpp.org\/fr\/recherche\/basic-income-and-a-just-society-policy-choices-for-canadas-social-safety-net\/#primaryimage\",\"inLanguage\":\"fr-FR\",\"url\":\"https:\/\/irpp.org\/wp-content\/uploads\/2023\/04\/UBI-Book-Cover.png\",\"width\":578,\"height\":869,\"caption\":\"Cover of Basic Income and a Just Society\"},{\"@type\":\"WebPage\",\"@id\":\"https:\/\/irpp.org\/fr\/recherche\/basic-income-and-a-just-society-policy-choices-for-canadas-social-safety-net\/#webpage\",\"url\":\"https:\/\/irpp.org\/fr\/recherche\/basic-income-and-a-just-society-policy-choices-for-canadas-social-safety-net\/\",\"name\":\"Basic Income and a Just Society: Policy Choices for Canada\\u2019s Social Safety Net - IRPP\",\"isPartOf\":{\"@id\":\"https:\/\/irpp.org\/#website\"},\"primaryImageOfPage\":{\"@id\":\"https:\/\/irpp.org\/fr\/recherche\/basic-income-and-a-just-society-policy-choices-for-canadas-social-safety-net\/#primaryimage\"},\"datePublished\":\"2023-04-25T12:00:36+00:00\",\"dateModified\":\"2023-04-25T15:10:13+00:00\",\"inLanguage\":\"fr-FR\",\"potentialAction\":[{\"@type\":\"ReadAction\",\"target\":[\"https:\/\/irpp.org\/fr\/recherche\/basic-income-and-a-just-society-policy-choices-for-canadas-social-safety-net\/\"]}]}]}<\/script>\n<!-- \/ Yoast SEO plugin. -->","distributor_meta":false,"distributor_terms":false,"distributor_media":false,"distributor_original_site_name":"IRPP","distributor_original_site_url":"https:\/\/irpp.org\/fr\/","push-errors":false,"_links":{"self":[{"href":"https:\/\/irpp.org\/fr\/wp-json\/wp\/v2\/pages\/17328","targetHints":{"allow":["GET"]}}],"collection":[{"href":"https:\/\/irpp.org\/fr\/wp-json\/wp\/v2\/pages"}],"about":[{"href":"https:\/\/irpp.org\/fr\/wp-json\/wp\/v2\/types\/page"}],"author":[{"embeddable":true,"href":"https:\/\/irpp.org\/fr\/wp-json\/wp\/v2\/users\/865"}],"replies":[{"embeddable":true,"href":"https:\/\/irpp.org\/fr\/wp-json\/wp\/v2\/comments?post=17328"}],"version-history":[{"count":0,"href":"https:\/\/irpp.org\/fr\/wp-json\/wp\/v2\/pages\/17328\/revisions"}],"up":[{"embeddable":true,"href":"https:\/\/irpp.org\/fr\/wp-json\/wp\/v2\/pages\/9148"}],"wp:featuredmedia":[{"embeddable":true,"href":"https:\/\/irpp.org\/fr\/wp-json\/wp\/v2\/media\/17323"}],"wp:attachment":[{"href":"https:\/\/irpp.org\/fr\/wp-json\/wp\/v2\/media?parent=17328"}],"wp:term":[{"taxonomy":"category","embeddable":true,"href":"https:\/\/irpp.org\/fr\/wp-json\/wp\/v2\/categories?post=17328"},{"taxonomy":"post_tag","embeddable":true,"href":"https:\/\/irpp.org\/fr\/wp-json\/wp\/v2\/tags?post=17328"}],"curies":[{"name":"wp","href":"https:\/\/api.w.org\/{rel}","templated":true}]}}