{"id":17144,"date":"2023-03-28T17:16:45","date_gmt":"2023-03-28T21:16:45","guid":{"rendered":"https:\/\/irpp.org\/recherche\/building-new-foundations-for-economic-growth\/"},"modified":"2024-09-10T16:06:42","modified_gmt":"2024-09-10T20:06:42","slug":"refonder-la-croissance-economique-sur-de-nouvelles-bases","status":"publish","type":"page","link":"https:\/\/irpp.org\/fr\/recherche\/refonder-la-croissance-economique-sur-de-nouvelles-bases\/","title":{"rendered":"Refonder la croissance \u00e9conomique sur de nouvelles bases"},"content":{"rendered":"<p><span class=\"TextRun Highlight SCXW30241264 BCX0\" lang=\"FR-CA\" xml:lang=\"FR-CA\" data-contrast=\"none\"><span class=\"NormalTextRun SCXW30241264 BCX0\" data-ccp-charstyle=\"x_fluidplugincopy\" data-ccp-charstyle-defn=\"{&quot;ObjectId&quot;:&quot;db81df71-6578-4d75-b5f0-a5389c251425|7&quot;,&quot;ClassId&quot;:1073872969,&quot;Properties&quot;:[469775450,&quot;x_fluidplugincopy&quot;,201340122,&quot;1&quot;,134233614,&quot;true&quot;,469778129,&quot;xfluidplugincopy&quot;,335572020,&quot;1&quot;,469778324,&quot;Default Paragraph Font&quot;]}\">Des recherches \u00e0 l&rsquo;appui des d\u00e9cisions qui jett<\/span><span class=\"NormalTextRun SCXW30241264 BCX0\" data-ccp-charstyle=\"x_fluidplugincopy\">e<\/span><span class=\"NormalTextRun SCXW30241264 BCX0\" data-ccp-charstyle=\"x_fluidplugincopy\">nt les bases de la prosp\u00e9rit\u00e9 \u00e0 long terme du Canada<\/span> <span class=\"NormalTextRun SCXW30241264 BCX0\" data-ccp-charstyle=\"x_fluidplugincopy\">dans un contexte d&rsquo;<\/span><span class=\"NormalTextRun SCXW30241264 BCX0\" data-ccp-charstyle=\"x_fluidplugincopy\">\u00e9volution des forces g\u00e9opolitiques, de changements technologiques <\/span><span class=\"NormalTextRun SCXW30241264 BCX0\" data-ccp-charstyle=\"x_fluidplugincopy\">et d\u00e9mographiques,<\/span><span class=\"NormalTextRun SCXW30241264 BCX0\" data-ccp-charstyle=\"x_fluidplugincopy\"> de r\u00e9conciliation avec les peuples autochtones,<\/span><span class=\"NormalTextRun SCXW30241264 BCX0\" data-ccp-charstyle=\"x_fluidplugincopy\"> et <\/span><span class=\"NormalTextRun SCXW30241264 BCX0\" data-ccp-charstyle=\"x_fluidplugincopy\">en tenant compte des <\/span><span class=\"NormalTextRun SCXW30241264 BCX0\" data-ccp-charstyle=\"x_fluidplugincopy\">r\u00e9actions des d\u00e9cideurs politiques et des march\u00e9s face aux changements climatiques.<\/span><\/span><\/p>","protected":false},"excerpt":{"rendered":"<p>Des recherches \u00e0 l&rsquo;appui des d\u00e9cisions qui jettent les bases de la prosp\u00e9rit\u00e9 \u00e0 long terme du Canada dans un contexte d&rsquo;\u00e9volution des forces g\u00e9opolitiques, de changements technologiques et d\u00e9mographiques, de r\u00e9conciliation avec les peuples autochtones, et en tenant compte des r\u00e9actions des d\u00e9cideurs politiques et des march\u00e9s face aux changements climatiques.<\/p>\n","protected":false},"author":865,"featured_media":17877,"parent":9148,"menu_order":0,"comment_status":"closed","ping_status":"closed","template":"page-research-program.php","meta":{"content-type":"","footnotes":""},"categories":[887],"tags":[],"class_list":["post-17144","page","type-page","status-publish","has-post-thumbnail","hentry","category-research-initiatives"],"acf":[],"yoast_head":"<!-- This site is optimized with the Yoast SEO plugin v15.7 - https:\/\/yoast.com\/wordpress\/plugins\/seo\/ -->\n<meta name=\"description\" content=\"Des recherches \u00e0 l&#039;appui des d\u00e9cisions qui jettent les bases de la prosp\u00e9rit\u00e9 \u00e0 long terme du Canada.\" \/>\n<meta name=\"robots\" content=\"index, follow, max-snippet:-1, max-image-preview:large, max-video-preview:-1\" \/>\n<link rel=\"canonical\" href=\"https:\/\/irpp.org\/fr\/recherche\/refonder-la-croissance-economique-sur-de-nouvelles-bases\/\" \/>\n<meta property=\"og:locale\" content=\"fr_FR\" \/>\n<meta property=\"og:type\" content=\"article\" \/>\n<meta property=\"og:title\" content=\"Refonder la croissance \u00e9conomique sur de nouvelles bases - IRPP\" \/>\n<meta property=\"og:description\" content=\"Des recherches \u00e0 l&#039;appui des d\u00e9cisions qui jettent les bases de la prosp\u00e9rit\u00e9 \u00e0 long terme du Canada.\" \/>\n<meta property=\"og:url\" content=\"https:\/\/irpp.org\/fr\/recherche\/refonder-la-croissance-economique-sur-de-nouvelles-bases\/\" \/>\n<meta property=\"og:site_name\" content=\"IRPP\" \/>\n<meta property=\"article:publisher\" content=\"https:\/\/www.facebook.com\/IRPP.org\" \/>\n<meta property=\"article:modified_time\" content=\"2024-09-10T20:06:42+00:00\" \/>\n<meta property=\"og:image\" content=\"https:\/\/irpp.org\/wp-content\/uploads\/2023\/03\/Facebook-Building-new-foundations-for-economic-growth.jpg\" \/>\n\t<meta property=\"og:image:width\" content=\"1200\" \/>\n\t<meta property=\"og:image:height\" content=\"628\" \/>\n<meta name=\"twitter:card\" content=\"summary_large_image\" \/>\n<meta name=\"twitter:image\" content=\"https:\/\/irpp.org\/wp-content\/uploads\/2023\/03\/Twitter-Building-new-foundations-for-economic-growth.jpg\" \/>\n<meta name=\"twitter:site\" content=\"@irpp\" \/>\n<meta name=\"twitter:label1\" content=\"Dur\u00e9e de lecture est.\">\n\t<meta name=\"twitter:data1\" content=\"1 minute\">\n<script type=\"application\/ld+json\" class=\"yoast-schema-graph\">{\"@context\":\"https:\/\/schema.org\",\"@graph\":[{\"@type\":\"WebSite\",\"@id\":\"https:\/\/irpp.org\/#website\",\"url\":\"https:\/\/irpp.org\/\",\"name\":\"IRPP\",\"description\":\"Institute for Research on Public Policy\",\"potentialAction\":[{\"@type\":\"SearchAction\",\"target\":\"https:\/\/irpp.org\/?s={search_term_string}\",\"query-input\":\"required name=search_term_string\"}],\"inLanguage\":\"fr-FR\"},{\"@type\":\"ImageObject\",\"@id\":\"https:\/\/irpp.org\/fr\/recherche\/refonder-la-croissance-economique-sur-de-nouvelles-bases\/#primaryimage\",\"inLanguage\":\"fr-FR\",\"url\":\"https:\/\/irpp.org\/wp-content\/uploads\/2023\/10\/Building-new-foundations-for-economic-growth.jpg\",\"width\":1920,\"height\":1080},{\"@type\":\"WebPage\",\"@id\":\"https:\/\/irpp.org\/fr\/recherche\/refonder-la-croissance-economique-sur-de-nouvelles-bases\/#webpage\",\"url\":\"https:\/\/irpp.org\/fr\/recherche\/refonder-la-croissance-economique-sur-de-nouvelles-bases\/\",\"name\":\"Refonder la croissance \\u00e9conomique sur de nouvelles bases - IRPP\",\"isPartOf\":{\"@id\":\"https:\/\/irpp.org\/#website\"},\"primaryImageOfPage\":{\"@id\":\"https:\/\/irpp.org\/fr\/recherche\/refonder-la-croissance-economique-sur-de-nouvelles-bases\/#primaryimage\"},\"datePublished\":\"2023-03-28T21:16:45+00:00\",\"dateModified\":\"2024-09-10T20:06:42+00:00\",\"description\":\"Des recherches \\u00e0 l'appui des d\\u00e9cisions qui jettent les bases de la prosp\\u00e9rit\\u00e9 \\u00e0 long terme du Canada.\",\"inLanguage\":\"fr-FR\",\"potentialAction\":[{\"@type\":\"ReadAction\",\"target\":[\"https:\/\/irpp.org\/fr\/recherche\/refonder-la-croissance-economique-sur-de-nouvelles-bases\/\"]}]}]}<\/script>\n<!-- \/ Yoast SEO plugin. -->","distributor_meta":false,"distributor_terms":false,"distributor_media":false,"distributor_original_site_name":"IRPP","distributor_original_site_url":"https:\/\/irpp.org\/fr\/","push-errors":false,"_links":{"self":[{"href":"https:\/\/irpp.org\/fr\/wp-json\/wp\/v2\/pages\/17144","targetHints":{"allow":["GET"]}}],"collection":[{"href":"https:\/\/irpp.org\/fr\/wp-json\/wp\/v2\/pages"}],"about":[{"href":"https:\/\/irpp.org\/fr\/wp-json\/wp\/v2\/types\/page"}],"author":[{"embeddable":true,"href":"https:\/\/irpp.org\/fr\/wp-json\/wp\/v2\/users\/865"}],"replies":[{"embeddable":true,"href":"https:\/\/irpp.org\/fr\/wp-json\/wp\/v2\/comments?post=17144"}],"version-history":[{"count":0,"href":"https:\/\/irpp.org\/fr\/wp-json\/wp\/v2\/pages\/17144\/revisions"}],"up":[{"embeddable":true,"href":"https:\/\/irpp.org\/fr\/wp-json\/wp\/v2\/pages\/9148"}],"wp:featuredmedia":[{"embeddable":true,"href":"https:\/\/irpp.org\/fr\/wp-json\/wp\/v2\/media\/17877"}],"wp:attachment":[{"href":"https:\/\/irpp.org\/fr\/wp-json\/wp\/v2\/media?parent=17144"}],"wp:term":[{"taxonomy":"category","embeddable":true,"href":"https:\/\/irpp.org\/fr\/wp-json\/wp\/v2\/categories?post=17144"},{"taxonomy":"post_tag","embeddable":true,"href":"https:\/\/irpp.org\/fr\/wp-json\/wp\/v2\/tags?post=17144"}],"curies":[{"name":"wp","href":"https:\/\/api.w.org\/{rel}","templated":true}]}}