{"id":16188,"date":"2022-03-04T10:21:39","date_gmt":"2022-03-04T15:21:39","guid":{"rendered":"https:\/\/irpp.org\/50-years-of-trusted-research\/"},"modified":"2025-01-21T12:18:20","modified_gmt":"2025-01-21T17:18:20","slug":"50-years-of-trusted-research","status":"publish","type":"page","link":"https:\/\/irpp.org\/fr\/a-propos-de-lirpp\/50-years-of-trusted-research\/","title":{"rendered":"Notre histoire"},"content":{"rendered":"<p>Le discours du Tr\u00f4ne de 1968 d\u00e9clarait qu&rsquo;\u00ab il serait utile de mettre \u00e0 la disposition de tous les gouvernements un institut o\u00f9 l&rsquo;on pourrait mener des recherches et des r\u00e9flexions \u00e0 long terme sur les questions gouvernementales de toutes sortes \u00bb. Le gouvernement du premier ministre de l&rsquo;\u00e9poque, Pierre Trudeau, a not\u00e9 qu&rsquo;il \u00e9tait aux prises avec \u00ab des probl\u00e8mes difficiles et urgents concernant la jeunesse, la pauvret\u00e9, les disparit\u00e9s r\u00e9gionales, la croissance urbaine, le bien-\u00eatre individuel, ainsi que l&rsquo;application et l&rsquo;encouragement de la technologie scientifique \u00bb.<\/p>\n<p>L&rsquo;homme d&rsquo;affaires et \u00e9conomiste canadien Ronald Ritchie a \u00e9t\u00e9 charg\u00e9 d&rsquo;\u00e9tudier l&rsquo;id\u00e9e et, en 1969, il a produit un rapport proposant un groupe de r\u00e9flexion qui fonctionnerait ind\u00e9pendamment du gouvernement.<\/p>\n<p>\u00ab Nos institutions gouvernementales actuelles ont \u00e9t\u00e9 cr\u00e9\u00e9es pour une \u00e9poque et une soci\u00e9t\u00e9 qui pouvaient se permettre un processus de prise de d\u00e9cision plus tranquille. Cette \u00e9poque est aujourd&rsquo;hui r\u00e9volue \u00bb, a \u00e9crit M. Ritchie.<\/p>\n<p>L&rsquo;Institut de recherche en politiques publiques voit officiellement le jour en 1972, avec une dotation initiale du gouvernement f\u00e9d\u00e9ral et des dons des provinces et du secteur priv\u00e9. Le conseil d&rsquo;administration fondateur comprenait la journaliste Jeanne Sauv\u00e9 (qui devint plus tard gouverneur g\u00e9n\u00e9ral) et l&rsquo;ancien premier ministre de l&rsquo;Ontario John Robarts.<\/p>\n<p>L&rsquo;ancien pr\u00e9sident du conseil d&rsquo;administration de l&rsquo;IRPP, Robert Stanfield, \u00e9galement ancien premier ministre de la Nouvelle-\u00c9cosse et ancien chef du Parti progressiste-conservateur f\u00e9d\u00e9ral, a d\u00e9clar\u00e9 en 1983 : \u00ab Personne ne peut contester que nous vivons une \u00e9poque difficile, qui exige une sagesse peu commune de la part des dirigeants. Ils doivent faire face \u00e0 des probl\u00e8mes d&rsquo;une ampleur et d&rsquo;une complexit\u00e9 sans pr\u00e9c\u00e9dent. Mais des solutions sont possibles. Ce qu&rsquo;il faut &#8230; pour aider les d\u00e9cideurs \u00e0 trouver des r\u00e9ponses, c&rsquo;est de l&rsquo;information : une information appropri\u00e9e, d\u00e9livr\u00e9e au bon moment, aux bonnes personnes \u00bb.<\/p>\n<p>Au fil des ans, l&rsquo;IRPP a \u00e9t\u00e9 \u00e0 l&rsquo;avant-garde d&rsquo;importants d\u00e9bats politiques nationaux. Il a organis\u00e9 des conf\u00e9rences de haut niveau sur l&rsquo;environnement des ann\u00e9es avant le premier Sommet de la Terre des Nations unies. \u00c0 l&rsquo;\u00e9poque o\u00f9 les ordinateurs personnels faisaient leur apparition, nos chercheurs ont \u00e9tudi\u00e9 l&rsquo;impact de la technologie sur la soci\u00e9t\u00e9 et la main-d&rsquo;\u0153uvre. Les implications politiques de la diversit\u00e9 ethnique et culturelle sont un domaine d&rsquo;int\u00e9r\u00eat qui remonte aux ann\u00e9es 1970. Et notre longue histoire d&rsquo;\u00e9tude du fonctionnement de la f\u00e9d\u00e9ration a fait de l&rsquo;IRPP un forum naturel pour un d\u00e9bat constructif pendant les crises d&rsquo;unit\u00e9 nationale des ann\u00e9es 1980 et 1990.<\/p>\n<p>En 1980, nous avons lanc\u00e9 notre magazine bilingue phare, <em>Options politiques<\/em>. Son r\u00e9dacteur en chef fondateur \u00e9tait le l\u00e9gendaire journaliste et penseur politique Tom Kent. Dans son premier \u00e9ditorial, Kent \u00e9crivait qu&rsquo;il existait \u00ab un besoin non satisfait, ressenti par de nombreux Canadiens, d&rsquo;un magazine national couvrant l&rsquo;ensemble des pr\u00e9occupations politiques contemporaines \u00bb.<\/p>\n<p>Il a ajout\u00e9 que ce magazine devrait \u00ab encourager de nouvelles orientations et identifier les questions d&rsquo;importance \u00e0 long terme \u00bb. Aujourd&rsquo;hui, Options politiques compte plus de 2 millions de pages vues par an et para\u00eet la plupart des jours de la semaine.<\/p>\n<p>Notre travail sur les affaires intergouvernementales a conduit \u00e0 la cr\u00e9ation du Centre d&rsquo;excellence sur la F\u00e9d\u00e9ration canadienne en 2020, fond\u00e9 gr\u00e2ce \u00e0 une subvention de 10 millions de dollars du gouvernement f\u00e9d\u00e9ral.<\/p>\n<p>En 2022, l&rsquo;IRPP a c\u00e9l\u00e9br\u00e9 son 50e anniversaire en organisant une s\u00e9rie de tables rondes sur des questions politiques \u00e9mergentes, en collaboration avec neuf \u00e9coles de politique et d&rsquo;administration publiques \u00e0 travers le Canada. Pour cl\u00f4turer la c\u00e9l\u00e9bration, nous avons organis\u00e9 un gala \u00e0 Ottawa le 23 novembre 2022 qui a rassembl\u00e9 des d\u00e9cideurs politiques, des parlementaires, des chercheurs et des partenaires des secteurs priv\u00e9 et \u00e0 but non lucratif.<\/p>","protected":false},"excerpt":{"rendered":"<p>Le discours du Tr\u00f4ne de 1968 d\u00e9clarait qu&rsquo;\u00ab il serait utile de mettre \u00e0 la disposition de tous les gouvernements un institut o\u00f9 l&rsquo;on pourrait mener des recherches et des r\u00e9flexions \u00e0 long terme sur les questions gouvernementales de toutes sortes \u00bb. Le gouvernement du premier ministre de l&rsquo;\u00e9poque, Pierre Trudeau, a not\u00e9 qu&rsquo;il \u00e9tait [&hellip;]<\/p>\n","protected":false},"author":1,"featured_media":16461,"parent":9153,"menu_order":0,"comment_status":"closed","ping_status":"closed","template":"page-50th-anni.php","meta":{"content-type":"","footnotes":""},"categories":[],"tags":[],"class_list":["post-16188","page","type-page","status-publish","has-post-thumbnail","hentry"],"acf":[],"yoast_head":"<!-- This site is optimized with the Yoast SEO plugin v15.7 - https:\/\/yoast.com\/wordpress\/plugins\/seo\/ -->\n<meta name=\"robots\" content=\"index, follow, max-snippet:-1, max-image-preview:large, max-video-preview:-1\" \/>\n<link rel=\"canonical\" href=\"https:\/\/irpp.org\/fr\/a-propos-de-lirpp\/50-years-of-trusted-research\/\" \/>\n<meta property=\"og:locale\" content=\"fr_FR\" \/>\n<meta property=\"og:type\" content=\"article\" \/>\n<meta property=\"og:title\" content=\"Notre histoire - IRPP\" \/>\n<meta property=\"og:description\" content=\"Le discours du Tr\u00f4ne de 1968 d\u00e9clarait qu&rsquo;\u00ab il serait utile de mettre \u00e0 la disposition de tous les gouvernements un institut o\u00f9 l&rsquo;on pourrait mener des recherches et des r\u00e9flexions \u00e0 long terme sur les questions gouvernementales de toutes sortes \u00bb. Le gouvernement du premier ministre de l&rsquo;\u00e9poque, Pierre Trudeau, a not\u00e9 qu&rsquo;il \u00e9tait [&hellip;]\" \/>\n<meta property=\"og:url\" content=\"https:\/\/irpp.org\/fr\/a-propos-de-lirpp\/50-years-of-trusted-research\/\" \/>\n<meta property=\"og:site_name\" content=\"IRPP\" \/>\n<meta property=\"article:publisher\" content=\"https:\/\/www.facebook.com\/IRPP.org\" \/>\n<meta property=\"article:modified_time\" content=\"2025-01-21T17:18:20+00:00\" \/>\n<meta property=\"og:image\" content=\"https:\/\/irpp.org\/wp-content\/uploads\/2022\/05\/Trusted-research-Sound-decisions.jpg\" \/>\n\t<meta property=\"og:image:width\" content=\"2000\" \/>\n\t<meta property=\"og:image:height\" content=\"700\" \/>\n<meta name=\"twitter:card\" content=\"summary_large_image\" \/>\n<meta name=\"twitter:site\" content=\"@irpp\" \/>\n<meta name=\"twitter:label1\" content=\"Dur\u00e9e de lecture est.\">\n\t<meta name=\"twitter:data1\" content=\"3 minutes\">\n<script type=\"application\/ld+json\" class=\"yoast-schema-graph\">{\"@context\":\"https:\/\/schema.org\",\"@graph\":[{\"@type\":\"WebSite\",\"@id\":\"https:\/\/irpp.org\/#website\",\"url\":\"https:\/\/irpp.org\/\",\"name\":\"IRPP\",\"description\":\"Institute for Research on Public Policy\",\"potentialAction\":[{\"@type\":\"SearchAction\",\"target\":\"https:\/\/irpp.org\/?s={search_term_string}\",\"query-input\":\"required name=search_term_string\"}],\"inLanguage\":\"fr-FR\"},{\"@type\":\"ImageObject\",\"@id\":\"https:\/\/irpp.org\/fr\/a-propos-de-lirpp\/50-years-of-trusted-research\/#primaryimage\",\"inLanguage\":\"fr-FR\",\"url\":\"https:\/\/irpp.org\/wp-content\/uploads\/2022\/05\/Trusted-research-Sound-decisions.jpg\",\"width\":2000,\"height\":700},{\"@type\":\"WebPage\",\"@id\":\"https:\/\/irpp.org\/fr\/a-propos-de-lirpp\/50-years-of-trusted-research\/#webpage\",\"url\":\"https:\/\/irpp.org\/fr\/a-propos-de-lirpp\/50-years-of-trusted-research\/\",\"name\":\"Notre histoire - IRPP\",\"isPartOf\":{\"@id\":\"https:\/\/irpp.org\/#website\"},\"primaryImageOfPage\":{\"@id\":\"https:\/\/irpp.org\/fr\/a-propos-de-lirpp\/50-years-of-trusted-research\/#primaryimage\"},\"datePublished\":\"2022-03-04T15:21:39+00:00\",\"dateModified\":\"2025-01-21T17:18:20+00:00\",\"inLanguage\":\"fr-FR\",\"potentialAction\":[{\"@type\":\"ReadAction\",\"target\":[\"https:\/\/irpp.org\/fr\/a-propos-de-lirpp\/50-years-of-trusted-research\/\"]}]}]}<\/script>\n<!-- \/ Yoast SEO plugin. -->","distributor_meta":false,"distributor_terms":false,"distributor_media":false,"distributor_original_site_name":"IRPP","distributor_original_site_url":"https:\/\/irpp.org\/fr\/","push-errors":false,"_links":{"self":[{"href":"https:\/\/irpp.org\/fr\/wp-json\/wp\/v2\/pages\/16188","targetHints":{"allow":["GET"]}}],"collection":[{"href":"https:\/\/irpp.org\/fr\/wp-json\/wp\/v2\/pages"}],"about":[{"href":"https:\/\/irpp.org\/fr\/wp-json\/wp\/v2\/types\/page"}],"author":[{"embeddable":true,"href":"https:\/\/irpp.org\/fr\/wp-json\/wp\/v2\/users\/1"}],"replies":[{"embeddable":true,"href":"https:\/\/irpp.org\/fr\/wp-json\/wp\/v2\/comments?post=16188"}],"version-history":[{"count":0,"href":"https:\/\/irpp.org\/fr\/wp-json\/wp\/v2\/pages\/16188\/revisions"}],"up":[{"embeddable":true,"href":"https:\/\/irpp.org\/fr\/wp-json\/wp\/v2\/pages\/9153"}],"wp:featuredmedia":[{"embeddable":true,"href":"https:\/\/irpp.org\/fr\/wp-json\/wp\/v2\/media\/16461"}],"wp:attachment":[{"href":"https:\/\/irpp.org\/fr\/wp-json\/wp\/v2\/media?parent=16188"}],"wp:term":[{"taxonomy":"category","embeddable":true,"href":"https:\/\/irpp.org\/fr\/wp-json\/wp\/v2\/categories?post=16188"},{"taxonomy":"post_tag","embeddable":true,"href":"https:\/\/irpp.org\/fr\/wp-json\/wp\/v2\/tags?post=16188"}],"curies":[{"name":"wp","href":"https:\/\/api.w.org\/{rel}","templated":true}]}}