{"id":14665,"date":"2020-09-11T16:43:59","date_gmt":"2020-09-11T20:43:59","guid":{"rendered":"https:\/\/irpp.org\/recherche\/the-social-safety-net-for-working-age-adults\/"},"modified":"2023-03-29T16:23:19","modified_gmt":"2023-03-29T20:23:19","slug":"le-filet-social-des-adultes-en-age-de-travailler","status":"publish","type":"page","link":"https:\/\/irpp.org\/fr\/recherche\/le-filet-social-des-adultes-en-age-de-travailler\/","title":{"rendered":"Le filet social des adultes en \u00e2ge de travailler"},"content":{"rendered":"<p>Comme la plupart des \u00e9conomies avanc\u00e9es, le Canada doit continuellement trouver un \u00e9quilibre dans sa r\u00e9ponse \u00e0 trois d\u00e9fis cl\u00e9s : stimuler sa croissance, g\u00e9rer les risques de suppression et de polarisation des emplois, et assurer le partage \u00e9quitable des possibilit\u00e9s et avantages offerts \u00e0 ses citoyens. Au-del\u00e0 des politiques traditionnelles de soutien du revenu, ce programme de recherche adopte une d\u00e9finition \u00e9largie du filet social pour examiner divers programmes et politiques qui am\u00e9lioreraient les perspectives \u00e9conomiques, la s\u00e9curit\u00e9 du revenu et l\u2019inclusion des travailleurs canadiens. Ce programme de recherche a \u00e9t\u00e9 dirig\u00e9 par Colin Busby et est actuellement supervis\u00e9 par <a href=\"https:\/\/irpp.org\/fr\/people\/rachel-samson\/\">Rachel Samson<\/a>.<\/p>\n<p>Le programme est centr\u00e9 sur les th\u00e8mes suivants\u00a0:<\/p>\n<ul>\n<li>Rem\u00e9dier aux lacunes des programmes d\u2019assurance sociale et de transfert de revenus<\/li>\n<li>Renforcer les politiques actives du march\u00e9 du travail pour faciliter la transition vers d\u2019autres m\u00e9tiers et emplois<\/li>\n<li>Moderniser les r\u00e8gles, lois et institutions du march\u00e9 du travail<\/li>\n<\/ul>\n<p><strong>Recherches en cours<\/strong><\/p>\n<ul>\n<li>Ad\u00e9quation du revenu d\u2019assistance sociale et incitations au travail<\/li>\n<\/ul>\n<ul>\n<li>Assurance-emploi\u00a0: r\u00e8gles sur le travail en p\u00e9riode de prestations<\/li>\n<li>Dur\u00e9e de la p\u00e9riode des prestations d\u2019assurance-emploi<\/li>\n<li>Le statut d\u2019employ\u00e9 et son rapport au filet social<\/li>\n<li>Fixation des salaires, in\u00e9galit\u00e9s et travailleurs pauvres<\/li>\n<li>Options de r\u00e9forme des programmes de soutien du revenu sur le mod\u00e8le d\u2019un revenu de base<\/li>\n<li>Accessibilit\u00e9 au logement<\/li>\n<\/ul>","protected":false},"excerpt":{"rendered":"<p>Comme la plupart des \u00e9conomies avanc\u00e9es, le Canada doit continuellement trouver un \u00e9quilibre dans sa r\u00e9ponse \u00e0 trois d\u00e9fis cl\u00e9s : stimuler sa croissance, g\u00e9rer les risques de suppression et de polarisation des emplois, et assurer le partage \u00e9quitable des possibilit\u00e9s et avantages offerts \u00e0 ses citoyens. Au-del\u00e0 des politiques traditionnelles de soutien du revenu, [&hellip;]<\/p>\n","protected":false},"author":865,"featured_media":14660,"parent":9148,"menu_order":0,"comment_status":"closed","ping_status":"closed","template":"page-research-program.php","meta":{"content-type":"","footnotes":""},"categories":[98],"tags":[],"class_list":["post-14665","page","type-page","status-publish","has-post-thumbnail","hentry","category-research-programs-fr"],"acf":[],"yoast_head":"<!-- This site is optimized with the Yoast SEO plugin v15.7 - https:\/\/yoast.com\/wordpress\/plugins\/seo\/ -->\n<meta name=\"description\" content=\"This research program examines a range of policies and programs to promote economic opportunity, income security and inclusion for Canadian workers.\" \/>\n<meta name=\"robots\" content=\"index, follow, max-snippet:-1, max-image-preview:large, max-video-preview:-1\" \/>\n<link rel=\"canonical\" href=\"https:\/\/irpp.org\/fr\/recherche\/le-filet-social-des-adultes-en-age-de-travailler\/\" \/>\n<meta property=\"og:locale\" content=\"fr_FR\" \/>\n<meta property=\"og:type\" content=\"article\" \/>\n<meta property=\"og:title\" content=\"Le filet social des adultes en \u00e2ge de travailler - IRPP\" \/>\n<meta property=\"og:description\" content=\"This research program examines a range of policies and programs to promote economic opportunity, income security and inclusion for Canadian workers.\" \/>\n<meta property=\"og:url\" content=\"https:\/\/irpp.org\/fr\/recherche\/le-filet-social-des-adultes-en-age-de-travailler\/\" \/>\n<meta property=\"og:site_name\" content=\"IRPP\" \/>\n<meta property=\"article:publisher\" content=\"https:\/\/www.facebook.com\/IRPP.org\" \/>\n<meta property=\"article:modified_time\" content=\"2023-03-29T20:23:19+00:00\" \/>\n<meta property=\"og:image\" content=\"https:\/\/irpp.org\/wp-content\/uploads\/2020\/09\/Facebook-The-Social-Safety-Net-for-Working-Age-Adults.jpg\" \/>\n\t<meta property=\"og:image:width\" content=\"1200\" \/>\n\t<meta property=\"og:image:height\" content=\"628\" \/>\n<meta name=\"twitter:card\" content=\"summary_large_image\" \/>\n<meta name=\"twitter:image\" content=\"https:\/\/irpp.org\/wp-content\/uploads\/2020\/09\/Twitter-The-Social-Safety-Net-for-Working-Age-Adults.jpg\" \/>\n<meta name=\"twitter:site\" content=\"@irpp\" \/>\n<meta name=\"twitter:label1\" content=\"Dur\u00e9e de lecture est.\">\n\t<meta name=\"twitter:data1\" content=\"1 minute\">\n<script type=\"application\/ld+json\" class=\"yoast-schema-graph\">{\"@context\":\"https:\/\/schema.org\",\"@graph\":[{\"@type\":\"WebSite\",\"@id\":\"https:\/\/irpp.org\/#website\",\"url\":\"https:\/\/irpp.org\/\",\"name\":\"IRPP\",\"description\":\"Institute for Research on Public Policy\",\"potentialAction\":[{\"@type\":\"SearchAction\",\"target\":\"https:\/\/irpp.org\/?s={search_term_string}\",\"query-input\":\"required name=search_term_string\"}],\"inLanguage\":\"fr-FR\"},{\"@type\":\"ImageObject\",\"@id\":\"https:\/\/irpp.org\/fr\/recherche\/le-filet-social-des-adultes-en-age-de-travailler\/#primaryimage\",\"inLanguage\":\"fr-FR\",\"url\":\"https:\/\/irpp.org\/wp-content\/uploads\/2020\/09\/The-Social-Safety-Net-for-Working-Age-Adults.jpg\",\"width\":2000,\"height\":700},{\"@type\":\"WebPage\",\"@id\":\"https:\/\/irpp.org\/fr\/recherche\/le-filet-social-des-adultes-en-age-de-travailler\/#webpage\",\"url\":\"https:\/\/irpp.org\/fr\/recherche\/le-filet-social-des-adultes-en-age-de-travailler\/\",\"name\":\"Le filet social des adultes en \\u00e2ge de travailler - IRPP\",\"isPartOf\":{\"@id\":\"https:\/\/irpp.org\/#website\"},\"primaryImageOfPage\":{\"@id\":\"https:\/\/irpp.org\/fr\/recherche\/le-filet-social-des-adultes-en-age-de-travailler\/#primaryimage\"},\"datePublished\":\"2020-09-11T20:43:59+00:00\",\"dateModified\":\"2023-03-29T20:23:19+00:00\",\"description\":\"This research program examines a range of policies and programs to promote economic opportunity, income security and inclusion for Canadian workers.\",\"inLanguage\":\"fr-FR\",\"potentialAction\":[{\"@type\":\"ReadAction\",\"target\":[\"https:\/\/irpp.org\/fr\/recherche\/le-filet-social-des-adultes-en-age-de-travailler\/\"]}]}]}<\/script>\n<!-- \/ Yoast SEO plugin. -->","distributor_meta":false,"distributor_terms":false,"distributor_media":false,"distributor_original_site_name":"IRPP","distributor_original_site_url":"https:\/\/irpp.org\/fr\/","push-errors":false,"_links":{"self":[{"href":"https:\/\/irpp.org\/fr\/wp-json\/wp\/v2\/pages\/14665","targetHints":{"allow":["GET"]}}],"collection":[{"href":"https:\/\/irpp.org\/fr\/wp-json\/wp\/v2\/pages"}],"about":[{"href":"https:\/\/irpp.org\/fr\/wp-json\/wp\/v2\/types\/page"}],"author":[{"embeddable":true,"href":"https:\/\/irpp.org\/fr\/wp-json\/wp\/v2\/users\/865"}],"replies":[{"embeddable":true,"href":"https:\/\/irpp.org\/fr\/wp-json\/wp\/v2\/comments?post=14665"}],"version-history":[{"count":0,"href":"https:\/\/irpp.org\/fr\/wp-json\/wp\/v2\/pages\/14665\/revisions"}],"up":[{"embeddable":true,"href":"https:\/\/irpp.org\/fr\/wp-json\/wp\/v2\/pages\/9148"}],"wp:featuredmedia":[{"embeddable":true,"href":"https:\/\/irpp.org\/fr\/wp-json\/wp\/v2\/media\/14660"}],"wp:attachment":[{"href":"https:\/\/irpp.org\/fr\/wp-json\/wp\/v2\/media?parent=14665"}],"wp:term":[{"taxonomy":"category","embeddable":true,"href":"https:\/\/irpp.org\/fr\/wp-json\/wp\/v2\/categories?post=14665"},{"taxonomy":"post_tag","embeddable":true,"href":"https:\/\/irpp.org\/fr\/wp-json\/wp\/v2\/tags?post=14665"}],"curies":[{"name":"wp","href":"https:\/\/api.w.org\/{rel}","templated":true}]}}