{"id":14497,"date":"2020-06-18T13:59:48","date_gmt":"2020-06-18T17:59:48","guid":{"rendered":"https:\/\/irpp.org\/the-future-of-skills-and-adult-learning\/"},"modified":"2024-11-04T11:29:42","modified_gmt":"2024-11-04T16:29:42","slug":"les-competences-de-lavenir-et-lapprentissage-des-adultes","status":"publish","type":"page","link":"https:\/\/irpp.org\/fr\/recherche\/les-competences-de-lavenir-et-lapprentissage-des-adultes\/","title":{"rendered":"Les comp\u00e9tences de l\u2019avenir et l\u2019apprentissage des adultes"},"content":{"rendered":"<p>La mondialisation et les fortes pressions d\u00e9mographiques, environnementales et technologiques qui l\u2019accompagnent transforment en profondeur le march\u00e9 et la nature du travail. Comment soutenir les travailleurs qui doivent s\u2019adapter \u00e0 ces transformations ? L\u2019une des mesures les plus souvent pr\u00e9conis\u00e9es consiste \u00e0 investir dans le d\u00e9veloppement des comp\u00e9tences, ce qui suppose un syst\u00e8me d\u2019\u00e9ducation r\u00e9actif et des politiques soigneusement con\u00e7ues et actualis\u00e9es. Ce programme de recherche a \u00e9valu\u00e9 d\u2019un \u0153il critique les programmes d\u2019enseignement et de formation des adultes, tout en proposant les \u00e9l\u00e9ments d\u2019un \u00e9cosyst\u00e8me de formation plus efficace et proactif qui favorise la r\u00e9silience de la main-d\u2019\u0153uvre.<\/p>","protected":false},"excerpt":{"rendered":"<p>La mondialisation et les fortes pressions d\u00e9mographiques, environnementales et technologiques qui l\u2019accompagnent transforment en profondeur le march\u00e9 et la nature du travail. Comment soutenir les travailleurs qui doivent s\u2019adapter \u00e0 ces transformations ? L\u2019une des mesures les plus souvent pr\u00e9conis\u00e9es consiste \u00e0 investir dans le d\u00e9veloppement des comp\u00e9tences, ce qui suppose un syst\u00e8me d\u2019\u00e9ducation r\u00e9actif [&hellip;]<\/p>\n","protected":false},"author":865,"featured_media":14494,"parent":9148,"menu_order":3,"comment_status":"closed","ping_status":"closed","template":"page-research-program.php","meta":{"content-type":"","footnotes":""},"categories":[98],"tags":[],"class_list":["post-14497","page","type-page","status-publish","has-post-thumbnail","hentry","category-research-programs-fr"],"acf":[],"yoast_head":"<!-- This site is optimized with the Yoast SEO plugin v15.7 - https:\/\/yoast.com\/wordpress\/plugins\/seo\/ -->\n<meta name=\"robots\" content=\"index, follow, max-snippet:-1, max-image-preview:large, max-video-preview:-1\" \/>\n<link rel=\"canonical\" href=\"https:\/\/irpp.org\/fr\/recherche\/les-competences-de-lavenir-et-lapprentissage-des-adultes\/\" \/>\n<meta property=\"og:locale\" content=\"fr_FR\" \/>\n<meta property=\"og:type\" content=\"article\" \/>\n<meta property=\"og:title\" content=\"Les comp\u00e9tences de l\u2019avenir et l\u2019apprentissage des adultes - IRPP\" \/>\n<meta property=\"og:description\" content=\"La mondialisation et les fortes pressions d\u00e9mographiques, environnementales et technologiques qui l\u2019accompagnent transforment en profondeur le march\u00e9 et la nature du travail. Comment soutenir les travailleurs qui doivent s\u2019adapter \u00e0 ces transformations ? L\u2019une des mesures les plus souvent pr\u00e9conis\u00e9es consiste \u00e0 investir dans le d\u00e9veloppement des comp\u00e9tences, ce qui suppose un syst\u00e8me d\u2019\u00e9ducation r\u00e9actif [&hellip;]\" \/>\n<meta property=\"og:url\" content=\"https:\/\/irpp.org\/fr\/recherche\/les-competences-de-lavenir-et-lapprentissage-des-adultes\/\" \/>\n<meta property=\"og:site_name\" content=\"IRPP\" \/>\n<meta property=\"article:publisher\" content=\"https:\/\/www.facebook.com\/IRPP.org\" \/>\n<meta property=\"article:modified_time\" content=\"2024-11-04T16:29:42+00:00\" \/>\n<meta property=\"og:image\" content=\"https:\/\/irpp.org\/wp-content\/uploads\/2020\/06\/Facebook-The-Future-of-Skills-and-Adult-Learning.jpg\" \/>\n\t<meta property=\"og:image:width\" content=\"1200\" \/>\n\t<meta property=\"og:image:height\" content=\"628\" \/>\n<meta name=\"twitter:card\" content=\"summary_large_image\" \/>\n<meta name=\"twitter:image\" content=\"https:\/\/irpp.org\/wp-content\/uploads\/2020\/06\/Twitter-The-Future-of-Skills-and-Adult-Learning.jpg\" \/>\n<meta name=\"twitter:site\" content=\"@irpp\" \/>\n<meta name=\"twitter:label1\" content=\"Dur\u00e9e de lecture est.\">\n\t<meta name=\"twitter:data1\" content=\"1 minute\">\n<script type=\"application\/ld+json\" class=\"yoast-schema-graph\">{\"@context\":\"https:\/\/schema.org\",\"@graph\":[{\"@type\":\"WebSite\",\"@id\":\"https:\/\/irpp.org\/#website\",\"url\":\"https:\/\/irpp.org\/\",\"name\":\"IRPP\",\"description\":\"Institute for Research on Public Policy\",\"potentialAction\":[{\"@type\":\"SearchAction\",\"target\":\"https:\/\/irpp.org\/?s={search_term_string}\",\"query-input\":\"required name=search_term_string\"}],\"inLanguage\":\"fr-FR\"},{\"@type\":\"ImageObject\",\"@id\":\"https:\/\/irpp.org\/fr\/recherche\/les-competences-de-lavenir-et-lapprentissage-des-adultes\/#primaryimage\",\"inLanguage\":\"fr-FR\",\"url\":\"https:\/\/irpp.org\/wp-content\/uploads\/2020\/06\/Facebook-The-Future-of-Skills-and-Adult-Learning.jpg\",\"width\":1200,\"height\":628},{\"@type\":\"WebPage\",\"@id\":\"https:\/\/irpp.org\/fr\/recherche\/les-competences-de-lavenir-et-lapprentissage-des-adultes\/#webpage\",\"url\":\"https:\/\/irpp.org\/fr\/recherche\/les-competences-de-lavenir-et-lapprentissage-des-adultes\/\",\"name\":\"Les comp\\u00e9tences de l\\u2019avenir et l\\u2019apprentissage des adultes - IRPP\",\"isPartOf\":{\"@id\":\"https:\/\/irpp.org\/#website\"},\"primaryImageOfPage\":{\"@id\":\"https:\/\/irpp.org\/fr\/recherche\/les-competences-de-lavenir-et-lapprentissage-des-adultes\/#primaryimage\"},\"datePublished\":\"2020-06-18T17:59:48+00:00\",\"dateModified\":\"2024-11-04T16:29:42+00:00\",\"inLanguage\":\"fr-FR\",\"potentialAction\":[{\"@type\":\"ReadAction\",\"target\":[\"https:\/\/irpp.org\/fr\/recherche\/les-competences-de-lavenir-et-lapprentissage-des-adultes\/\"]}]}]}<\/script>\n<!-- \/ Yoast SEO plugin. -->","distributor_meta":false,"distributor_terms":false,"distributor_media":false,"distributor_original_site_name":"IRPP","distributor_original_site_url":"https:\/\/irpp.org\/fr\/","push-errors":false,"_links":{"self":[{"href":"https:\/\/irpp.org\/fr\/wp-json\/wp\/v2\/pages\/14497","targetHints":{"allow":["GET"]}}],"collection":[{"href":"https:\/\/irpp.org\/fr\/wp-json\/wp\/v2\/pages"}],"about":[{"href":"https:\/\/irpp.org\/fr\/wp-json\/wp\/v2\/types\/page"}],"author":[{"embeddable":true,"href":"https:\/\/irpp.org\/fr\/wp-json\/wp\/v2\/users\/865"}],"replies":[{"embeddable":true,"href":"https:\/\/irpp.org\/fr\/wp-json\/wp\/v2\/comments?post=14497"}],"version-history":[{"count":0,"href":"https:\/\/irpp.org\/fr\/wp-json\/wp\/v2\/pages\/14497\/revisions"}],"up":[{"embeddable":true,"href":"https:\/\/irpp.org\/fr\/wp-json\/wp\/v2\/pages\/9148"}],"wp:featuredmedia":[{"embeddable":true,"href":"https:\/\/irpp.org\/fr\/wp-json\/wp\/v2\/media\/14494"}],"wp:attachment":[{"href":"https:\/\/irpp.org\/fr\/wp-json\/wp\/v2\/media?parent=14497"}],"wp:term":[{"taxonomy":"category","embeddable":true,"href":"https:\/\/irpp.org\/fr\/wp-json\/wp\/v2\/categories?post=14497"},{"taxonomy":"post_tag","embeddable":true,"href":"https:\/\/irpp.org\/fr\/wp-json\/wp\/v2\/tags?post=14497"}],"curies":[{"name":"wp","href":"https:\/\/api.w.org\/{rel}","templated":true}]}}