{"id":12588,"date":"2018-10-24T10:50:33","date_gmt":"2018-10-24T14:50:33","guid":{"rendered":"http:\/\/irpp.org\/join-irpp-e-mail-list\/"},"modified":"2018-10-24T12:33:49","modified_gmt":"2018-10-24T16:33:49","slug":"join-irpp-e-mail-list","status":"publish","type":"page","link":"https:\/\/irpp.org\/fr\/join-irpp-e-mail-list\/","title":{"rendered":"Inscription \u00e0 la liste d&rsquo;envoi de l\u2019IRPP"},"content":{"rendered":"<p>Pour recevoir nos avis de publication et les invitations \u00e0 nos conf\u00e9rences, veuillez remplir le formulaire ci-dessous. Vous pouvez retirer votre nom de nos listes d\u2019envoi \u00e0 tout moment. L\u2019IRPP s\u2019engage \u00e0 prot\u00e9ger les renseignements personnels, conform\u00e9ment \u00e0 sa\u00a0<a href=\"https:\/\/irpp.org\/fr\/privacy-policy\/\" target=\"_blank\" rel=\"noopener\">politique de confidentialit\u00e9<\/a>.<\/p>\n<p><!-- Begin Mailchimp Signup Form -->\n<link href=\"\/\/cdn-images.mailchimp.com\/embedcode\/classic-10_7.css\" rel=\"stylesheet\" type=\"text\/css\">\n<style type=\"text\/css\">\n\t#mc_embed_signup{background:#fff; clear:left; font:14px Helvetica,Arial,sans-serif;  width:730px;}\n\t\/* Add your own Mailchimp form style overrides in your site stylesheet or in this style block.\n\t   We recommend moving this block and the preceding CSS link to the HEAD of your HTML file. *\/\n<\/style>\n<div id=\"mc_embed_signup\">\n<form action=\"https:\/\/irpp.us7.list-manage.com\/subscribe\/post?u=f538f283d07ef7057a628bed8&amp;id=e1408f7694\" method=\"post\" id=\"mc-embedded-subscribe-form\" name=\"mc-embedded-subscribe-form\" class=\"validate\" target=\"_blank\" novalidate>\n<div id=\"mc_embed_signup_scroll\">\n<div class=\"indicates-required\"><span class=\"asterisk\">*<\/span> indicates required<\/div>\n<div class=\"mc-field-group\">\n\t<label for=\"mce-EMAIL\">E-mail address | Adresse courriel  <span class=\"asterisk\">*<\/span><br \/>\n<\/label><br \/>\n\t<input type=\"email\" value=\"\" name=\"EMAIL\" class=\"required email\" id=\"mce-EMAIL\">\n<\/div>\n<div class=\"mc-field-group\">\n\t<label for=\"mce-MMERGE1\">First name | Pr\u00e9nom  <span class=\"asterisk\">*<\/span><br \/>\n<\/label><br \/>\n\t<input type=\"text\" value=\"\" name=\"MMERGE1\" class=\"required\" id=\"mce-MMERGE1\">\n<\/div>\n<div class=\"mc-field-group\">\n\t<label for=\"mce-MMERGE2\">Last name | Nom <\/label><br \/>\n\t<input type=\"text\" value=\"\" name=\"MMERGE2\" class=\"\" id=\"mce-MMERGE2\">\n<\/div>\n<div class=\"mc-field-group\">\n\t<label for=\"mce-MMERGE3\">Title | Fonction  <span class=\"asterisk\">*<\/span><br \/>\n<\/label><br \/>\n\t<input type=\"text\" value=\"\" name=\"MMERGE3\" class=\"required\" id=\"mce-MMERGE3\">\n<\/div>\n<div class=\"mc-field-group\">\n\t<label for=\"mce-MMERGE4\">Organization | Organisation  <span class=\"asterisk\">*<\/span><br \/>\n<\/label><br \/>\n\t<input type=\"text\" value=\"\" name=\"MMERGE4\" class=\"required\" id=\"mce-MMERGE4\">\n<\/div>\n<div class=\"mc-field-group\">\n\t<label for=\"mce-MMERGE5\">City | Ville  <span class=\"asterisk\">*<\/span><br \/>\n<\/label><br \/>\n\t<input type=\"text\" value=\"\" name=\"MMERGE5\" class=\"required\" id=\"mce-MMERGE5\">\n<\/div>\n<div class=\"mc-field-group\">\n\t<label for=\"mce-MMERGE11\">Province  <span class=\"asterisk\">*<\/span><br \/>\n<\/label><br \/>\n\t<select name=\"MMERGE11\" class=\"required\" id=\"mce-MMERGE11\"><option value=\"\"><\/option><option value=\"AB\">AB<\/option><option value=\"BC\">BC<\/option><option value=\"MB\">MB<\/option><option value=\"NB\">NB<\/option><option value=\"NL\">NL<\/option><option value=\"NT\">NT<\/option><option value=\"NS\">NS<\/option><option value=\"NU\">NU<\/option><option value=\"ON\">ON<\/option><option value=\"PE\">PE<\/option><option value=\"QC\">QC<\/option><option value=\"SK\">SK<\/option><option value=\"YT\">YT<\/option><option value=\"Other | Autre\">Other | Autre<\/option><\/select>\n<\/div>\n<div class=\"mc-field-group\">\n\t<label for=\"mce-MMERGE7\">Phone number | Num\u00e9ro de t\u00e9l\u00e9phone <\/label><br \/>\n\t<input type=\"text\" value=\"\" name=\"MMERGE7\" class=\"\" id=\"mce-MMERGE7\">\n<\/div>\n<div class=\"mc-field-group input-group\">\n    <strong>Language |  Langue  <span class=\"asterisk\">*<\/span><br \/>\n<\/strong><\/p>\n<ul>\n<li><input type=\"radio\" value=\"English\" name=\"MMERGE10\" id=\"mce-MMERGE10-0\"><label for=\"mce-MMERGE10-0\">English<\/label><\/li>\n<li><input type=\"radio\" value=\"Fran\u00e7ais\" name=\"MMERGE10\" id=\"mce-MMERGE10-1\"><label for=\"mce-MMERGE10-1\">Fran\u00e7ais<\/label><\/li>\n<\/ul>\n<\/div>\n<div class=\"mc-field-group input-group\">\n    <strong>Interest | Domaines d\u2019int\u00e9r\u00eat <\/strong><\/p>\n<ul>\n<li><input type=\"checkbox\" value=\"1\" name=\"group[6277][1]\" id=\"mce-group[6277]-6277-0\"><label for=\"mce-group[6277]-6277-0\">Economy and labour market | \u00c9conomie et march\u00e9 du travail<\/label><\/li>\n<li><input type=\"checkbox\" value=\"2\" name=\"group[6277][2]\" id=\"mce-group[6277]-6277-1\"><label for=\"mce-group[6277]-6277-1\">Population aging and pensions | Vieillissement de la population et pensions<\/label><\/li>\n<li><input type=\"checkbox\" value=\"4\" name=\"group[6277][4]\" id=\"mce-group[6277]-6277-2\"><label for=\"mce-group[6277]-6277-2\">Immigration and diversity | Immigration et diversit\u00e9<\/label><\/li>\n<li><input type=\"checkbox\" value=\"8\" name=\"group[6277][8]\" id=\"mce-group[6277]-6277-3\"><label for=\"mce-group[6277]-6277-3\">Canada\u2019s changing federal community | \u00c9volution de la communaut\u00e9 f\u00e9d\u00e9rale canadienne<\/label><\/li>\n<li><input type=\"checkbox\" value=\"16\" name=\"group[6277][16]\" id=\"mce-group[6277]-6277-4\"><label for=\"mce-group[6277]-6277-4\">Unlocking demand for innovation | La demande, levier de l\u2019innovation<\/label><\/li>\n<\/ul>\n<\/div>\n<div id=\"mce-responses\" class=\"clear\">\n<div class=\"response\" id=\"mce-error-response\" style=\"display:none\"><\/div>\n<div class=\"response\" id=\"mce-success-response\" style=\"display:none\"><\/div>\n<\/p><\/div>\n<p>    <!-- real people should not fill this in and expect good things - do not remove this or risk form bot signups--><\/p>\n<div style=\"position: absolute; left: -5000px;\" aria-hidden=\"true\"><input type=\"text\" name=\"b_f538f283d07ef7057a628bed8_e1408f7694\" tabindex=\"-1\" value=\"\"><\/div>\n<div class=\"clear\"><input type=\"submit\" value=\"Subscribe\" name=\"subscribe\" id=\"mc-embedded-subscribe\" class=\"button\"><\/div>\n<\/p><\/div>\n<\/form>\n<\/div>\n<p><!--End mc_embed_signup--><\/p>","protected":false},"excerpt":{"rendered":"<p>Pour recevoir nos avis de publication et les invitations \u00e0 nos conf\u00e9rences, veuillez remplir le formulaire ci-dessous. Vous pouvez retirer votre nom de nos listes d\u2019envoi \u00e0 tout moment. L\u2019IRPP s\u2019engage \u00e0 prot\u00e9ger les renseignements personnels, conform\u00e9ment \u00e0 sa\u00a0politique de confidentialit\u00e9. * indicates required E-mail address | Adresse courriel * First name | Pr\u00e9nom * [&hellip;]<\/p>\n","protected":false},"author":865,"featured_media":12591,"parent":0,"menu_order":0,"comment_status":"closed","ping_status":"closed","template":"","meta":{"content-type":"","footnotes":""},"categories":[],"tags":[],"class_list":["post-12588","page","type-page","status-publish","has-post-thumbnail","hentry"],"acf":[],"yoast_head":"<!-- This site is optimized with the Yoast SEO plugin v15.7 - https:\/\/yoast.com\/wordpress\/plugins\/seo\/ -->\n<meta name=\"description\" content=\"Pour recevoir nos avis de publication et les invitations \u00e0 nos conf\u00e9rences, veuillez remplir ce formulaire.\" \/>\n<meta name=\"robots\" content=\"index, follow, max-snippet:-1, max-image-preview:large, max-video-preview:-1\" \/>\n<link rel=\"canonical\" href=\"https:\/\/irpp.org\/fr\/join-irpp-e-mail-list\/\" \/>\n<meta property=\"og:locale\" content=\"fr_FR\" \/>\n<meta property=\"og:type\" content=\"article\" \/>\n<meta property=\"og:title\" content=\"Inscription \u00e0 la liste d&#039;envoi de l\u2019IRPP\" \/>\n<meta property=\"og:description\" content=\"Pour recevoir nos avis de publication et les invitations \u00e0 nos conf\u00e9rences, veuillez remplir ce formulaire.\" \/>\n<meta property=\"og:url\" content=\"https:\/\/irpp.org\/fr\/join-irpp-e-mail-list\/\" \/>\n<meta property=\"og:site_name\" content=\"IRPP\" \/>\n<meta property=\"article:publisher\" content=\"https:\/\/www.facebook.com\/IRPP.org\" \/>\n<meta property=\"article:modified_time\" content=\"2018-10-24T16:33:49+00:00\" \/>\n<meta name=\"twitter:card\" content=\"summary_large_image\" \/>\n<meta name=\"twitter:image\" content=\"https:\/\/irpp.org\/wp-content\/uploads\/2018\/10\/Twitter-IRPP-Email.jpg\" \/>\n<meta name=\"twitter:site\" content=\"@irpp\" \/>\n<meta name=\"twitter:label1\" content=\"Dur\u00e9e de lecture est.\">\n\t<meta name=\"twitter:data1\" content=\"1 minute\">\n<script type=\"application\/ld+json\" class=\"yoast-schema-graph\">{\"@context\":\"https:\/\/schema.org\",\"@graph\":[{\"@type\":\"WebSite\",\"@id\":\"https:\/\/irpp.org\/#website\",\"url\":\"https:\/\/irpp.org\/\",\"name\":\"IRPP\",\"description\":\"Institute for Research on Public Policy\",\"potentialAction\":[{\"@type\":\"SearchAction\",\"target\":\"https:\/\/irpp.org\/?s={search_term_string}\",\"query-input\":\"required name=search_term_string\"}],\"inLanguage\":\"fr-FR\"},{\"@type\":\"ImageObject\",\"@id\":\"https:\/\/irpp.org\/fr\/join-irpp-e-mail-list\/#primaryimage\",\"inLanguage\":\"fr-FR\",\"url\":\"https:\/\/irpp.org\/wp-content\/uploads\/2018\/10\/IRPP-Email.jpg\",\"width\":2000,\"height\":700},{\"@type\":\"WebPage\",\"@id\":\"https:\/\/irpp.org\/fr\/join-irpp-e-mail-list\/#webpage\",\"url\":\"https:\/\/irpp.org\/fr\/join-irpp-e-mail-list\/\",\"name\":\"Inscription \\u00e0 la liste d'envoi de l\\u2019IRPP\",\"isPartOf\":{\"@id\":\"https:\/\/irpp.org\/#website\"},\"primaryImageOfPage\":{\"@id\":\"https:\/\/irpp.org\/fr\/join-irpp-e-mail-list\/#primaryimage\"},\"datePublished\":\"2018-10-24T14:50:33+00:00\",\"dateModified\":\"2018-10-24T16:33:49+00:00\",\"description\":\"Pour recevoir nos avis de publication et les invitations \\u00e0 nos conf\\u00e9rences, veuillez remplir ce formulaire.\",\"inLanguage\":\"fr-FR\",\"potentialAction\":[{\"@type\":\"ReadAction\",\"target\":[\"https:\/\/irpp.org\/fr\/join-irpp-e-mail-list\/\"]}]}]}<\/script>\n<!-- \/ Yoast SEO plugin. -->","distributor_meta":false,"distributor_terms":false,"distributor_media":false,"distributor_original_site_name":"IRPP","distributor_original_site_url":"https:\/\/irpp.org\/fr\/","push-errors":false,"_links":{"self":[{"href":"https:\/\/irpp.org\/fr\/wp-json\/wp\/v2\/pages\/12588","targetHints":{"allow":["GET"]}}],"collection":[{"href":"https:\/\/irpp.org\/fr\/wp-json\/wp\/v2\/pages"}],"about":[{"href":"https:\/\/irpp.org\/fr\/wp-json\/wp\/v2\/types\/page"}],"author":[{"embeddable":true,"href":"https:\/\/irpp.org\/fr\/wp-json\/wp\/v2\/users\/865"}],"replies":[{"embeddable":true,"href":"https:\/\/irpp.org\/fr\/wp-json\/wp\/v2\/comments?post=12588"}],"version-history":[{"count":0,"href":"https:\/\/irpp.org\/fr\/wp-json\/wp\/v2\/pages\/12588\/revisions"}],"wp:featuredmedia":[{"embeddable":true,"href":"https:\/\/irpp.org\/fr\/wp-json\/wp\/v2\/media\/12591"}],"wp:attachment":[{"href":"https:\/\/irpp.org\/fr\/wp-json\/wp\/v2\/media?parent=12588"}],"wp:term":[{"taxonomy":"category","embeddable":true,"href":"https:\/\/irpp.org\/fr\/wp-json\/wp\/v2\/categories?post=12588"},{"taxonomy":"post_tag","embeddable":true,"href":"https:\/\/irpp.org\/fr\/wp-json\/wp\/v2\/tags?post=12588"}],"curies":[{"name":"wp","href":"https:\/\/api.w.org\/{rel}","templated":true}]}}