{"id":11851,"date":"2018-05-15T11:16:24","date_gmt":"2018-05-15T15:16:24","guid":{"rendered":"http:\/\/irpp.org\/?page_id=11851"},"modified":"2023-03-27T17:17:42","modified_gmt":"2023-03-27T21:17:42","slug":"la-demande-levier-de-linnovation","status":"publish","type":"page","link":"https:\/\/irpp.org\/fr\/recherche\/la-demande-levier-de-linnovation\/","title":{"rendered":"La demande, levier de l\u2019innovation"},"content":{"rendered":"<p>L\u2019\u00e9cart entre les r\u00e9sultats remarquables de la recherche scientifique au Canada et la pi\u00e8tre performance du pays en mati\u00e8re d\u2019innovation est souvent qualifi\u00e9 de \u00ab paradoxe de l\u2019innovation \u00bb. Ce programme de recherche vise \u00e0 mieux comprendre les processus d\u2019innovation dans l\u2019\u00e9conomie canadienne du point de vue des entreprises et en \u00e9valuer les implications pour la politique d\u2019innovation. Il s\u2019int\u00e9resse prioritairement \u00e0 la demande d\u2019innovation et au r\u00f4le que peut jouer le gouvernement pour favoriser son essor.<\/p>\n<p>Le programme est centr\u00e9 sur les th\u00e8mes suivants :<\/p>\n<ul>\n<li>Raison d\u2019\u00eatre d\u2019un changement de paradigme dans la politique d\u2019innovation canadienne<\/li>\n<li>Liens entre productivit\u00e9 et innovation<\/li>\n<li>Importance des technologies num\u00e9riques et leur adoption par les entreprises<\/li>\n<li>R\u00f4le des grappes, r\u00e9seaux et \u00e9cosyst\u00e8mes d\u2019innovation<\/li>\n<li>Protection de la propri\u00e9t\u00e9 intellectuelle et rendement de l\u2019innovation<\/li>\n<li>Processus et dynamiques d\u2019innovation dans les secteurs cl\u00e9s de l\u2019\u00e9conomie<\/li>\n<li>Mesures du rendement de l\u2019innovation et besoins de nouveaux param\u00e8tres<\/li>\n<\/ul>\n<p><strong>Recherches ant\u00e9rieurs\u00a0<\/strong><\/p>\n<ul>\n<li>R\u00e9orientation des politiques d\u2019innovation : de l\u2019offre \u00e0 la demande d\u2019innovation<\/li>\n<li>Examen du plan d\u2019innovation du Canada<\/li>\n<li>R\u00f4le du r\u00e9gime de propri\u00e9t\u00e9 intellectuelle pour am\u00e9liorer les gains d\u2019innovation<\/li>\n<li>Opportunit\u00e9s \u00e0 saisir en mati\u00e8re de technologies num\u00e9riques<\/li>\n<\/ul>","protected":false},"excerpt":{"rendered":"<p>L\u2019\u00e9cart entre les r\u00e9sultats remarquables de la recherche scientifique au Canada et la pi\u00e8tre performance du pays en mati\u00e8re d\u2019innovation est souvent qualifi\u00e9 de \u00ab paradoxe de l\u2019innovation \u00bb. Ce programme de recherche vise \u00e0 mieux comprendre les processus d\u2019innovation dans l\u2019\u00e9conomie canadienne du point de vue des entreprises et en \u00e9valuer les implications pour [&hellip;]<\/p>\n","protected":false},"author":1,"featured_media":11853,"parent":9148,"menu_order":2,"comment_status":"closed","ping_status":"closed","template":"page-research-program.php","meta":{"content-type":"","footnotes":""},"categories":[98],"tags":[],"class_list":["post-11851","page","type-page","status-publish","has-post-thumbnail","hentry","category-research-programs-fr"],"acf":[],"yoast_head":"<!-- This site is optimized with the Yoast SEO plugin v15.7 - https:\/\/yoast.com\/wordpress\/plugins\/seo\/ -->\n<meta name=\"description\" content=\"Ce programme de recherche vise \u00e0 mieux comprendre les processus d\u2019innovation dans l\u2019\u00e9conomie canadienne.\" \/>\n<meta name=\"robots\" content=\"index, follow, max-snippet:-1, max-image-preview:large, max-video-preview:-1\" \/>\n<link rel=\"canonical\" href=\"https:\/\/irpp.org\/fr\/recherche\/la-demande-levier-de-linnovation\/\" \/>\n<meta property=\"og:locale\" content=\"fr_FR\" \/>\n<meta property=\"og:type\" content=\"article\" \/>\n<meta property=\"og:title\" content=\"La demande, levier de l\u2019innovation\" \/>\n<meta property=\"og:description\" content=\"Ce programme de recherche vise \u00e0 mieux comprendre les processus d\u2019innovation dans l\u2019\u00e9conomie canadienne.\" \/>\n<meta property=\"og:url\" content=\"https:\/\/irpp.org\/fr\/recherche\/la-demande-levier-de-linnovation\/\" \/>\n<meta property=\"og:site_name\" content=\"IRPP\" \/>\n<meta property=\"article:publisher\" content=\"https:\/\/www.facebook.com\/IRPP.org\" \/>\n<meta property=\"article:modified_time\" content=\"2023-03-27T21:17:42+00:00\" \/>\n<meta property=\"og:image\" content=\"https:\/\/irpp.org\/wp-content\/uploads\/2018\/05\/innovation.jpg\" \/>\n\t<meta property=\"og:image:width\" content=\"2000\" \/>\n\t<meta property=\"og:image:height\" content=\"700\" \/>\n<meta name=\"twitter:card\" content=\"summary_large_image\" \/>\n<meta name=\"twitter:site\" content=\"@irpp\" \/>\n<meta name=\"twitter:label1\" content=\"Dur\u00e9e de lecture est.\">\n\t<meta name=\"twitter:data1\" content=\"1 minute\">\n<script type=\"application\/ld+json\" class=\"yoast-schema-graph\">{\"@context\":\"https:\/\/schema.org\",\"@graph\":[{\"@type\":\"WebSite\",\"@id\":\"https:\/\/irpp.org\/#website\",\"url\":\"https:\/\/irpp.org\/\",\"name\":\"IRPP\",\"description\":\"Institute for Research on Public Policy\",\"potentialAction\":[{\"@type\":\"SearchAction\",\"target\":\"https:\/\/irpp.org\/?s={search_term_string}\",\"query-input\":\"required name=search_term_string\"}],\"inLanguage\":\"fr-FR\"},{\"@type\":\"ImageObject\",\"@id\":\"https:\/\/irpp.org\/fr\/recherche\/la-demande-levier-de-linnovation\/#primaryimage\",\"inLanguage\":\"fr-FR\",\"url\":\"https:\/\/irpp.org\/wp-content\/uploads\/2018\/05\/innovation.jpg\",\"width\":2000,\"height\":700},{\"@type\":\"WebPage\",\"@id\":\"https:\/\/irpp.org\/fr\/recherche\/la-demande-levier-de-linnovation\/#webpage\",\"url\":\"https:\/\/irpp.org\/fr\/recherche\/la-demande-levier-de-linnovation\/\",\"name\":\"La demande, levier de l\\u2019innovation\",\"isPartOf\":{\"@id\":\"https:\/\/irpp.org\/#website\"},\"primaryImageOfPage\":{\"@id\":\"https:\/\/irpp.org\/fr\/recherche\/la-demande-levier-de-linnovation\/#primaryimage\"},\"datePublished\":\"2018-05-15T15:16:24+00:00\",\"dateModified\":\"2023-03-27T21:17:42+00:00\",\"description\":\"Ce programme de recherche vise \\u00e0 mieux comprendre les processus d\\u2019innovation dans l\\u2019\\u00e9conomie canadienne.\",\"inLanguage\":\"fr-FR\",\"potentialAction\":[{\"@type\":\"ReadAction\",\"target\":[\"https:\/\/irpp.org\/fr\/recherche\/la-demande-levier-de-linnovation\/\"]}]}]}<\/script>\n<!-- \/ Yoast SEO plugin. -->","distributor_meta":false,"distributor_terms":false,"distributor_media":false,"distributor_original_site_name":"IRPP","distributor_original_site_url":"https:\/\/irpp.org\/fr\/","push-errors":false,"_links":{"self":[{"href":"https:\/\/irpp.org\/fr\/wp-json\/wp\/v2\/pages\/11851","targetHints":{"allow":["GET"]}}],"collection":[{"href":"https:\/\/irpp.org\/fr\/wp-json\/wp\/v2\/pages"}],"about":[{"href":"https:\/\/irpp.org\/fr\/wp-json\/wp\/v2\/types\/page"}],"author":[{"embeddable":true,"href":"https:\/\/irpp.org\/fr\/wp-json\/wp\/v2\/users\/1"}],"replies":[{"embeddable":true,"href":"https:\/\/irpp.org\/fr\/wp-json\/wp\/v2\/comments?post=11851"}],"version-history":[{"count":0,"href":"https:\/\/irpp.org\/fr\/wp-json\/wp\/v2\/pages\/11851\/revisions"}],"up":[{"embeddable":true,"href":"https:\/\/irpp.org\/fr\/wp-json\/wp\/v2\/pages\/9148"}],"wp:featuredmedia":[{"embeddable":true,"href":"https:\/\/irpp.org\/fr\/wp-json\/wp\/v2\/media\/11853"}],"wp:attachment":[{"href":"https:\/\/irpp.org\/fr\/wp-json\/wp\/v2\/media?parent=11851"}],"wp:term":[{"taxonomy":"category","embeddable":true,"href":"https:\/\/irpp.org\/fr\/wp-json\/wp\/v2\/categories?post=11851"},{"taxonomy":"post_tag","embeddable":true,"href":"https:\/\/irpp.org\/fr\/wp-json\/wp\/v2\/tags?post=11851"}],"curies":[{"name":"wp","href":"https:\/\/api.w.org\/{rel}","templated":true}]}}